{"id":31559,"date":"2025-03-28T13:50:32","date_gmt":"2025-03-28T05:50:32","guid":{"rendered":"https:\/\/plasticbagmachine.ae\/product\/%d9%85%d8%a7%d9%83%d9%8a%d9%86%d8%a9-%d8%b5%d9%86%d8%b9-%d8%a7%d9%84%d8%a3%d9%83%d9%8a%d8%a7%d8%b3-%d8%a7%d9%84%d9%88%d8%a7%d9%82%d9%81%d8%a9-%d8%b0%d8%a7%d8%aa-%d8%a7%d9%84%d8%b3%d9%88%d8%b3%d8%aa"},"modified":"2025-03-28T13:50:32","modified_gmt":"2025-03-28T05:50:32","slug":"%d9%85%d8%a7%d9%83%d9%8a%d9%86%d8%a9-%d8%b5%d9%86%d8%b9-%d8%a7%d9%84%d8%a3%d9%83%d9%8a%d8%a7%d8%b3-%d8%a7%d9%84%d9%88%d8%a7%d9%82%d9%81%d8%a9-%d8%b0%d8%a7%d8%aa-%d8%a7%d9%84%d8%b3%d9%88%d8%b3%d8%aa","status":"publish","type":"product","link":"https:\/\/plasticbagmachine.ae\/ar\/product\/%D9%85%D8%A7%D9%83%D9%8A%D9%86%D8%A9-%D8%B5%D9%86%D8%B9-%D8%A7%D9%84%D8%A3%D9%83%D9%8A%D8%A7%D8%B3-%D8%A7%D9%84%D9%88%D8%A7%D9%82%D9%81%D8%A9-%D8%B0%D8%A7%D8%AA-%D8%A7%D9%84%D8%B3%D9%88%D8%B3%D8%AA","title":{"rendered":"\u0645\u0627\u0643\u064a\u0646\u0629 \u0635\u0646\u0639 \u0627\u0644\u0623\u0643\u064a\u0627\u0633 \u0627\u0644\u0648\u0627\u0642\u0641\u0629 \u0630\u0627\u062a \u0627\u0644\u0633\u0648\u0633\u062a\u0629 \u0627\u0644\u0645\u0627\u0646\u0639\u0629 \u0644\u0644\u062a\u0633\u0631\u0628 \u062b\u0644\u0627\u062b\u064a\u0629 \u0627\u0644\u062c\u0648\u0627\u0646\u0628"},"content":{"rendered":"<div class=\"ProductAttr\">\n<div class=\"ProductAttrItem\">\n<div class=\"ProductAttr-title\">\u0645\u0627\u0643\u064a\u0646\u0629 \u0635\u0646\u0639 \u0627\u0644\u0623\u0643\u064a\u0627\u0633 \u0627\u0644\u0648\u0627\u0642\u0641\u0629 \u0630\u0627\u062a \u0627\u0644\u0633\u0648\u0633\u062a\u0629 \u0627\u0644\u0645\u0627\u0646\u0639\u0629 \u0644\u0644\u062a\u0633\u0631\u0628 \u062b\u0644\u0627\u062b\u064a\u0629 \u0627\u0644\u062c\u0648\u0627\u0646\u0628<\/div>\n<\/div>\n<\/div>\n<div class=\"product-tab-desc\">\n<p><strong>\u0622\u0644\u0629 \u0635\u0646\u0639 \u0627\u0644\u0623\u0643\u064a\u0627\u0633 \u0627\u0644\u062f\u0627\u0626\u0645\u0629 \u0630\u0627\u062a \u0627\u0644\u0633\u0648\u0633\u062a\u0629 \u0627\u0644\u0645\u0627\u0646\u0639\u0629 \u0644\u0644\u062a\u0633\u0631\u0628 \u062b\u0644\u0627\u062b\u064a\u0629 \u0627\u0644\u062c\u0648\u0627\u0646\u0628<\/strong><strong> (<\/strong><strong>\u062b\u0644\u0627\u062b\u0629<\/strong><strong> <\/strong><strong>\u0645\u062d\u0631\u0643 \u0645\u0624\u0627\u0632\u0631<\/strong><strong> \u0627\u0644\u0645\u062d\u0631\u0643<\/strong><strong>\uff09<\/strong><\/p>\n<p><strong>\u0645\u0646\u0627\u0633\u0628 \u0644\u0625\u0646\u062a\u0627\u062c \u0623\u0643\u064a\u0627\u0633 \u063a\u0634\u0627\u0621 \u0645\u063a\u0644\u0641\u0629 \u0630\u0627\u062a \u0637\u0628\u0642\u062a\u064a\u0646 \u0623\u0648 \u0645\u062a\u0639\u062f\u062f \u0627\u0644\u0637\u0628\u0642\u0627\u062a \u062b\u0644\u0627\u062b\u064a\u0629 \u0627\u0644\u062c\u0648\u0627\u0646\u0628 \u0645\u0639 \u0633\u062d\u0627\u0628 \u0644\u0644\u0625\u063a\u0644\u0627\u0642 \u0648<\/strong><strong> \u0627\u0644\u0642\u0627\u0639<\/strong><strong> <\/strong><strong>\u0642\u0627\u0626\u0645\u0629 \u0628\u0630\u0627\u062a\u0647\u0627<\/strong><strong> \u0648\u0638\u064a\u0641\u0629 \u0627\u0644\u062a\u064a \u062a\u0623\u062e\u0630 BOPR PET\u060c \u0648 CPR PE\u060c \u0648\u0627\u0644\u0646\u0627\u064a\u0644\u0648\u0646\u060c \u0648\u0631\u0642\u0627\u0626\u0642 \u0627\u0644\u0623\u0644\u0648\u0645\u0646\u064a\u0648\u0645 \u0648\u0627\u0644\u0648\u0631\u0642 \u0643\u0645\u0627\u062f\u0629 \u0623\u0633\u0627\u0633\u064a\u0629. <\/strong><strong>\u062a\u062a\u0645\u064a\u0632 \u0647\u0630\u0647 \u0627\u0644\u0622\u0644\u0629 \u0628\u0645\u0632\u0627\u064a\u0627 <\/strong><strong>\u0627\u0644\u062a\u0634\u063a\u064a\u0644<\/strong><strong>\u0627\u0644\u062a\u0634\u063a\u064a\u0644 \u0627\u0644\u0633\u0644\u0633\u060c \u0627\u0644\u0645\u0646\u062a\u062c \u0627\u0644\u0633\u0644\u0633\u060c \u0627\u0644\u0645\u0638\u0647\u0631 \u0627\u0644\u062c\u0645\u064a\u0644\u060c \u062e\u062a\u0645 \u0627\u0644\u062d\u0627\u0641\u0629 \u0627\u0644\u062d\u0631\u0627\u0631\u064a\u0629 \u0639\u0627\u0644\u064a\u0629 \u0627\u0644\u0642\u0648\u0629 \u0648\u0633\u0631\u0639\u0629 \u0635\u0646\u0639 \u0627\u0644\u0623\u0643\u064a\u0627\u0633 \u0627\u0644\u0639\u0627\u0644\u064a\u0629\u060c \u0625\u0646\u0647\u0627 \u0646\u0648\u0639 \u0645\u0646 \u0627\u0644\u0645\u0639\u062f\u0627\u062a \u0627\u0644\u0645\u062b\u0627\u0644\u064a\u0629 \u0644\u062a\u0639\u0628\u0626\u0629 \u0648\u0635\u0646\u0639 \u0627\u0644\u0623\u0643\u064a\u0627\u0633.<\/strong><strong> <\/strong><\/p>\n<ol>\n<li>\u064a\u062a\u0645 \u0627\u0644\u062a\u062d\u0643\u0645 \u0641\u064a \u0627\u0644\u0645\u0627\u0643\u064a\u0646\u0629 \u0628\u0623\u0643\u0645\u0644\u0647\u0627 \u0628\u0648\u0627\u0633\u0637\u0629 \u0646\u0638\u0627\u0645 \u062a\u062d\u0643\u0645 PLC \u0645\u0631\u0643\u0632\u064a PLC \u0645\u0639 \u0622\u0644\u0629 \u0628\u0634\u0631\u064a\u0629. \u0623\u062f\u0627\u0621 \u0623\u0643\u062b\u0631 \u0627\u0633\u062a\u0642\u0631\u0627\u0631\u064b\u0627 \u0648\u0633\u0647\u0648\u0644\u0629 \u0641\u064a \u0627\u0644\u062a\u0634\u063a\u064a\u0644 \u0648\u0627\u0644\u0635\u064a\u0627\u0646\u0629. \u064a\u0645\u0643\u0646 \u062a\u063a\u064a\u064a\u0631 \u0644\u063a\u0629 \u0627\u0644\u0648\u0627\u062c\u0647\u0629 \u0627\u0644\u0635\u064a\u0646\u064a\u0629 \u0648\u0627\u0644\u0625\u0646\u062c\u0644\u064a\u0632\u064a\u0629 \u0628\u0633\u0647\u0648\u0644\u0629.  <\/li>\n<li>\u0627\u0644\u062a\u062d\u0643\u0645 \u0627\u0644\u062a\u0644\u0642\u0627\u0626\u064a \u0627\u0644\u0645\u0633\u062a\u0645\u0631 \u0641\u064a \u0627\u0644\u0634\u062f \u0627\u0644\u062a\u0644\u0642\u0627\u0626\u064a \u0644\u0644\u0641\u0643\u060c \u0648\u062d\u062f\u0629 \u0627\u0644\u062a\u062d\u0643\u0645 \u0641\u064a \u0645\u0648\u0636\u0639 \u062d\u0627\u0641\u0629 EPC\u060c \u0627\u0644\u062a\u063a\u0630\u064a\u0629 \u0627\u0644\u062a\u0644\u0642\u0627\u0626\u064a\u0629 \u0644\u0644\u0645\u0648\u0627\u062f \u0628\u0633\u0631\u0639\u0629 \u062b\u0627\u0628\u062a\u0629 \u0644\u0639\u0627\u0643\u0633 \u0627\u0644\u062a\u064a\u0627\u0631 \u0627\u0644\u0645\u062a\u0631\u062f\u062f.<\/li>\n<li>\u0646\u0638\u0627\u0645 \u062a\u062d\u0643\u0645 \u0641\u064a \u0633\u062d\u0628 \u0627\u0644\u0645\u0648\u0627\u062f \u0628\u0645\u062d\u0631\u0643 \u0645\u0624\u0627\u0632\u0631 \u0645\u0632\u062f\u0648\u062c \u0645\u0633\u062a\u0648\u0631\u062f \u0628\u0645\u062d\u0631\u0643 \u0645\u0624\u0627\u0632\u0631 \u0645\u0632\u062f\u0648\u062c.<\/li>\n<li>\u0645\u062d\u0631\u0643 \u0631\u0626\u064a\u0633\u064a \u0644\u0644\u0625\u063a\u0644\u0627\u0642 \u0645\u0646 \u0623\u0639\u0644\u0649 \u0644\u0623\u0633\u0641\u0644 \u0648\u0627\u0644\u0643\u0628\u0633 \u0645\u0632\u0648\u062f \u0628\u0639\u0627\u0643\u0633.<\/li>\n<li>PID \u0644\u0636\u0628\u0637 \u062f\u0631\u062c\u0629 \u062d\u0631\u0627\u0631\u0629 \u0634\u0631\u064a\u0637 \u0627\u0644\u062e\u062a\u0645\u060c \u0648\u0627\u0644\u062a\u062d\u0643\u0645 \u0627\u0644\u062a\u0644\u0642\u0627\u0626\u064a \u0628\u062f\u0648\u0646 \u0644\u0645\u0633\u060c \u0648\u0627\u0644\u0625\u0639\u062f\u0627\u062f \u0627\u0644\u0645\u0631\u0643\u0632\u064a \u0641\u064a \u0648\u0627\u062c\u0647\u0629 \u0627\u0644\u0625\u0646\u0633\u0627\u0646 \u0648\u0627\u0644\u0622\u0644\u0629.<\/li>\n<li>\u0645\u062c\u0647\u0632 \u0628\u062c\u0647\u0627\u0632 \u062a\u062b\u0642\u064a\u0628 \u062a\u0644\u0642\u0627\u0626\u064a \u0645\u062a\u0639\u062f\u062f \u0627\u0644\u0648\u0638\u0627\u0626\u0641 \u064a\u0639\u0645\u0644 \u0628\u0627\u0644\u0647\u0648\u0627\u0621 \u0627\u0644\u0645\u0636\u063a\u0648\u0637\u060c \u0648\u0642\u0635 \u0627\u0644\u0642\u0637\u0639 \u0648\u0625\u0639\u0627\u062f\u0629 \u0627\u0644\u0644\u0641 \u0627\u0644\u062a\u0644\u0642\u0627\u0626\u064a \u0648\u0645\u0632\u064a\u0644 \u0627\u0644\u0643\u0647\u0631\u0628\u0627\u0621 \u0627\u0644\u0633\u0627\u0643\u0646\u0629.<\/li>\n<li>\u0646\u0637\u0627\u0642 \u0636\u0628\u0637 \u062f\u0631\u062c\u0629 \u0627\u0644\u062d\u0631\u0627\u0631\u0629: 0~300\u00b0C.<\/li>\n<li>\u0627\u0644\u0639\u062f\u0627\u062f: \u0627\u0644\u0643\u0645\u064a\u0629\u060c \u0648\u062a\u0631\u0627\u0643\u0645 \u0627\u0644\u062f\u0641\u0639\u0627\u062a\u060c \u0648\u0627\u0644\u0625\u0639\u062f\u0627\u062f \u0627\u0644\u0645\u0633\u0628\u0642 \u0645\u062a\u0627\u062d.<\/li>\n<li>\u0637\u0631\u064a\u0642\u0629 \u0627\u0644\u062a\u0634\u063a\u064a\u0644: \u0639\u0646 \u0637\u0631\u064a\u0642 \u0627\u0644\u062a\u062d\u0643\u0645 \u0641\u064a \u062a\u062b\u0628\u064a\u062a \u0627\u0644\u0637\u0648\u0644 \u0648\/\u0623\u0648 \u0639\u0646 \u0637\u0631\u064a\u0642 \u0627\u0644\u062a\u062d\u0643\u0645 \u0641\u064a \u062a\u062a\u0628\u0639 \u0627\u0644\u062e\u0644\u064a\u0629 \u0627\u0644\u0636\u0648\u0626\u064a\u0629.<\/li>\n<li>\u062c\u0647\u0627\u0632 \u0627\u0644\u062a\u062b\u0642\u064a\u0628: \u064a\u0645\u0643\u0646 \u0636\u0628\u0637 \u0625\u064a\u0642\u0627\u0639 \u0627\u0644\u0639\u0645\u0644 \u0645\u0633\u0628\u0642\u064b\u0627 \u0639\u0644\u0649 \u0623\u0646\u0647 \u0645\u0633\u062a\u0645\u0631 \u0623\u0648 \u0641\u0627\u0635\u0644 \u0632\u0645\u0646\u064a \u0623\u0648 \u062a\u0648\u0642\u0641\u060c \u0648\u064a\u0645\u0643\u0646 \u0636\u0628\u0637 \u0648\u0642\u062a \u0627\u0644\u062a\u062b\u0642\u064a\u0628 \u0645\u0633\u0628\u0642\u064b\u0627.<\/li>\n<li>\u062a\u063a\u0630\u064a\u0629 \u062a\u062e\u0637\u064a \u0627\u0644\u0645\u0648\u0627\u062f: \u0645\u0646 \u0645\u0631\u0629 \u0625\u0644\u0649 \u0633\u062a \u0645\u0631\u0627\u062a \u0645\u062a\u0648\u0641\u0631\u0629.<\/li>\n<li>\u0648\u0638\u064a\u0641\u0629 \u0627\u0644\u0646\u0642\u0644 \u0639\u0644\u0649 \u062f\u0641\u0639\u0627\u062a \u0645\u062a\u0627\u062d\u0629\u060c \u064a\u0645\u0643\u0646 \u0636\u0628\u0637 \u0643\u0645\u064a\u0629 \u0627\u0644\u062f\u0641\u0639\u0629 \u0645\u0633\u0628\u0642\u064b\u0627.<\/li>\n<\/ol>\n<div><img decoding=\"async\" src=\"https:\/\/plasticbagmachine.ae\/wp-content\/uploads\/2025\/05\/zippouchbagmachines.jpg\" width=\"500\"><\/div>\n<div><\/div>\n<div><img decoding=\"async\" src=\"https:\/\/plasticbagmachine.ae\/wp-content\/uploads\/2025\/05\/zippouchbag.jpg\" width=\"500\"><\/div>\n<p><img fetchpriority=\"high\" decoding=\"async\" src=\"https:\/\/plasticbagmachine.ae\/wp-content\/uploads\/2025\/05\/pouchbagwithziplockstandupbagmachine.jpg\" width=\"493\" height=\"493\"><br \/>\n\u0627\u0644\u0645\u062a\u063a\u064a\u0631\u0627\u062a \u0627\u0644\u0641\u0646\u064a\u0629 \u0627\u0644\u0631\u0626\u064a\u0633\u064a\u0629:<\/p>\n<div>\n<div>\n<table>\n<tbody>\n<tr>\n<td width=\"189\"><\/td>\n<td width=\"189\">KDZD-E600<\/td>\n<\/tr>\n<tr>\n<td width=\"189\">\u0627\u0644\u062d\u062f \u0627\u0644\u0623\u0642\u0635\u0649 \u0644\u0642\u0637\u0631 \u0645\u0627\u062f\u0629 \u0627\u0644\u0644\u0641\u0627\u0641\u0629<\/td>\n<td width=\"189\">600 \u0645\u0645<\/td>\n<\/tr>\n<tr>\n<td width=\"189\">\u0623\u0642\u0635\u0649 \u0639\u0631\u0636 \u0644\u0645\u0627\u062f\u0629 \u0627\u0644\u0644\u0641\u0627\u0641\u0629<\/td>\n<td width=\"189\">1250 \u0645\u0645<\/td>\n<\/tr>\n<tr>\n<td width=\"189\">\u0627\u0644\u0633\u0639\u0629 \u0627\u0644\u0642\u0635\u0648\u0649<\/td>\n<td width=\"189\">160 \u0642\u0633\u0645\/\u0627\u0644\u062f\u0642\u064a\u0642\u0629 \uff08\u0642\u0637\u0639\u0629\/\u0645\u0644\u0645\uff09<\/td>\n<\/tr>\n<tr>\n<td width=\"189\">\u0627\u0644\u0633\u0631\u0639\u0629 \u0627\u0644\u0645\u064a\u0643\u0627\u0646\u064a\u0643\u064a\u0629 \u0627\u0644\u0642\u0635\u0648\u0649<\/td>\n<td width=\"189\">35 \u0645\u062a\u0631\/\u062f\u0642\u064a\u0642\u0629<\/td>\n<\/tr>\n<tr>\n<td width=\"189\">\u0623\u0642\u0635\u0649 \u0639\u0631\u0636 \u0644\u0635\u0646\u0639 \u0627\u0644\u0623\u0643\u064a\u0627\u0633<\/td>\n<td width=\"189\">600 \u0645\u0645<\/td>\n<\/tr>\n<tr>\n<td width=\"189\">\u0637\u0648\u0644 \u0635\u0646\u0639 \u0627\u0644\u0643\u064a\u0633<\/td>\n<td width=\"189\">50-2400 \u0645\u0645<\/td>\n<\/tr>\n<tr>\n<td width=\"189\">\u0625\u062c\u0645\u0627\u0644\u064a \u0627\u0644\u0637\u0627\u0642\u0629<\/td>\n<td width=\"189\">65 \u0643\u064a\u0644\u0648 \u0648\u0627\u0637<\/td>\n<\/tr>\n<tr>\n<td width=\"189\">\u0627\u0644\u0648\u0632\u0646<\/td>\n<td width=\"189\">7500 \u0643\u062c\u0645<\/td>\n<\/tr>\n<tr>\n<td width=\"189\">\u0623\u0628\u0639\u0627\u062f \u0627\u0644\u0645\u062e\u0637\u0637 \u0627\u0644\u062a\u0641\u0635\u064a\u0644\u064a<\/td>\n<td width=\"189\">12500 \u00d7 2500 \u00d7 2500 \u00d7 1900 \u0645\u0645<\/td>\n<\/tr>\n<\/tbody>\n<\/table>\n<div>\n<p>\u0625\u0630\u0627 \u0642\u0645\u062a \u0628\u0634\u0631\u0627\u0621 \u0622\u0644\u0629 \u0648\u0627\u062d\u062f\u0629 \u0641\u0642\u0637\u060c \u0641\u0633\u0646\u0642\u0648\u0645 \u0628\u062a\u0639\u0628\u0626\u0629 \u0627\u0644\u0645\u0627\u0643\u064a\u0646\u0629 \u0628\u062d\u0632\u0645\u0629 \u062e\u0634\u0628\u064a\u0629\u060c \u0648\u062a\u062d\u0645\u064a\u0644 \u0627\u0644\u062d\u0627\u0648\u064a\u0629 \u0645\u0639<strong> <\/strong><strong>\u0623\u0642\u0644 \u0645\u0646 \u062d\u0645\u0648\u0644\u0629 \u0627\u0644\u062d\u0627\u0648\u064a\u0629 \uff08LCLL\uff09.<\/strong><\/p>\n<p><strong><img decoding=\"async\" src=\"https:\/\/plasticbagmachine.ae\/wp-content\/uploads\/2025\/05\/machinewithwoodenpack.jpg\" width=\"500\"><\/strong><\/p>\n<p>\u0644\u062f\u064a\u0646\u0627 \u0645\u062a\u0639\u0627\u0648\u0646 \u0627\u0644\u0623\u062c\u0632\u0627\u0621 \u0627\u0644\u0631\u0626\u064a\u0633\u064a\u0629 \u0644\u062f\u064a\u0646\u0627 \u0643\u0639\u0644\u0627\u0645\u0629 \u062a\u062c\u0627\u0631\u064a\u0629 \u062a\u0627\u0644\u064a\u0629\u060c \u0648\u0644\u0643\u0646 \u0627\u0644\u0623\u062c\u0632\u0627\u0621 \u0627\u0644\u0642\u064a\u0627\u0633\u064a\u0629 \u0643\u0644\u0647\u0627 \u0645\u0635\u0646\u0648\u0639\u0629 \u0645\u0646 \u0627\u0644\u0635\u064a\u0646.<\/p>\n<p><img decoding=\"async\" src=\"https:\/\/plasticbagmachine.ae\/wp-content\/uploads\/2025\/05\/machinepartssupplier.jpg\" alt=\"\u0645\u062d\u0644\u0648\u0644 \u0642\u0637\u0639 \u063a\u064a\u0627\u0631 \u0645\u0627\u0643\u064a\u0646\u0627\u062a \u0627\u0644\u0623\u0643\u064a\u0627\u0633 \u0627\u0644\u0628\u0644\u0627\u0633\u062a\u064a\u0643\u064a\u0629\" width=\"500\"><\/p>\n<p><img decoding=\"async\" src=\"https:\/\/plasticbagmachine.ae\/wp-content\/uploads\/2025\/05\/plastic-bag-machine-supplier.jpg\" alt=\"\u0645\u0648\u0631\u062f \u0645\u0627\u0643\u064a\u0646\u0627\u062a \u0627\u0644\u0623\u0643\u064a\u0627\u0633 \u0627\u0644\u0628\u0644\u0627\u0633\u062a\u064a\u0643\u064a\u0629.jpg\"><\/p>\n<p><img decoding=\"async\" src=\"https:\/\/plasticbagmachine.ae\/wp-content\/uploads\/2025\/05\/Plastic-bag-machine-factory.jpg\" alt=\"\u0645\u0635\u0646\u0639 \u0645\u0627\u0643\u064a\u0646\u0627\u062a \u0627\u0644\u0623\u0643\u064a\u0627\u0633 \u0627\u0644\u0628\u0644\u0627\u0633\u062a\u064a\u0643\u064a\u0629\" width=\"489\" height=\"496\"><\/p>\n<p><img decoding=\"async\" src=\"https:\/\/plasticbagmachine.ae\/wp-content\/uploads\/2025\/05\/plasticbagmachinesolution.jpg\" alt=\"\u0645\u062d\u0644\u0648\u0644 \u0622\u0644\u0629 \u0627\u0644\u0623\u0643\u064a\u0627\u0633 \u0627\u0644\u0628\u0644\u0627\u0633\u062a\u064a\u0643\u064a\u0629\" width=\"500\"><\/p>\n<p><img decoding=\"async\" src=\"https:\/\/plasticbagmachine.ae\/wp-content\/uploads\/2025\/05\/shipmentplasticmachines.jpg\" alt=\"\u0645\u0627\u0643\u064a\u0646\u0627\u062a \u0634\u062d\u0646 \u0627\u0644\u0623\u0643\u064a\u0627\u0633 \u0627\u0644\u0628\u0644\u0627\u0633\u062a\u064a\u0643\u064a\u0629\" width=\"500\"><\/p>\n<\/div>\n<\/div>\n<\/div>\n<\/div>\n","protected":false},"excerpt":{"rendered":"<p>\u0622\u0644\u0629 \u0635\u0646\u0639 \u0627\u0644\u0623\u0643\u064a\u0627\u0633 \u0627\u0644\u0642\u0627\u0626\u0645\u0629 \u0630\u0627\u062a \u0627\u0644\u0633\u0648\u0633\u062a\u0629 \u0627\u0644\u0645\u0627\u0646\u0639\u0629 \u0644\u0644\u062a\u0633\u0631\u0628 \u062b\u0644\u0627\u062b\u064a\u0629 \u0627\u0644\u062c\u0648\u0627\u0646\u0628 \u0639\u0627\u0644\u064a\u0629 \u0627\u0644\u0633\u0631\u0639\u0629 \uff08\u062b\u0644\u0627\u062b\u0629 \u0645\u062d\u0631\u0643\u0627\u062a \u0645\u0624\u0627\u0632\u0631\u0629 \u0644\u0644\u062a\u062d\u0643\u0645 \u0641\u064a \u0627\u0644\u0645\u062d\u0631\u0643 \u0627\u0644\u0645\u0624\u0627\u0632\u0631\uff09<\/p>\n","protected":false},"featured_media":29892,"comment_status":"closed","ping_status":"closed","template":"","meta":{"_acf_changed":false,"_oss_video_url":""},"product_brand":[],"product_cat":[133],"product_tag":[],"class_list":{"0":"post-31559","1":"product","2":"type-product","3":"status-publish","4":"has-post-thumbnail","6":"product_cat-133","8":"first","9":"instock","10":"shipping-taxable","11":"product-type-simple"},"acf":[],"_links":{"self":[{"href":"https:\/\/plasticbagmachine.ae\/ar\/wp-json\/wp\/v2\/product\/31559","targetHints":{"allow":["GET"]}}],"collection":[{"href":"https:\/\/plasticbagmachine.ae\/ar\/wp-json\/wp\/v2\/product"}],"about":[{"href":"https:\/\/plasticbagmachine.ae\/ar\/wp-json\/wp\/v2\/types\/product"}],"replies":[{"embeddable":true,"href":"https:\/\/plasticbagmachine.ae\/ar\/wp-json\/wp\/v2\/comments?post=31559"}],"version-history":[{"count":0,"href":"https:\/\/plasticbagmachine.ae\/ar\/wp-json\/wp\/v2\/product\/31559\/revisions"}],"wp:featuredmedia":[{"embeddable":true,"href":"https:\/\/plasticbagmachine.ae\/ar\/wp-json\/wp\/v2\/media\/29892"}],"wp:attachment":[{"href":"https:\/\/plasticbagmachine.ae\/ar\/wp-json\/wp\/v2\/media?parent=31559"}],"wp:term":[{"taxonomy":"product_brand","embeddable":true,"href":"https:\/\/plasticbagmachine.ae\/ar\/wp-json\/wp\/v2\/product_brand?post=31559"},{"taxonomy":"product_cat","embeddable":true,"href":"https:\/\/plasticbagmachine.ae\/ar\/wp-json\/wp\/v2\/product_cat?post=31559"},{"taxonomy":"product_tag","embeddable":true,"href":"https:\/\/plasticbagmachine.ae\/ar\/wp-json\/wp\/v2\/product_tag?post=31559"}],"curies":[{"name":"wp","href":"https:\/\/api.w.org\/{rel}","templated":true}]}}