{"id":31514,"date":"2025-03-28T14:22:50","date_gmt":"2025-03-28T06:22:50","guid":{"rendered":"https:\/\/plasticbagmachine.ae\/product\/%d9%85%d8%a7%d9%83%d9%8a%d9%86%d8%a9-%d8%b5%d9%86%d8%b9-%d8%a7%d9%84%d8%a3%d9%83%d9%8a%d8%a7%d8%b3-%d8%a7%d9%84%d8%a8%d9%84%d8%a7%d8%b3%d8%aa%d9%8a%d9%83%d9%8a%d8%a9-%d8%b4%d8%af%d9%8a%d8%af%d8%a9-2"},"modified":"2025-03-28T14:22:50","modified_gmt":"2025-03-28T06:22:50","slug":"%d9%85%d8%a7%d9%83%d9%8a%d9%86%d8%a9-%d8%b5%d9%86%d8%b9-%d8%a7%d9%84%d8%a3%d9%83%d9%8a%d8%a7%d8%b3-%d8%a7%d9%84%d8%a8%d9%84%d8%a7%d8%b3%d8%aa%d9%8a%d9%83%d9%8a%d8%a9-%d8%b4%d8%af%d9%8a%d8%af%d8%a9-2","status":"publish","type":"product","link":"https:\/\/plasticbagmachine.ae\/ar\/product\/%D9%85%D8%A7%D9%83%D9%8A%D9%86%D8%A9-%D8%B5%D9%86%D8%B9-%D8%A7%D9%84%D8%A3%D9%83%D9%8A%D8%A7%D8%B3-%D8%A7%D9%84%D8%A8%D9%84%D8%A7%D8%B3%D8%AA%D9%8A%D9%83%D9%8A%D8%A9-%D8%B4%D8%AF%D9%8A%D8%AF%D8%A9-2","title":{"rendered":"\u0645\u0627\u0643\u064a\u0646\u0629 \u0635\u0646\u0639 \u0627\u0644\u0623\u0643\u064a\u0627\u0633 \u0627\u0644\u0628\u0644\u0627\u0633\u062a\u064a\u0643\u064a\u0629 \u0634\u062f\u064a\u062f\u0629 \u0627\u0644\u062a\u062d\u0645\u0644"},"content":{"rendered":"<div class=\"ProductAttr\">\n<div class=\"ProductAttrItem\" data-rm-block-id=\"block-1\">\u0645\u0627\u0643\u064a\u0646\u0629 \u0635\u0646\u0639 \u0627\u0644\u0623\u0643\u064a\u0627\u0633 \u0627\u0644\u0628\u0644\u0627\u0633\u062a\u064a\u0643\u064a\u0629 \u0634\u062f\u064a\u062f\u0629 \u0627\u0644\u062a\u062d\u0645\u0644<\/div>\n<\/div>\n<div class=\"product-tab-desc\">\n<p data-rm-block-id=\"block-3\">\u062a\u0645 \u062a\u0635\u0645\u064a\u0645 \u0645\u0627\u0643\u064a\u0646\u0629 \u0635\u0646\u0639 \u0627\u0644\u0623\u0643\u064a\u0627\u0633 \u0627\u0644\u0628\u0644\u0627\u0633\u062a\u064a\u0643\u064a\u0629 \u0634\u062f\u064a\u062f\u0629 \u0627\u0644\u062a\u062d\u0645\u0644 \u062e\u0635\u064a\u0635\u064b\u0627 \u0644\u0625\u0646\u062a\u0627\u062c \u0627\u0644\u0623\u0643\u064a\u0627\u0633 \u0627\u0644\u0628\u0644\u0627\u0633\u062a\u064a\u0643\u064a\u0629 \u0634\u062f\u064a\u062f\u0629 \u0627\u0644\u062a\u062d\u0645\u0644. \u062a\u0645 \u062a\u062c\u0647\u064a\u0632 \u0647\u0630\u0647 \u0627\u0644\u0645\u0627\u0643\u064a\u0646\u0629 \u0628\u062a\u0635\u0645\u064a\u0645 \u062e\u0627\u0635 \u0644\u0625\u063a\u0644\u0627\u0642 \u0627\u0644\u0642\u0627\u0639 \u0628\u062f\u0648\u0646 \u062a\u062d\u0643\u0645\u060c \u0628\u0627\u0633\u062a\u062e\u062f\u0627\u0645 \u0645\u062d\u0631\u0643 \u0645\u0624\u0627\u0632\u0631 \u0644\u062a\u063a\u0630\u064a\u0629 \u0627\u0644\u0623\u0643\u064a\u0627\u0633 \u0648\u0625\u063a\u0644\u0627\u0642\u0647\u0627 \u0628\u0646\u0648\u0639 \u062c\u062f\u064a\u062f \u0645\u0646 \u0623\u0633\u0644\u0627\u0643 \u0627\u0644\u062a\u0633\u062e\u064a\u0646. \u064a\u0636\u0645\u0646 \u0647\u0630\u0627 \u0627\u0644\u0633\u0644\u0643 \u062a\u0633\u062e\u064a\u0646\u064b\u0627 \u0633\u0631\u064a\u0639\u064b\u0627 \u0648\u0645\u0632\u0627\u064a\u0627 \u062a\u0648\u0641\u064a\u0631 \u0627\u0644\u0637\u0627\u0642\u0629. \u064a\u0645\u0643\u0646 \u0644\u0644\u0622\u0644\u0629 \u062a\u0634\u0643\u064a\u0644 \u0627\u0644\u0623\u0643\u064a\u0627\u0633 \u0628\u0633\u0644\u0627\u0633\u0629 \u0645\u0646 \u0628\u0643\u0631\u0629 \u0627\u0644\u062a\u063a\u0644\u064a\u0641 \u0625\u0644\u0649 \u0627\u0644\u0645\u0646\u062a\u062c \u0627\u0644\u0646\u0647\u0627\u0626\u064a \u0641\u064a \u0639\u0645\u0644\u064a\u0629 \u0648\u0627\u062d\u062f\u0629.   <\/p>\n<p data-rm-block-id=\"block-3\">\u0622\u0644\u0629 \u0645\u0646\u0627\u0633\u0628\u0629 \u0644\u0625\u0646\u062a\u0627\u062c \u0623\u0643\u064a\u0627\u0633 \u0627\u0644\u0632\u0631\u0627\u0639\u0629\u060c \u0648\u0623\u0643\u064a\u0627\u0633 \u0627\u0644\u0634\u062a\u0644\u0627\u062a\u060c \u0648\u0623\u0643\u064a\u0627\u0633 \u0627\u0644\u0646\u0628\u0627\u062a\u0627\u062a.<\/p>\n<div id=\"attachment_30923\" style=\"width: 460px\" class=\"wp-caption alignnone\"><img fetchpriority=\"high\" decoding=\"async\" aria-describedby=\"caption-attachment-30923\" class=\"Heavy Duty Plastic Bag Making Machine wp-image-30923\" title=\"\u0645\u0627\u0643\u064a\u0646\u0629 \u0635\u0646\u0639 \u0627\u0644\u0623\u0643\u064a\u0627\u0633 \u0627\u0644\u0628\u0644\u0627\u0633\u062a\u064a\u0643\u064a\u0629 \u0634\u062f\u064a\u062f\u0629 \u0627\u0644\u062a\u062d\u0645\u0644\" src=\"https:\/\/plasticbagmachine.ae\/wp-content\/uploads\/2025\/03\/heavy-duty-plastic-bag-making-machine.jpg\" alt=\"\u0645\u0627\u0643\u064a\u0646\u0629 \u0635\u0646\u0639 \u0627\u0644\u0623\u0643\u064a\u0627\u0633 \u0627\u0644\u0628\u0644\u0627\u0633\u062a\u064a\u0643\u064a\u0629 \u0634\u062f\u064a\u062f\u0629 \u0627\u0644\u062a\u062d\u0645\u0644\" width=\"450\" height=\"191\" srcset=\"https:\/\/plasticbagmachine.ae\/wp-content\/uploads\/2025\/03\/heavy-duty-plastic-bag-making-machine.jpg 1203w, https:\/\/plasticbagmachine.ae\/wp-content\/uploads\/2025\/03\/heavy-duty-plastic-bag-making-machine-400x170.jpg 400w, https:\/\/plasticbagmachine.ae\/wp-content\/uploads\/2025\/03\/heavy-duty-plastic-bag-making-machine-768x326.jpg 768w, https:\/\/plasticbagmachine.ae\/wp-content\/uploads\/2025\/03\/heavy-duty-plastic-bag-making-machine-430x182.jpg 430w, https:\/\/plasticbagmachine.ae\/wp-content\/uploads\/2025\/03\/heavy-duty-plastic-bag-making-machine-700x297.jpg 700w, https:\/\/plasticbagmachine.ae\/wp-content\/uploads\/2025\/03\/heavy-duty-plastic-bag-making-machine-150x64.jpg 150w\" sizes=\"(max-width: 450px) 100vw, 450px\" \/><p id=\"caption-attachment-30923\" class=\"wp-caption-text\">\u0645\u0627\u0643\u064a\u0646\u0629 \u0635\u0646\u0639 \u0627\u0644\u0623\u0643\u064a\u0627\u0633 \u0627\u0644\u0628\u0644\u0627\u0633\u062a\u064a\u0643\u064a\u0629 \u0634\u062f\u064a\u062f\u0629 \u0627\u0644\u062a\u062d\u0645\u0644<\/p><\/div>\n<div>\n<table style=\"width: 761px; height: 894px;\">\n<tbody>\n<tr style=\"height: 50px;\">\n<td style=\"width: 140px; height: 50px;\" width=\"140\" data-rm-block-id=\"block-4\">\u0627\u0644\u0645\u0648\u062f\u064a\u0644<\/td>\n<td style=\"width: 130px; height: 50px;\" width=\"128\" data-rm-block-id=\"block-5\">SHXJ-600S<\/td>\n<td style=\"width: 136px; height: 50px;\" width=\"136\" data-rm-block-id=\"block-6\">SHXJ-800S<\/td>\n<td style=\"width: 131px; height: 50px;\" width=\"125\" data-rm-block-id=\"block-7\">SHXJ-1000S<\/td>\n<td style=\"width: 133px; height: 50px;\" width=\"132\" data-rm-block-id=\"block-8\">SHXJ-1200S<\/td>\n<\/tr>\n<tr style=\"height: 50px;\">\n<td style=\"width: 140px; height: 50px;\" width=\"140\" data-rm-block-id=\"block-9\">\u0627\u0644\u062d\u062f \u0627\u0644\u0623\u0642\u0635\u0649 \u0639\u0631\u0636 \u0627\u0644\u062d\u0642\u064a\u0628\u0629 <\/td>\n<td style=\"width: 130px; height: 50px;\" width=\"128\" data-rm-block-id=\"block-10\">520 \u0645\u0645<\/td>\n<td style=\"width: 136px; height: 50px;\" width=\"136\" data-rm-block-id=\"block-11\">720 \u0645\u0645<\/td>\n<td style=\"width: 131px; height: 50px;\" width=\"125\" data-rm-block-id=\"block-12\">920 \u0645\u0645<\/td>\n<td style=\"width: 133px; height: 50px;\" width=\"132\" data-rm-block-id=\"block-13\">1120 \u0645\u0645<\/td>\n<\/tr>\n<tr style=\"height: 50px;\">\n<td style=\"width: 140px; height: 50px;\" width=\"140\" data-rm-block-id=\"block-14\">\u0627\u0644\u062d\u062f \u0627\u0644\u0623\u0642\u0635\u0649. \u0637\u0648\u0644 \u0627\u0644\u062d\u0642\u064a\u0628\u0629 <\/td>\n<td style=\"width: 130px; height: 50px;\" width=\"128\" data-rm-block-id=\"block-15\">1500 \u0645\u0645<\/td>\n<td style=\"width: 136px; height: 50px;\" width=\"136\" data-rm-block-id=\"block-16\">1500 \u0645\u0645<\/td>\n<td style=\"width: 131px; height: 50px;\" width=\"125\" data-rm-block-id=\"block-17\">1500 \u0645\u0645<\/td>\n<td style=\"width: 133px; height: 50px;\" width=\"132\" data-rm-block-id=\"block-18\">1500 \u0645\u0645<\/td>\n<\/tr>\n<tr style=\"height: 50px;\">\n<td style=\"width: 140px; height: 50px;\" width=\"140\" data-rm-block-id=\"block-19\">\u0627\u0644\u0633\u064f\u0645\u0643 \u0627\u0644\u0643\u0644\u064a \u0644\u0644\u0643\u064a\u0633<\/td>\n<td style=\"width: 130px; height: 50px;\" width=\"128\" data-rm-block-id=\"block-20\">100-300\u0645\u064a\u0643\u0631\u0648\u0646<\/td>\n<td style=\"width: 136px; height: 50px;\" width=\"136\" data-rm-block-id=\"block-21\">100-300\u0645\u064a\u0643\u0631\u0648\u0646<\/td>\n<td style=\"width: 131px; height: 50px;\" width=\"125\" data-rm-block-id=\"block-22\">100-300\u0645\u064a\u0643\u0631\u0648\u0646<\/td>\n<td style=\"width: 133px; height: 50px;\" width=\"132\" data-rm-block-id=\"block-23\">100-300\u0645\u064a\u0643\u0631\u0648\u0646<\/td>\n<\/tr>\n<tr style=\"height: 68px;\">\n<td style=\"width: 140px; height: 68px;\" width=\"140\" data-rm-block-id=\"block-24\">\u0633\u0631\u0639\u0629 \u0635\u0646\u0639 \u0627\u0644\u0623\u0643\u064a\u0627\u0633<\/td>\n<td style=\"width: 130px; height: 68px;\" width=\"128\" data-rm-block-id=\"block-25\">30 ~ ~ 100 \u0642\u0637\u0639\u0629\/\u062f\u0642\u064a\u0642\u0629<\/td>\n<td style=\"width: 136px; height: 68px;\" width=\"136\" data-rm-block-id=\"block-26\">30 ~ ~ 100 \u0642\u0637\u0639\u0629\/\u062f\u0642\u064a\u0642\u0629<\/td>\n<td style=\"width: 131px; height: 68px;\" width=\"125\" data-rm-block-id=\"block-27\">30 ~ ~ 100 \u0642\u0637\u0639\u0629\/\u062f\u0642\u064a\u0642\u0629<\/td>\n<td style=\"width: 133px; height: 68px;\" width=\"132\" data-rm-block-id=\"block-28\">30 ~ ~ 100 \u0642\u0637\u0639\u0629\/\u062f\u0642\u064a\u0642\u0629<\/td>\n<\/tr>\n<tr style=\"height: 50px;\">\n<td style=\"width: 140px; height: 50px;\" width=\"140\" data-rm-block-id=\"block-29\">\u0627\u0644\u0645\u062d\u0631\u0643 \u0627\u0644\u0631\u0626\u064a\u0633\u064a<\/td>\n<td style=\"width: 130px; height: 50px;\" width=\"128\" data-rm-block-id=\"block-30\">1.1 \u0643\u064a\u0644\u0648\u0648\u0627\u0637<\/td>\n<td style=\"width: 136px; height: 50px;\" width=\"136\" data-rm-block-id=\"block-31\">1.5 \u0643\u064a\u0644\u0648\u0648\u0627\u0637<\/td>\n<td style=\"width: 131px; height: 50px;\" width=\"125\" data-rm-block-id=\"block-32\">1.5 \u0643\u064a\u0644\u0648\u0648\u0627\u0637<\/td>\n<td style=\"width: 133px; height: 50px;\" width=\"132\" data-rm-block-id=\"block-33\">1.5 \u0643\u064a\u0644\u0648\u0648\u0627\u0637<\/td>\n<\/tr>\n<tr style=\"height: 50px;\">\n<td style=\"width: 140px; height: 50px;\" width=\"140\" data-rm-block-id=\"block-34\">\u0627\u0644\u0648\u0632\u0646<\/td>\n<td style=\"width: 130px; height: 50px;\" width=\"128\" data-rm-block-id=\"block-35\">800 \u0643\u062c\u0645<\/td>\n<td style=\"width: 136px; height: 50px;\" width=\"136\" data-rm-block-id=\"block-36\">1000 \u0643\u062c\u0645<\/td>\n<td style=\"width: 131px; height: 50px;\" width=\"125\" data-rm-block-id=\"block-37\">1100 \u0643\u062c\u0645<\/td>\n<td style=\"width: 133px; height: 50px;\" width=\"132\" data-rm-block-id=\"block-38\">1200 \u0643\u062c\u0645<\/td>\n<\/tr>\n<tr style=\"height: 68px;\">\n<td style=\"width: 140px; height: 68px;\" width=\"140\" data-rm-block-id=\"block-39\">\u0623\u0628\u0639\u0627\u062f \u0627\u0644\u0645\u062e\u0637\u0637 \u0627\u0644\u062a\u0641\u0635\u064a\u0644\u064a (\u0645\u0645)<\/td>\n<td style=\"width: 130px; height: 68px;\" width=\"128\" data-rm-block-id=\"block-40\">3500 \u00d7 1150 \u00d7 1150 \u00d7 1900<\/td>\n<td style=\"width: 136px; height: 68px;\" width=\"136\" data-rm-block-id=\"block-41\">3500\u00d71350\u00d71350\u00d71900<\/td>\n<td style=\"width: 131px; height: 68px;\" width=\"125\" data-rm-block-id=\"block-42\">3500\u00d71550\u00d71550\u00d71900<\/td>\n<td style=\"width: 133px; height: 68px;\" width=\"132\" data-rm-block-id=\"block-43\">3500\u00d71800\u00d71800\u00d71900<\/td>\n<\/tr>\n<\/tbody>\n<\/table>\n<p data-rm-block-id=\"block-44\">\u0625\u0630\u0627 \u0643\u0646\u062a \u062a\u0634\u062a\u0631\u064a \u0645\u0627\u0643\u064a\u0646\u0629 \u0648\u0627\u062d\u062f\u0629 \u0641\u0642\u0637\u060c \u0641\u0633\u0646\u0642\u0648\u0645 \u0628\u062a\u0639\u0628\u0626\u0629 \u0627\u0644\u0645\u0627\u0643\u064a\u0646\u0629 \u0628\u0639\u0628\u0648\u0629 \u062e\u0634\u0628\u064a\u0629\u060c \u0648\u062a\u062d\u0645\u064a\u0644 \u0627\u0644\u062d\u0627\u0648\u064a\u0629 \u0645\u0639<strong> <\/strong><strong>\u0623\u0642\u0644 \u0645\u0646 \u062d\u0645\u0648\u0644\u0629 \u0627\u0644\u062d\u0627\u0648\u064a\u0629 \uff08LCLL\uff09.<\/strong><\/p>\n<\/div>\n<div>\n<p data-rm-block-id=\"block-45\"><strong><img decoding=\"async\" src=\"https:\/\/plasticbagmachine.ae\/wp-content\/uploads\/2025\/05\/machinewithwoodenpack.jpg\" width=\"500\"><\/strong><\/p>\n<p data-rm-block-id=\"block-46\">\u0645\u062a\u0639\u0627\u0648\u0646 \u0627\u0644\u0623\u062c\u0632\u0627\u0621 \u0627\u0644\u0631\u0626\u064a\u0633\u064a\u0629 \u0644\u062f\u064a\u0646\u0627 \u0643\u0645\u062a\u0639\u0627\u0648\u0646 \u0627\u0644\u0639\u0644\u0627\u0645\u0629 \u0627\u0644\u062a\u062c\u0627\u0631\u064a\u0629 \u0627\u0644\u062a\u0627\u0644\u064a\u0629\u060c \u0648\u0644\u0643\u0646 \u0627\u0644\u0623\u062c\u0632\u0627\u0621 \u0627\u0644\u0642\u064a\u0627\u0633\u064a\u0629 \u0643\u0644\u0647\u0627 \u0645\u0635\u0646\u0648\u0639\u0629 \u0645\u0646 \u0627\u0644\u0635\u064a\u0646.<\/p>\n<p data-rm-block-id=\"block-47\"><img decoding=\"async\" src=\"https:\/\/plasticbagmachine.ae\/wp-content\/uploads\/2025\/05\/machinepartssupplier.jpg\" alt=\"\u0645\u062d\u0644\u0648\u0644 \u0642\u0637\u0639 \u063a\u064a\u0627\u0631 \u0645\u0627\u0643\u064a\u0646\u0627\u062a \u0627\u0644\u0623\u0643\u064a\u0627\u0633 \u0627\u0644\u0628\u0644\u0627\u0633\u062a\u064a\u0643\u064a\u0629\" width=\"500\"><\/p>\n<p data-rm-block-id=\"block-48\"><img decoding=\"async\" src=\"https:\/\/plasticbagmachine.ae\/wp-content\/uploads\/2025\/05\/plastic-bag-machine-supplier.jpg\" alt=\"\u0645\u0648\u0631\u062f \u0645\u0627\u0643\u064a\u0646\u0627\u062a \u0627\u0644\u0623\u0643\u064a\u0627\u0633 \u0627\u0644\u0628\u0644\u0627\u0633\u062a\u064a\u0643\u064a\u0629.jpg\"><\/p>\n<p data-rm-block-id=\"block-49\"><img decoding=\"async\" src=\"https:\/\/plasticbagmachine.ae\/wp-content\/uploads\/2025\/05\/Plastic-bag-machine-factory.jpg\" alt=\"\u0645\u0635\u0646\u0639 \u0645\u0627\u0643\u064a\u0646\u0627\u062a \u0627\u0644\u0623\u0643\u064a\u0627\u0633 \u0627\u0644\u0628\u0644\u0627\u0633\u062a\u064a\u0643\u064a\u0629\" width=\"489\" height=\"496\"><\/p>\n<p data-rm-block-id=\"block-50\"><img decoding=\"async\" src=\"https:\/\/plasticbagmachine.ae\/wp-content\/uploads\/2025\/05\/plasticbagmachinesolution.jpg\" alt=\"\u0645\u062d\u0644\u0648\u0644 \u0622\u0644\u0629 \u0627\u0644\u0623\u0643\u064a\u0627\u0633 \u0627\u0644\u0628\u0644\u0627\u0633\u062a\u064a\u0643\u064a\u0629\" width=\"500\"><\/p>\n<p data-rm-block-id=\"block-51\"><img decoding=\"async\" src=\"https:\/\/plasticbagmachine.ae\/wp-content\/uploads\/2025\/05\/shipmentplasticmachines.jpg\" alt=\"\u0645\u0627\u0643\u064a\u0646\u0627\u062a \u0634\u062d\u0646 \u0627\u0644\u0623\u0643\u064a\u0627\u0633 \u0627\u0644\u0628\u0644\u0627\u0633\u062a\u064a\u0643\u064a\u0629\" width=\"500\"><\/p>\n<\/div>\n<p data-rm-block-id=\"block-52\">\n<\/div>\n","protected":false},"excerpt":{"rendered":"<p>\u0622\u0644\u0629 \u062a\u0635\u0646\u064a\u0639 \u0627\u0644\u0623\u0643\u064a\u0627\u0633 \u0634\u062f\u064a\u062f\u0629 \u0627\u0644\u062a\u062d\u0645\u0644 \u062a\u0646\u0627\u0633\u0628 \u0625\u0646\u062a\u0627\u062c \u0623\u0643\u064a\u0627\u0633 \u0627\u0644\u0642\u0645\u0627\u0645\u0629\u060c \u0623\u0643\u064a\u0627\u0633 \u0627\u0644\u0642\u0645\u0627\u0645\u0629\u060c \u0623\u0643\u064a\u0627\u0633 \u0632\u0631\u0627\u0639\u0629 \u0627\u0644\u062e\u0636\u0631\u0648\u0627\u062a\u060c \u0623\u0643\u064a\u0627\u0633 \u0632\u0631\u0627\u0639\u0629 \u0627\u0644\u062e\u0636\u0631\u0648\u0627\u062a\u060c \u0623\u0643\u064a\u0627\u0633 \u0627\u0644\u0632\u0631\u0627\u0639\u0629\u060c \u0623\u0643\u064a\u0627\u0633 \u0632\u0631\u0627\u0639\u0629 \u0627\u0644\u0628\u0637\u0627\u0637\u0633\u060c \u0623\u0643\u064a\u0627\u0633 \u0632\u0631\u0627\u0639\u0629 \u0627\u0644\u0646\u0628\u0627\u062a\u0627\u062a\u060c \u0623\u0643\u064a\u0627\u0633 \u0632\u0631\u0627\u0639\u0629 \u0627\u0644\u063a\u0631\u0627\u0633\u060c \u0623\u0643\u064a\u0627\u0633 \u0632\u0631\u0627\u0639\u0629 \u0627\u0644\u0637\u0645\u0627\u0637\u0645\u060c \u0623\u0643\u064a\u0627\u0633 \u062e\u0634\u0628\u064a\u0629.<\/p>\n","protected":false},"featured_media":29985,"comment_status":"closed","ping_status":"closed","template":"","meta":{"_acf_changed":false,"_oss_video_url":""},"product_brand":[],"product_cat":[133],"product_tag":[],"class_list":{"0":"post-31514","1":"product","2":"type-product","3":"status-publish","4":"has-post-thumbnail","6":"product_cat-133","8":"first","9":"instock","10":"shipping-taxable","11":"product-type-simple"},"acf":[],"_links":{"self":[{"href":"https:\/\/plasticbagmachine.ae\/ar\/wp-json\/wp\/v2\/product\/31514","targetHints":{"allow":["GET"]}}],"collection":[{"href":"https:\/\/plasticbagmachine.ae\/ar\/wp-json\/wp\/v2\/product"}],"about":[{"href":"https:\/\/plasticbagmachine.ae\/ar\/wp-json\/wp\/v2\/types\/product"}],"replies":[{"embeddable":true,"href":"https:\/\/plasticbagmachine.ae\/ar\/wp-json\/wp\/v2\/comments?post=31514"}],"version-history":[{"count":0,"href":"https:\/\/plasticbagmachine.ae\/ar\/wp-json\/wp\/v2\/product\/31514\/revisions"}],"wp:featuredmedia":[{"embeddable":true,"href":"https:\/\/plasticbagmachine.ae\/ar\/wp-json\/wp\/v2\/media\/29985"}],"wp:attachment":[{"href":"https:\/\/plasticbagmachine.ae\/ar\/wp-json\/wp\/v2\/media?parent=31514"}],"wp:term":[{"taxonomy":"product_brand","embeddable":true,"href":"https:\/\/plasticbagmachine.ae\/ar\/wp-json\/wp\/v2\/product_brand?post=31514"},{"taxonomy":"product_cat","embeddable":true,"href":"https:\/\/plasticbagmachine.ae\/ar\/wp-json\/wp\/v2\/product_cat?post=31514"},{"taxonomy":"product_tag","embeddable":true,"href":"https:\/\/plasticbagmachine.ae\/ar\/wp-json\/wp\/v2\/product_tag?post=31514"}],"curies":[{"name":"wp","href":"https:\/\/api.w.org\/{rel}","templated":true}]}}