{"id":31491,"date":"2025-03-28T15:01:06","date_gmt":"2025-03-28T07:01:06","guid":{"rendered":"https:\/\/plasticbagmachine.ae\/product\/%d9%85%d8%a7%d9%83%d9%8a%d9%86%d8%a9-%d8%b7%d8%a8%d8%a7%d8%b9%d8%a9-%d9%81%d9%84%d9%8a%d9%83%d8%b3%d9%88-%d8%a8%d8%a3%d8%b1%d8%a8%d8%b9%d8%a9-%d8%a3%d9%84%d9%88%d8%a7%d9%86"},"modified":"2025-03-28T15:01:06","modified_gmt":"2025-03-28T07:01:06","slug":"%d9%85%d8%a7%d9%83%d9%8a%d9%86%d8%a9-%d8%b7%d8%a8%d8%a7%d8%b9%d8%a9-%d9%81%d9%84%d9%8a%d9%83%d8%b3%d9%88-%d8%a8%d8%a3%d8%b1%d8%a8%d8%b9%d8%a9-%d8%a3%d9%84%d9%88%d8%a7%d9%86","status":"publish","type":"product","link":"https:\/\/plasticbagmachine.ae\/ar\/product\/%D9%85%D8%A7%D9%83%D9%8A%D9%86%D8%A9-%D8%B7%D8%A8%D8%A7%D8%B9%D8%A9-%D9%81%D9%84%D9%8A%D9%83%D8%B3%D9%88-%D8%A8%D8%A3%D8%B1%D8%A8%D8%B9%D8%A9-%D8%A3%D9%84%D9%88%D8%A7%D9%86","title":{"rendered":"\u0645\u0627\u0643\u064a\u0646\u0629 \u0637\u0628\u0627\u0639\u0629 \u0641\u0644\u064a\u0643\u0633\u0648 \u0628\u0623\u0631\u0628\u0639\u0629 \u0623\u0644\u0648\u0627\u0646"},"content":{"rendered":"<div id=\"tab-desc\" class=\"tab-pane active\" role=\"tabpanel\">\n<div class=\"ProductAttr\">\n<div class=\"ProductAttrItem\">\n<div class=\"ProductAttr-text\"><strong>\u0645\u0627\u0643\u064a\u0646\u0629 \u0637\u0628\u0627\u0639\u0629 \u0641\u0644\u064a\u0643\u0633\u0648 \u0628\u0623\u0631\u0628\u0639\u0629 \u0623\u0644\u0648\u0627\u0646<\/strong><\/div>\n<\/div>\n<\/div>\n<div class=\"product-tab-desc\">\n<p>\u062a\u0645 \u062a\u0635\u0645\u064a\u0645 \u0645\u0627\u0643\u064a\u0646\u0629 \u0627\u0644\u0637\u0628\u0627\u0639\u0629 \u0641\u0644\u064a\u0643\u0633\u0648 \u0644\u0637\u0628\u0627\u0639\u0629 \u0645\u0648\u0627\u062f \u0627\u0644\u062a\u063a\u0644\u064a\u0641 \u0627\u0644\u0645\u062e\u062a\u0644\u0641\u0629 \u0645\u062b\u0644 \u0627\u0644\u0628\u0648\u0644\u064a \u0625\u064a\u062b\u064a\u0644\u064a\u0646 \u0648\u0623\u0643\u064a\u0627\u0633 \u0627\u0644\u0628\u0648\u0644\u064a \u0628\u0631\u0648\u0628\u0644\u064a\u0646 \u0648\u0627\u0644\u0633\u064a\u0644\u0648\u0641\u0627\u0646 \u0648\u0627\u0644\u0648\u0631\u0642 \u0627\u0644\u0645\u0644\u0641\u0648\u0641. \u0625\u0646\u0647\u0627 \u0623\u062f\u0627\u0629 \u0637\u0628\u0627\u0639\u0629 \u0645\u062b\u0627\u0644\u064a\u0629 \u0644\u0635\u0646\u0639 \u0623\u0643\u064a\u0627\u0633 \u0627\u0644\u062a\u063a\u0644\u064a\u0641 \u0627\u0644\u0648\u0631\u0642\u064a\u0629 \u0644\u0644\u0628\u0636\u0627\u0626\u0639\u060c \u0648\u062d\u0642\u0627\u0626\u0628 \u0627\u0644\u064a\u062f \u0641\u064a \u0627\u0644\u0633\u0648\u0628\u0631 \u0645\u0627\u0631\u0643\u062a\u060c \u0648\u0623\u0643\u064a\u0627\u0633 \u0627\u0644\u0633\u062a\u0631\u0627\u062a\u060c \u0648\u0623\u0643\u064a\u0627\u0633 \u0627\u0644\u0645\u0644\u0627\u0628\u0633. \u062a\u0633\u062a\u062e\u062f\u0645 \u0627\u0644\u0645\u0627\u0643\u064a\u0646\u0629 \u0631\u0627\u062a\u0646\u062c \u0627\u0644\u062a\u062d\u0633\u0633 \u0643\u0644\u0648\u062d\u0629 \u0637\u0628\u0627\u0639\u0629 \u0645\u0631\u0646\u0629.  <\/p>\n<\/div>\n<p>\u062a\u062a\u0645\u064a\u0632 \u0645\u0627\u0643\u064a\u0646\u0629 \u0637\u0628\u0627\u0639\u0629 \u0641\u0644\u064a\u0643\u0633\u0648 \u0628\u062e\u0635\u0627\u0626\u0635 \u0623\u062f\u0627\u0621 \u0641\u0639\u0627\u0644\u0629 \u0645\u062b\u0644 \u0627\u0644\u062a\u0634\u063a\u064a\u0644 \u0633\u0647\u0644 \u0627\u0644\u0627\u0633\u062a\u062e\u062f\u0627\u0645 \u0648\u0627\u0644\u062a\u0633\u062c\u064a\u0644 \u0627\u0644\u062f\u0642\u064a\u0642 \u0644\u0644\u0623\u0644\u0648\u0627\u0646 \u0648\u0625\u0645\u0643\u0627\u0646\u064a\u0627\u062a \u0628\u062f\u0621 \u0627\u0644\u062a\u0634\u063a\u064a\u0644 \u0627\u0644\u0645\u0631\u0646\u0629. \u0648\u0647\u064a \u062a\u0634\u062a\u0645\u0644 \u0639\u0644\u0649 \u0639\u062f\u0627\u062f \u0639\u062f\u0627\u062f \u0644\u0625\u0639\u062f\u0627\u062f\u0627\u062a \u0643\u0645\u064a\u0629 \u0627\u0644\u0637\u0628\u0627\u0639\u0629 \u0627\u0644\u0645\u062e\u0635\u0635\u0629\u060c \u0648\u0627\u0644\u062a\u0648\u0642\u0641 \u0627\u0644\u062a\u0644\u0642\u0627\u0626\u064a \u0644\u0644\u0645\u0627\u0643\u064a\u0646\u0629 \u0639\u0646\u062f \u0627\u0644\u0648\u0635\u0648\u0644 \u0625\u0644\u0649 \u0627\u0644\u0643\u0645\u064a\u0629 \u0627\u0644\u0645\u062d\u062f\u062f\u0629 \u0623\u0648 \u0627\u0633\u062a\u0646\u0641\u0627\u062f \u0627\u0644\u0645\u0648\u0627\u062f\u060c \u0648\u062a\u0639\u062f\u064a\u0644\u0627\u062a \u0623\u0633\u0637\u0648\u0627\u0646\u0629 \u0627\u0644\u0637\u0628\u0627\u0639\u0629 \u0627\u0644\u0647\u0648\u0627\u0626\u064a\u0629 \u0644\u062a\u062d\u0631\u064a\u0643 \u0627\u0644\u062d\u0628\u0631 \u062a\u0644\u0642\u0627\u0626\u064a\u064b\u0627 \u0628\u0639\u062f \u0627\u0644\u0631\u0641\u0639. \u062a\u0636\u0645\u0646 \u0623\u0633\u0637\u0648\u0627\u0646\u0629 \u0623\u0646\u064a\u0644\u0648\u0643\u0633 \u062a\u0648\u0632\u064a\u0639 \u0627\u0644\u062d\u0628\u0631 \u0628\u0634\u0643\u0644 \u0645\u0648\u062d\u062f\u060c \u0628\u064a\u0646\u0645\u0627 \u064a\u0639\u0645\u0644 \u0646\u0638\u0627\u0645 \u0627\u0644\u062a\u062c\u0641\u064a\u0641 \u0627\u0644\u0630\u064a \u064a\u0645\u0643\u0646 \u0627\u0644\u0627\u0639\u062a\u0645\u0627\u062f \u0639\u0644\u064a\u0647 \u0639\u0644\u0649 \u0625\u064a\u0642\u0627\u0641 \u0627\u0644\u062a\u0634\u063a\u064a\u0644 \u0639\u0646 \u0637\u0631\u064a\u0642 \u0642\u0637\u0639 \u0627\u0644\u062f\u0627\u0626\u0631\u0629 \u0639\u0646\u062f \u062a\u0648\u0642\u0641 \u0627\u0644\u0645\u0627\u0643\u064a\u0646\u0629. \u062a\u062a\u0645\u064a\u0632 \u0627\u0644\u0645\u0627\u0643\u064a\u0646\u0629 \u0628\u062c\u0647\u0627\u0632 \u062a\u0633\u062c\u064a\u0644 \u0637\u0648\u0644\u064a \u0645\u0633\u062a\u0645\u0631 \u0648\u0642\u0627\u0628\u0644 \u0644\u0644\u062a\u0639\u062f\u064a\u0644 \u0628\u0632\u0627\u0648\u064a\u0629 360 \u062f\u0631\u062c\u0629\u060c \u0648\u0633\u0631\u0639\u0629 \u0645\u062d\u0631\u0643 \u064a\u062a\u0645 \u0627\u0644\u062a\u062d\u0643\u0645 \u0641\u064a \u062a\u0631\u062f\u062f\u0647\u060c \u0648\u0623\u0632\u0631\u0627\u0631 \u0645\u0631\u064a\u062d\u0629 \u0644\u0644\u0631\u0643\u0636\/\u0627\u0644\u062a\u0648\u0642\u0641 \u0639\u0644\u0649 \u0642\u0627\u0639\u062f\u0629 \u0623\u0633\u0637\u0648\u0627\u0646\u0629 \u0627\u0644\u0644\u0648\u062d\u0629 \u0648\u0631\u0641 \u062f\u062d\u0631\u062c\u0629 \u0627\u0644\u0645\u0648\u0627\u062f \u0644\u0633\u0647\u0648\u0644\u0629 \u0627\u0644\u062a\u0634\u063a\u064a\u0644 \u0623\u062b\u0646\u0627\u0621 \u062a\u0631\u0643\u064a\u0628 \u0627\u0644\u0644\u0648\u062d\u0629.   <\/p>\n<div class=\"product-tab-desc\">\n<p><strong><img fetchpriority=\"high\" decoding=\"async\" src=\"https:\/\/shopic.mcmcclass.com\/20211215213207142476802.JPG\" alt=\"HDPE-LDPE-LDPE-\u0628\u0644\u0627\u0633\u062a\u064a\u0643-\u0643\u064a\u0633 \u0628\u0644\u0627\u0633\u062a\u064a\u0643-\u0628\u0644\u0627\u0633\u062a\u064a\u0643-\u0628\u0644\u0627\u0633\u062a\u064a\u0643-\u0628\u0644\u0627\u0633\u062a\u064a\u0643- JPG\" width=\"500\" height=\"426\"><img decoding=\"async\" src=\"https:\/\/shopic.mcmcclass.com\/20211215213207142657607.JPG\" alt=\"HDPE_LDPE-LDPE-\u0628\u0644\u0627\u0633\u062a\u064a\u0643-\u0643\u064a\u0633 \u0628\u0644\u0627\u0633\u062a\u064a\u0643.JPG\" width=\"500\" height=\"179\"><\/strong><\/p>\n<p>\u0622\u0644\u0629 \u0627\u0644\u0637\u0628\u0627\u0639\u0629 \u0641\u0644\u064a\u0643\u0633\u0648 \u062a\u0633\u062a\u062e\u062f\u0645 \u0644\u0648\u062d\u0629 \u0627\u0644\u0631\u0627\u062a\u0646\u062c \u0644\u0637\u0628\u0627\u0639\u0629 \u0627\u0644\u0646\u0635\u0648\u0635 \u0648\u0627\u0644\u0635\u0648\u0631 \u0639\u0644\u0649 \u0644\u0641\u0629 \u0627\u0644\u0648\u0631\u0642\u060c \u0644\u0641\u0629 \u0627\u0644\u0641\u064a\u0644\u0645 \u0627\u0644\u0628\u0644\u0627\u0633\u062a\u064a\u0643\u064a\u060c \u0644\u0641\u0629 \u063a\u064a\u0631 \u0645\u0646\u0633\u0648\u062c\u0629\u060c \u0644\u0641\u0629 \u0648\u0631\u0642 \u062d\u0631\u0627\u0631\u064a \u0625\u0644\u062e. \u064a\u0645\u0643\u0646 \u0627\u0633\u062a\u062e\u062f\u0627\u0645 \u0643\u0644 \u0645\u0646 \u0627\u0644\u062d\u0628\u0631 \u0627\u0644\u0645\u0627\u0626\u064a \u0648\u0627\u0644\u062d\u0628\u0631 \u0627\u0644\u0645\u0630\u064a\u0628. <\/p>\n<table>\n<tbody>\n<tr>\n<td width=\"179\"><\/td>\n<td width=\"120\">YT-M4600<\/td>\n<td width=\"133\">YT-M4800<\/td>\n<td width=\"133\">YT-M41000<\/td>\n<td width=\"133\">YT-M41200<\/td>\n<\/tr>\n<tr>\n<td width=\"179\">\u0623\u0642\u0635\u0649 \u0639\u0631\u0636 \u0644\u0644\u0645\u0627\u062f\u0629<\/td>\n<td width=\"120\">600 \u0645\u0645<\/td>\n<td width=\"133\">800 \u0645\u0645<\/td>\n<td width=\"133\">1000 \u0645\u0645<\/td>\n<td width=\"133\">1200 \u0645\u0645<\/td>\n<\/tr>\n<tr>\n<td width=\"179\">\u0623\u0642\u0635\u0649 \u0639\u0631\u0636 \u0644\u0644\u0637\u0628\u0627\u0639\u0629<\/td>\n<td width=\"120\">560 \u0645\u0645<\/td>\n<td width=\"133\">760 \u0645\u0645<\/td>\n<td width=\"133\">960 \u0645\u0645<\/td>\n<td width=\"133\">1160 \u0645\u0645<\/td>\n<\/tr>\n<tr>\n<td width=\"179\">\u0642\u0648\u0629 \u0627\u0644\u0645\u062d\u0631\u0643 \u0627\u0644\u0631\u0626\u064a\u0633\u064a<\/td>\n<td width=\"120\">3 \u0643\u064a\u0644\u0648 \u0648\u0627\u0637<\/td>\n<td width=\"133\">3 \u0643\u064a\u0644\u0648 \u0648\u0627\u0637<\/td>\n<td width=\"133\">3 \u0643\u064a\u0644\u0648\u0648\u0627\u0637<\/td>\n<td width=\"133\">3 \u0643\u064a\u0644\u0648\u0648\u0627\u0637<\/td>\n<\/tr>\n<tr>\n<td width=\"179\">\u0625\u062c\u0645\u0627\u0644\u064a \u0627\u0644\u0637\u0627\u0642\u0629<\/td>\n<td width=\"120\">24 \u0643\u064a\u0644\u0648\u0648\u0627\u0637<\/td>\n<td width=\"133\">24 \u0643\u064a\u0644\u0648 \u0648\u0627\u062a<\/td>\n<td width=\"133\">26 \u0643\u064a\u0644\u0648\u0648\u0627\u0637<\/td>\n<td width=\"133\">26 \u0643\u064a\u0644\u0648 \u0648\u0627\u062a<\/td>\n<\/tr>\n<tr>\n<td width=\"179\">\u0648\u0632\u0646 \u0627\u0644\u0645\u0627\u0643\u064a\u0646\u0629<\/td>\n<td width=\"120\">3100 \u0643\u062c\u0645<\/td>\n<td width=\"133\">3600 \u0643\u062c\u0645<\/td>\n<td width=\"133\">4000 \u0643\u062c\u0645<\/td>\n<td width=\"133\">4500 \u0643\u062c\u0645<\/td>\n<\/tr>\n<tr>\n<td width=\"179\">\u0623\u0628\u0639\u0627\u062f \u0627\u0644\u0645\u062e\u0637\u0637 \u0627\u0644\u062a\u0641\u0635\u064a\u0644\u064a<\/td>\n<td width=\"120\">4.8 \u00d7 1.6 \u00d7 2.3 \u0645<\/td>\n<td width=\"133\">4.8 \u00d7 1.8 \u00d7 1.8 \u00d7 2.3 \u0645<\/td>\n<td width=\"133\">4.8 \u00d7 2.2 \u00d7 2.3 \u0645<\/td>\n<td width=\"133\">4.8 \u00d7 2.2 \u00d7 2.3 \u0645<\/td>\n<\/tr>\n<tr>\n<td width=\"179\">\u0623\u0644\u0648\u0627\u0646 \u0627\u0644\u0637\u0628\u0627\u0639\u0629<\/td>\n<td colspan=\"4\" width=\"520\">4 \u0623\u0644\u0648\u0627\u0646 (4+0\u060c3+1\u060c2+2)<\/td>\n<\/tr>\n<tr>\n<td width=\"179\">\u0637\u0648\u0644 \u0627\u0644\u0637\u0628\u0627\u0639\u0629<\/td>\n<td colspan=\"4\" width=\"520\">220-1200 \u0645\u0645<\/td>\n<\/tr>\n<tr>\n<td width=\"179\">\u0633\u0631\u0639\u0629 \u0627\u0644\u0645\u0627\u0643\u064a\u0646\u0629<\/td>\n<td colspan=\"4\" width=\"520\">100 \u0645\u062a\u0631\/\u062f\u0642\u064a\u0642\u0629<\/td>\n<\/tr>\n<tr>\n<td width=\"179\">\u0633\u0631\u0639\u0629 \u0627\u0644\u0637\u0628\u0627\u0639\u0629<\/td>\n<td colspan=\"4\" width=\"520\">70-80 \u0645\/\u062f\u0642\u064a\u0642\u0629<\/td>\n<\/tr>\n<tr>\n<td width=\"179\">\u0645\u0627\u062f\u0629 \u0627\u0644\u0644\u0648\u062d<\/td>\n<td colspan=\"4\" width=\"520\">\u0631\u0627\u062a\u064a\u0646\u062c \u0623\u0648 \u0645\u0637\u0627\u0637<\/td>\n<\/tr>\n<tr>\n<td width=\"179\">\u062f\u0633\u062a\u0648\u0631 \u0627\u0644\u0637\u0628\u0627\u0639\u0629<\/td>\n<td colspan=\"4\" width=\"520\">\u0623\u0633\u0637\u0648\u0627\u0646\u0629 \u0623\u0646\u064a\u0644\u0648\u0643\u0633 \u0645\u0639\u062f\u0646\u064a\u0629 \u3001 \u0623\u0633\u0637\u0648\u0627\u0646\u0629 \u0645\u0637\u0627\u0637\u064a\u0629 \u3001 \u0623\u0633\u0637\u0648\u0627\u0646\u0629 \u0645\u0637\u0644\u064a \u0628\u0627\u0644\u0643\u0631\u0648\u0645 \u3001 \u0623\u0633\u0637\u0648\u0627\u0646\u0629 \u0637\u0628\u0627\u0639\u0629 \u0623\u0633\u0637\u0648\u0627\u0646\u0629 \u0644\u0644\u0637\u0628\u0627\u0639\u0629 \u0628\u0637\u0648\u0644 400 \u0645\u0645<\/td>\n<\/tr>\n<tr>\n<td width=\"179\"><\/td>\n<td colspan=\"4\" width=\"520\">\u062c\u0647\u0627\u0632 \u0627\u062e\u062a\u064a\u0627\u0631\u064a: \u0623\u0633\u0637\u0648\u0627\u0646\u0629 \u0623\u0646\u064a\u0644\u0648\u0643\u0633 \u0633\u064a\u0631\u0627\u0645\u064a\u0643\u060c \u0634\u0641\u0631\u0629 \u0637\u0628\u064a\u0628 \u0648\u0627\u062d\u062f\u0629\u060c \u0645\u0636\u062e\u0629 \u062d\u0628\u0631;<\/td>\n<\/tr>\n<tr>\n<td width=\"179\">\u0645\u0628\u062f\u0623 \u0627\u0644\u0639\u0645\u0644<\/td>\n<td colspan=\"4\" width=\"520\">\u0627\u0644\u062a\u0631\u0648\u0633 \u0627\u0644\u062d\u0644\u0632\u0648\u0646\u064a\u0629<\/td>\n<\/tr>\n<tr>\n<td width=\"179\">\u062f\u0642\u0629 \u0627\u0644\u0637\u0628\u0627\u0639\u0629<\/td>\n<td colspan=\"4\" width=\"520\">+\/- 0.25 \u0645\u0645<\/td>\n<\/tr>\n<tr>\n<td width=\"179\">\u0633\u064f\u0645\u0643 \u0627\u0644\u0644\u0648\u062d (\u0628\u0645\u0627 \u0641\u064a \u0630\u0644\u0643 \u0627\u0644\u063a\u0631\u0627\u0621)<\/td>\n<td colspan=\"4\" width=\"520\">2.38 \u0645\u0645<\/td>\n<\/tr>\n<tr>\n<td width=\"179\">\u062c\u0647\u062f \u0627\u0644\u0645\u0627\u0643\u064a\u0646\u0629<\/td>\n<td colspan=\"4\" width=\"520\">380 \u0641\u0648\u0644\u062a 50\/60 \u0647\u0631\u062a\u0632 3 \u0641\u0648\u0644\u062a \u0641\u064a \u0627\u0644\u0633\u0627\u0639\u0629<\/td>\n<\/tr>\n<\/tbody>\n<\/table>\n<p>\u203b\u062a\u0639\u062a\u0645\u062f \u0627\u0644\u0645\u0648\u0627\u0635\u0641\u0627\u062a \u0627\u0644\u0635\u062d\u064a\u062d\u0629 \u0639\u0644\u0649 \u0627\u0644\u0637\u0631\u0627\u0632 \u0627\u0644\u0641\u0639\u0644\u064a. \u062c\u0645\u064a\u0639 \u0627\u0644\u0645\u0648\u0627\u0635\u0641\u0627\u062a \u0642\u0627\u0628\u0644\u0629 \u0644\u0644\u062a\u063a\u064a\u064a\u0631 \u062f\u0648\u0646 \u0625\u0634\u0639\u0627\u0631 \u0645\u0633\u0628\u0642. <\/p>\n<p>\u0622\u0644\u0629 \u0627\u0644\u0637\u0628\u0627\u0639\u0629 \u0641\u0644\u064a\u0643\u0633\u0648 \u062a\u062d\u0645\u064a\u0644 \u0627\u0644\u062d\u0627\u0648\u064a\u0627\u062a\u060c \u0627\u0644\u0634\u062d\u0646 \u0625\u0644\u0649 \u0628\u0644\u062f \u0622\u062e\u0631.<\/p>\n<p><img decoding=\"async\" src=\"https:\/\/shopic.mcmcclass.com\/20211215213827403350285.JPG\" alt=\"flexo_printing_machine_machine_chip_in_container.JPG\"><\/p>\n<p>\u0645\u0627\u0643\u064a\u0646\u0629 \u0637\u0628\u0627\u0639\u0629 \u0641\u0644\u064a\u0643\u0633\u0648\u060c \u0645\u0627\u0643\u064a\u0646\u0629 \u0646\u0641\u062e \u0627\u0644\u0623\u063a\u0634\u064a\u0629 \u0641\u064a \u0645\u0635\u0646\u0639 \u0627\u0644\u0639\u0645\u064a\u0644<\/p>\n<p><img decoding=\"async\" src=\"https:\/\/shopic.mcmcclass.com\/20211215213723786217429.JPG\" alt=\"\u0628\u0644\u0627\u0633\u062a\u064a\u0643-\u0643\u064a\u0633-\u0628\u0644\u0627\u0633\u062a\u064a\u0643-\u0645\u0627\u0643\u064a\u0646\u0629-\u0645\u0635\u0646\u0639-\u0645\u0635\u0646\u0639-\u0628\u0644\u0627\u0633\u062a\u064a\u0643.JPG\"><\/p>\n<p>\u062a\u0631\u0643\u064a\u0628 \u0645\u0627\u0643\u064a\u0646\u0629 \u0633\u062a\u0631\u064a\u062a\u0634 \u0641\u064a\u0644\u0645 \u0641\u064a \u0645\u0635\u0646\u0639 \u0627\u0644\u0639\u0645\u0644\u0627\u0621 \u0628\u0627\u0644\u0645\u0643\u0633\u064a\u0643<\/p>\n<p><img decoding=\"async\" src=\"https:\/\/shopic.mcmcclass.com\/20211214015056677179067.JPG\" alt=\"\u0645\u0627\u0643\u064a\u0646\u0629 \u063a\u0634\u0627\u0621 \u0645\u0637\u0627\u0637\u064a \u0645\u0637\u0627\u0637\u064a1.JPG\"><\/p>\n<p>\u0645\u062a\u0639\u0627\u0648\u0646 \u0627\u0644\u0623\u062c\u0632\u0627\u0621 \u0627\u0644\u0631\u0626\u064a\u0633\u064a\u0629 \u0644\u062f\u064a\u0646\u0627 \u0643\u0645\u062a\u0639\u0627\u0648\u0646 \u0627\u0644\u0623\u062c\u0632\u0627\u0621 \u0627\u0644\u0631\u0626\u064a\u0633\u064a\u0629 \u0643\u0639\u0644\u0627\u0645\u0629 \u062a\u062c\u0627\u0631\u064a\u0629 \u0627\u0644\u062a\u0627\u0644\u064a\u0629 (\u0627\u0644\u0623\u062c\u0632\u0627\u0621 \u0627\u0644\u0642\u064a\u0627\u0633\u064a\u0629 \u0643\u0644\u0647\u0627 \u0645\u0635\u0646\u0648\u0639\u0629 \u0645\u0646 \u0627\u0644\u0635\u064a\u0646).<\/p>\n<p><img decoding=\"async\" src=\"https:\/\/shopic.mcmcclass.com\/20211213214903233504108.jpg\" alt=\"\u0628\u0644\u0627\u0633\u062a\u064a\u0643_\u0643\u064a\u0633_\u0628\u0644\u0627\u0633\u062a\u064a\u0643_\u0645\u0627\u0643\u064a\u0646\u0629_\u0643\u0647\u0631\u0628\u0627\u0626\u064a\u0629_\u0623\u062c\u0632\u0627\u0621_\u0643\u0647\u0631\u0628\u0627\u0626\u064a\u0629.jpg\" width=\"500\" height=\"312\"><\/p>\n<p>\u0645\u0648\u0631\u062f \u0645\u0648\u0627\u062f \u0642\u0634 \u0627\u0644\u0634\u0631\u0628<\/p>\n<p><img loading=\"lazy\" decoding=\"async\" src=\"https:\/\/fshop.oss-accelerate.aliyuncs.com\/20211214224140246141552.jpg\" alt=\"Polythylene-Polypropylene-PP-HDPE-LDPE-material-Supplier-Top-ten-List(1).jpg\" width=\"500\" height=\"500\"><\/p>\n<p><img loading=\"lazy\" decoding=\"async\" src=\"https:\/\/fshop.oss-accelerate.aliyuncs.com\/20211215004555835914023.jpg\" alt=\"\u0645\u0627\u0643\u064a\u0646\u0629 \u0627\u0644\u062d\u0632 \u0627\u0644\u0623\u0648\u062a\u0648\u0645\u0627\u062a\u064a\u0643\u064a-7.jpg\" width=\"500\" height=\"476\"><\/p>\n<p><img loading=\"lazy\" decoding=\"async\" src=\"https:\/\/fshop.oss-accelerate.aliyuncs.com\/20211215004555806011983.jpg\" alt=\"\u0645\u0627\u0643\u064a\u0646\u0629 \u0627\u0644\u062d\u0632 \u0627\u0644\u0623\u0648\u062a\u0648\u0645\u0627\u062a\u064a\u0643\u064a\u0629-9.jpg\" width=\"500\" height=\"252\"><\/p>\n<p>\u0634\u0628\u0643\u0629 \u0627\u0644\u062e\u062f\u0645\u0627\u062a \u0627\u0644\u0639\u0627\u0644\u0645\u064a\u0629<\/p>\n<p><img loading=\"lazy\" decoding=\"async\" src=\"https:\/\/fshop.oss-accelerate.aliyuncs.com\/20211213231123292754909.jpg\" alt=\"\u0634\u0628\u0643\u0629 \u062a\u0633\u0648\u064a\u0642-\u0628\u0644\u0627\u0633\u062a\u064a\u0643\u0628\u0627\u063a\u0645\u0627\u0634\u064a\u0646.jpg\" width=\"481\" height=\"319\"><\/p>\n<p>&nbsp;<\/p>\n<\/div>\n<\/div>\n","protected":false},"excerpt":{"rendered":"<p>\u0645\u0627\u0643\u064a\u0646\u0629 \u0637\u0628\u0627\u0639\u0629 \u0641\u0644\u0643\u0633\u0648\u063a\u0631\u0627\u0641\u064a\u0629 \u0628\u0623\u0631\u0628\u0639\u0629 \u0623\u0644\u0648\u0627\u0646<\/p>\n","protected":false},"featured_media":30081,"comment_status":"closed","ping_status":"closed","template":"","meta":{"_acf_changed":false,"_oss_video_url":""},"product_brand":[],"product_cat":[129],"product_tag":[],"class_list":{"0":"post-31491","1":"product","2":"type-product","3":"status-publish","4":"has-post-thumbnail","6":"product_cat-129","8":"first","9":"instock","10":"shipping-taxable","11":"product-type-simple"},"acf":[],"_links":{"self":[{"href":"https:\/\/plasticbagmachine.ae\/ar\/wp-json\/wp\/v2\/product\/31491","targetHints":{"allow":["GET"]}}],"collection":[{"href":"https:\/\/plasticbagmachine.ae\/ar\/wp-json\/wp\/v2\/product"}],"about":[{"href":"https:\/\/plasticbagmachine.ae\/ar\/wp-json\/wp\/v2\/types\/product"}],"replies":[{"embeddable":true,"href":"https:\/\/plasticbagmachine.ae\/ar\/wp-json\/wp\/v2\/comments?post=31491"}],"version-history":[{"count":0,"href":"https:\/\/plasticbagmachine.ae\/ar\/wp-json\/wp\/v2\/product\/31491\/revisions"}],"wp:featuredmedia":[{"embeddable":true,"href":"https:\/\/plasticbagmachine.ae\/ar\/wp-json\/wp\/v2\/media\/30081"}],"wp:attachment":[{"href":"https:\/\/plasticbagmachine.ae\/ar\/wp-json\/wp\/v2\/media?parent=31491"}],"wp:term":[{"taxonomy":"product_brand","embeddable":true,"href":"https:\/\/plasticbagmachine.ae\/ar\/wp-json\/wp\/v2\/product_brand?post=31491"},{"taxonomy":"product_cat","embeddable":true,"href":"https:\/\/plasticbagmachine.ae\/ar\/wp-json\/wp\/v2\/product_cat?post=31491"},{"taxonomy":"product_tag","embeddable":true,"href":"https:\/\/plasticbagmachine.ae\/ar\/wp-json\/wp\/v2\/product_tag?post=31491"}],"curies":[{"name":"wp","href":"https:\/\/api.w.org\/{rel}","templated":true}]}}