{"id":31487,"date":"2025-03-28T15:03:19","date_gmt":"2025-03-28T07:03:19","guid":{"rendered":"https:\/\/plasticbagmachine.ae\/product\/%d9%85%d8%a7%d9%83%d9%8a%d9%86%d8%a9-%d8%b7%d8%a8%d8%a7%d8%b9%d8%a9-%d9%81%d9%84%d9%8a%d9%83%d8%b3%d9%88-%d8%a8%d9%84%d9%88%d9%86%d9%8a%d9%86"},"modified":"2025-03-28T15:03:19","modified_gmt":"2025-03-28T07:03:19","slug":"%d9%85%d8%a7%d9%83%d9%8a%d9%86%d8%a9-%d8%b7%d8%a8%d8%a7%d8%b9%d8%a9-%d9%81%d9%84%d9%8a%d9%83%d8%b3%d9%88-%d8%a8%d9%84%d9%88%d9%86%d9%8a%d9%86","status":"publish","type":"product","link":"https:\/\/plasticbagmachine.ae\/ar\/product\/%D9%85%D8%A7%D9%83%D9%8A%D9%86%D8%A9-%D8%B7%D8%A8%D8%A7%D8%B9%D8%A9-%D9%81%D9%84%D9%8A%D9%83%D8%B3%D9%88-%D8%A8%D9%84%D9%88%D9%86%D9%8A%D9%86","title":{"rendered":"\u0645\u0627\u0643\u064a\u0646\u0629 \u0637\u0628\u0627\u0639\u0629 \u0641\u0644\u064a\u0643\u0633\u0648 \u0628\u0644\u0648\u0646\u064a\u0646"},"content":{"rendered":"<div class=\"ProductAttr-text\"><strong>\u0645\u0627\u0643\u064a\u0646\u0629 \u0637\u0628\u0627\u0639\u0629 \u0641\u0644\u064a\u0643\u0633\u0648 \u0628\u0644\u0648\u0646\u064a\u0646<\/strong><\/div>\n<p>\u0635\u064f\u0645\u0645\u062a \u0645\u0627\u0643\u064a\u0646\u0629 \u0637\u0628\u0627\u0639\u0629 \u0641\u0644\u064a\u0643\u0633\u0648\u060c \u0627\u0644\u062a\u064a \u062a\u0633\u062a\u062e\u062f\u0645 \u0631\u0627\u062a\u0646\u062c \u0627\u0644\u062a\u062d\u0633\u0633 \u0643\u0644\u0648\u062d\u0629 \u0637\u0628\u0627\u0639\u0629 \u0645\u0631\u0646\u0629\u060c \u0644\u0637\u0628\u0627\u0639\u0629 \u0645\u0648\u0627\u062f \u0627\u0644\u062a\u0639\u0628\u0626\u0629 \u0648\u0627\u0644\u062a\u063a\u0644\u064a\u0641 \u0627\u0644\u0645\u062e\u062a\u0644\u0641\u0629 \u0645\u062b\u0644 \u0623\u0643\u064a\u0627\u0633 \u0627\u0644\u0628\u0648\u0644\u064a \u0625\u064a\u062b\u064a\u0644\u064a\u0646 \u0648\u0627\u0644\u0628\u0648\u0644\u064a \u0628\u0631\u0648\u0628\u0644\u064a\u0646 \u0648\u0627\u0644\u0633\u064a\u0644\u0648\u0641\u0627\u0646 \u0648\u0627\u0644\u0648\u0631\u0642 \u0627\u0644\u0645\u0644\u0641\u0648\u0641. \u0647\u0630\u0647 \u0627\u0644\u0645\u0639\u062f\u0627\u062a \u0645\u0646\u0627\u0633\u0628\u0629 \u0628\u0634\u0643\u0644 \u062e\u0627\u0635 \u0644\u062a\u0635\u0646\u064a\u0639 \u0623\u0643\u064a\u0627\u0633 \u0627\u0644\u062a\u063a\u0644\u064a\u0641 \u0627\u0644\u0648\u0631\u0642\u064a\u0629 \u0644\u0645\u062d\u0644\u0627\u062a \u0627\u0644\u0628\u0642\u0627\u0644\u0629 \u0648\u062d\u0642\u0627\u0626\u0628 \u0627\u0644\u064a\u062f \u0641\u064a \u0627\u0644\u0633\u0648\u0628\u0631 \u0645\u0627\u0631\u0643\u062a \u0648\u0623\u0643\u064a\u0627\u0633 \u0627\u0644\u0633\u062a\u0631\u0627\u062a \u0648\u0623\u0643\u064a\u0627\u0633 \u0627\u0644\u0645\u0644\u0627\u0628\u0633 \u0648\u0627\u0644\u0645\u0646\u062a\u062c\u0627\u062a \u0627\u0644\u0645\u0645\u0627\u062b\u0644\u0629. <\/p>\n<p>\u062a\u062a\u0645\u064a\u0632 \u0645\u0627\u0643\u064a\u0646\u0629 \u0637\u0628\u0627\u0639\u0629 \u0641\u0644\u064a\u0643\u0633\u0648 \u0628\u0627\u0644\u0645\u0645\u064a\u0632\u0627\u062a \u0627\u0644\u062a\u0627\u0644\u064a\u0629:<br \/>\n&#8211; \u062a\u0634\u063a\u064a\u0644 \u0633\u0647\u0644 \u0627\u0644\u0627\u0633\u062a\u062e\u062f\u0627\u0645 \u0648\u0628\u062f\u0621 \u062a\u0634\u063a\u064a\u0644 \u0645\u0631\u0646 \u0645\u0639 \u062a\u0633\u062c\u064a\u0644 \u062f\u0642\u064a\u0642 \u0644\u0644\u0623\u0644\u0648\u0627\u0646.<br \/>\n&#8211; \u064a\u0645\u0643\u0651\u0646 \u0639\u062f\u0627\u062f \u0627\u0644\u0639\u062f\u0627\u062f \u0645\u0646 \u062a\u062e\u0635\u064a\u0635 \u0643\u0645\u064a\u0629 \u0627\u0644\u0637\u0628\u0627\u0639\u0629 \u0648\u0627\u0644\u062a\u0648\u0642\u0641 \u0627\u0644\u062a\u0644\u0642\u0627\u0626\u064a \u0644\u0644\u0645\u0627\u0643\u064a\u0646\u0629 \u0639\u0646\u062f \u0627\u0644\u0627\u0646\u062a\u0647\u0627\u0621 \u0623\u0648 \u0627\u0633\u062a\u0646\u0641\u0627\u062f \u0627\u0644\u0645\u0648\u0627\u062f.<br \/>\n&#8211; \u0623\u0633\u0637\u0648\u0627\u0646\u0629 \u0637\u0628\u0627\u0639\u0629 \u0647\u0648\u0627\u0626\u064a\u0629 \u0642\u0627\u062f\u0631\u0629 \u0639\u0644\u0649 \u0627\u0644\u062a\u062d\u0631\u064a\u0643 \u0627\u0644\u062a\u0644\u0642\u0627\u0626\u064a \u0644\u0644\u062d\u0628\u0631 \u0628\u0639\u062f \u0627\u0644\u0631\u0641\u0639.<br \/>\n&#8211; \u0623\u0633\u0637\u0648\u0627\u0646\u0629 \u0623\u0646\u064a\u0644\u0648\u0643\u0633 \u0644\u062a\u0648\u0632\u064a\u0639 \u0627\u0644\u062d\u0628\u0631 \u0628\u0634\u0643\u0644 \u0645\u062a\u0633\u0627\u0648\u064d.<br \/>\n&#8211; \u0646\u0638\u0627\u0645 \u062a\u062c\u0641\u064a\u0641 \u0645\u0648\u062b\u0648\u0642 \u0628\u0647 \u0645\u062a\u0632\u0627\u0645\u0646 \u0645\u0639 \u062f\u0648\u0631\u0627\u0646 \u0639\u0627\u0644\u064a \u0627\u0644\u0633\u0631\u0639\u0629 \u0648\u0627\u0646\u0642\u0637\u0627\u0639 \u062a\u0644\u0642\u0627\u0626\u064a \u0644\u0644\u062f\u0627\u0626\u0631\u0629 \u0639\u0646\u062f \u062a\u0648\u0642\u0641 \u0627\u0644\u0645\u0627\u0643\u064a\u0646\u0629.<br \/>\n&#8211; \u062c\u0647\u0627\u0632 \u062a\u0633\u062c\u064a\u0644 \u0637\u0648\u0644\u064a \u0642\u0627\u0628\u0644 \u0644\u0644\u062a\u0639\u062f\u064a\u0644 \u0628\u0632\u0627\u0648\u064a\u0629 360 \u062f\u0631\u062c\u0629.<br \/>\n&#8211; \u0627\u0644\u062a\u062d\u0643\u0645 \u0641\u064a \u062a\u0631\u062f\u062f \u0633\u0631\u0639\u0629 \u0627\u0644\u0645\u062d\u0631\u0643 \u0644\u0644\u0645\u0648\u0627\u0621\u0645\u0629 \u0645\u0639 \u0633\u0631\u0639\u0627\u062a \u0627\u0644\u0637\u0628\u0627\u0639\u0629 \u0627\u0644\u0645\u062a\u0646\u0648\u0639\u0629.<br \/>\n&#8211; \u0623\u0632\u0631\u0627\u0631 \u0627\u0644\u0632\u0639\u0632\u0639\u0629\/\u0627\u0644\u062a\u0648\u0642\u0641 \u0639\u0644\u0649 \u0642\u0627\u0639\u062f\u0629 \u0623\u0633\u0637\u0648\u0627\u0646\u0629 \u0627\u0644\u0644\u0648\u062d \u0648\u0631\u0641 \u062f\u062d\u0631\u062c\u0629 \u0627\u0644\u0645\u0648\u0627\u062f \u062a\u0633\u0647\u0644 \u0639\u0645\u0644\u064a\u0629 \u0627\u0644\u062a\u0634\u063a\u064a\u0644 \u0623\u062b\u0646\u0627\u0621 \u062a\u0631\u0643\u064a\u0628 \u0627\u0644\u0644\u0648\u062d.<\/p>\n<div id=\"attachment_30906\" style=\"width: 282px\" class=\"wp-caption alignnone\"><img decoding=\"async\" aria-describedby=\"caption-attachment-30906\" class=\" wp-image-30906\" src=\"https:\/\/plasticbagmachine.ae\/wp-content\/uploads\/2025\/03\/plastic-shopping-bag.jpg\" alt=\"\u062d\u0642\u064a\u0628\u0629 \u062a\u064a \u0634\u064a\u0631\u062a \u0628\u0644\u0627\u0633\u062a\u064a\u0643\u064a\u0629\" width=\"272\" height=\"157\" srcset=\"https:\/\/plasticbagmachine.ae\/wp-content\/uploads\/2025\/03\/plastic-shopping-bag.jpg 600w, https:\/\/plasticbagmachine.ae\/wp-content\/uploads\/2025\/03\/plastic-shopping-bag-400x231.jpg 400w, https:\/\/plasticbagmachine.ae\/wp-content\/uploads\/2025\/03\/plastic-shopping-bag-430x248.jpg 430w, https:\/\/plasticbagmachine.ae\/wp-content\/uploads\/2025\/03\/plastic-shopping-bag-150x87.jpg 150w\" sizes=\"(max-width: 272px) 100vw, 272px\" \/><p id=\"caption-attachment-30906\" class=\"wp-caption-text\">\u062d\u0642\u064a\u0628\u0629 \u062a\u064a \u0634\u064a\u0631\u062a \u0628\u0644\u0627\u0633\u062a\u064a\u0643\u064a\u0629<\/p><\/div>\n<table>\n<tbody>\n<tr>\n<td><\/td>\n<td>YT-2600<\/td>\n<td>YT-2800<\/td>\n<td>YT-21000<\/td>\n<\/tr>\n<tr>\n<td><\/td>\n<td>\u0644\u0648\u0646\u0627\u0646<\/td>\n<td>\u0644\u0648\u0646\u064a\u0646<\/td>\n<td>\u0644\u0648\u0646\u064a\u0646<\/td>\n<\/tr>\n<tr>\n<td width=\"144\">\u0623\u0642\u0635\u0649 \u0639\u0631\u0636 \u0644\u0645\u0648\u0627\u062f \u0627\u0644\u0637\u0628\u0627\u0639\u0629<\/td>\n<td>600 \u0645\u0645<\/td>\n<td>800 \u0645\u0645<\/td>\n<td>1000 \u0645\u0645<\/td>\n<\/tr>\n<tr>\n<td width=\"144\">\u0623\u0642\u0635\u0649 \u0639\u0631\u0636 \u0644\u0644\u0637\u0628\u0627\u0639\u0629<\/td>\n<td>560 \u0645\u0645<\/td>\n<td>760 \u0645\u0645<\/td>\n<td>960 \u0645\u0645<\/td>\n<\/tr>\n<tr>\n<td width=\"147\">\u0646\u0637\u0627\u0642 \u0627\u0644\u0637\u0648\u0644 \u0627\u0644\u0645\u0637\u0628\u0648\u0639<\/td>\n<td width=\"146\">191-914 \u0645\u0645<\/td>\n<td width=\"146\">191-914 \u0645\u0645<\/td>\n<td width=\"165\">191-914 \u0645\u0645<\/td>\n<\/tr>\n<tr>\n<td width=\"203\">\u0627\u0644\u062d\u062f \u0627\u0644\u0623\u0642\u0635\u0649 \u0644\u0642\u0637\u0631 \u0645\u0627\u062f\u0629 \u0627\u0644\u0644\u0641\u0627\u0641\u0629<\/td>\n<td>450 \u0645\u0645<\/td>\n<td>450 \u0645\u0645<\/td>\n<td>450 \u0645\u0645<\/td>\n<\/tr>\n<tr>\n<td width=\"203\">\u0633\u0631\u0639\u0629 \u0627\u0644\u0637\u0628\u0627\u0639\u0629<\/td>\n<td width=\"148\">5-50 \u0645\/\u062f\u0642\u064a\u0642\u0629<\/td>\n<td width=\"148\">5-50 \u0645\/\u062f\u0642\u064a\u0642\u0629<\/td>\n<td width=\"165\">5-50 \u0645\/\u062f\u0642\u064a\u0642\u0629<\/td>\n<\/tr>\n<tr>\n<td width=\"203\">\u0633\u064f\u0645\u0643 \u0627\u0644\u0644\u0648\u062d\u0629 (\u0628\u0645\u0627 \u0641\u064a \u0630\u0644\u0643 \u0648\u0631\u0642 \u0627\u0644\u063a\u0631\u0627\u0621 \u062b\u0646\u0627\u0626\u064a \u0627\u0644\u062c\u0648\u0627\u0646\u0628)<\/td>\n<td>2.38 \u0645\u0645<\/td>\n<td>2.38 \u0645\u0645<\/td>\n<td>2.38 \u0645\u0645<\/td>\n<\/tr>\n<tr>\n<td>\u0625\u062c\u0645\u0627\u0644\u064a \u0627\u0644\u0637\u0627\u0642\u0629<\/td>\n<td>8 \u0643\u064a\u0644\u0648\u0648\u0627\u0637<\/td>\n<td>10 \u0643\u064a\u0644\u0648 \u0648\u0627\u062a<\/td>\n<td>12 \u0643\u064a\u0644\u0648 \u0648\u0627\u062a<\/td>\n<\/tr>\n<tr>\n<td>\u0623\u0628\u0639\u0627\u062f \u0627\u0644\u0645\u062e\u0637\u0637 \u0627\u0644\u062a\u0641\u0635\u064a\u0644\u064a<\/td>\n<td>2300\u00d7190\u00d72200 \u0645\u0645<\/td>\n<td>2300\u00d72100\u00d72200 \u0645\u0645<\/td>\n<td>2300\u00d72300\u00d72200\u00d72200 \u0645\u0645<\/td>\n<\/tr>\n<\/tbody>\n<\/table>\n<p>\u203b\u062a\u0639\u062a\u0645\u062f \u0627\u0644\u0645\u0648\u0627\u0635\u0641\u0627\u062a \u0627\u0644\u0635\u062d\u064a\u062d\u0629 \u0639\u0644\u0649 \u0627\u0644\u0637\u0631\u0627\u0632 \u0627\u0644\u0641\u0639\u0644\u064a. \u062c\u0645\u064a\u0639 \u0627\u0644\u0645\u0648\u0627\u0635\u0641\u0627\u062a \u0642\u0627\u0628\u0644\u0629 \u0644\u0644\u062a\u063a\u064a\u064a\u0631 \u062f\u0648\u0646 \u0625\u0634\u0639\u0627\u0631 \u0645\u0633\u0628\u0642. <\/p>\n<p>\u0634\u062d\u0646\u0629 \u0645\u0627\u0643\u064a\u0646\u0629 \u063a\u0634\u0627\u0621 \u0645\u0637\u0627\u0637\u064a \u0642\u0627\u0628\u0644 \u0644\u0644\u062a\u0645\u062f\u062f<\/p>\n<p><img decoding=\"async\" src=\"https:\/\/shopic.mcmcclass.com\/20211214015056647201615.JPG\" alt=\"\u0645\u0627\u0643\u064a\u0646\u0629 \u063a\u0634\u0627\u0621 \u0645\u0637\u0627\u0637\u064a \u0645\u0637\u0627\u0637\u064a \u0644\u062a\u062d\u0645\u064a\u0644 \u0627\u0644\u062d\u0627\u0648\u064a\u0629.JPG\"><\/p>\n<p>\u062a\u0631\u0643\u064a\u0628 \u0645\u0627\u0643\u064a\u0646\u0629 \u0633\u062a\u0631\u064a\u062a\u0634 \u0641\u064a\u0644\u0645 \u0641\u064a \u0645\u0635\u0646\u0639 \u0627\u0644\u0639\u0645\u0644\u0627\u0621 \u0628\u0627\u0644\u0645\u0643\u0633\u064a\u0643<\/p>\n<p><img decoding=\"async\" src=\"https:\/\/shopic.mcmcclass.com\/20211214015056677179067.JPG\" alt=\"\u0645\u0627\u0643\u064a\u0646\u0629 \u063a\u0634\u0627\u0621 \u0645\u0637\u0627\u0637\u064a \u0645\u0637\u0627\u0637\u064a1.JPG\"><\/p>\n<p>\u0645\u062a\u0639\u0627\u0648\u0646 \u0627\u0644\u0623\u062c\u0632\u0627\u0621 \u0627\u0644\u0631\u0626\u064a\u0633\u064a\u0629 \u0644\u062f\u064a\u0646\u0627 \u0643\u0645\u062a\u0639\u0627\u0648\u0646 \u0627\u0644\u0623\u062c\u0632\u0627\u0621 \u0627\u0644\u0631\u0626\u064a\u0633\u064a\u0629 \u0643\u0639\u0644\u0627\u0645\u0629 \u062a\u062c\u0627\u0631\u064a\u0629 \u0627\u0644\u062a\u0627\u0644\u064a\u0629 (\u0627\u0644\u0623\u062c\u0632\u0627\u0621 \u0627\u0644\u0642\u064a\u0627\u0633\u064a\u0629 \u0643\u0644\u0647\u0627 \u0645\u0635\u0646\u0648\u0639\u0629 \u0645\u0646 \u0627\u0644\u0635\u064a\u0646).<\/p>\n<p><img fetchpriority=\"high\" decoding=\"async\" src=\"https:\/\/shopic.mcmcclass.com\/20211213214903233504108.jpg\" alt=\"\u0628\u0644\u0627\u0633\u062a\u064a\u0643_\u0643\u064a\u0633_\u0628\u0644\u0627\u0633\u062a\u064a\u0643_\u0645\u0627\u0643\u064a\u0646\u0629_\u0643\u0647\u0631\u0628\u0627\u0626\u064a\u0629_\u0623\u062c\u0632\u0627\u0621_\u0643\u0647\u0631\u0628\u0627\u0626\u064a\u0629.jpg\" width=\"500\" height=\"312\"><\/p>\n<p>\u0645\u0648\u0631\u062f \u0645\u0648\u0627\u062f \u0642\u0634 \u0627\u0644\u0634\u0631\u0628<\/p>\n<p><img decoding=\"async\" src=\"https:\/\/fshop.oss-accelerate.aliyuncs.com\/20211214224140246141552.jpg\" alt=\"Polythylene-Polypropylene-PP-HDPE-LDPE-material-Supplier-Top-ten-List(1).jpg\" width=\"500\" height=\"500\"><\/p>\n<p><img loading=\"lazy\" decoding=\"async\" src=\"https:\/\/fshop.oss-accelerate.aliyuncs.com\/20211215004555835914023.jpg\" alt=\"\u0645\u0627\u0643\u064a\u0646\u0629 \u0627\u0644\u062d\u0632 \u0627\u0644\u0623\u0648\u062a\u0648\u0645\u0627\u062a\u064a\u0643\u064a\u0629-7.jpg\" width=\"500\" height=\"476\"><\/p>\n<p><img loading=\"lazy\" decoding=\"async\" src=\"https:\/\/fshop.oss-accelerate.aliyuncs.com\/20211215004555806011983.jpg\" alt=\"\u0645\u0627\u0643\u064a\u0646\u0629 \u0627\u0644\u062d\u0632 \u0627\u0644\u0623\u0648\u062a\u0648\u0645\u0627\u062a\u064a\u0643\u064a\u0629-9.jpg\" width=\"500\" height=\"252\"><\/p>\n<p>\u0634\u0628\u0643\u0629 \u0627\u0644\u062e\u062f\u0645\u0627\u062a \u0627\u0644\u0639\u0627\u0644\u0645\u064a\u0629<\/p>\n<p><img loading=\"lazy\" decoding=\"async\" src=\"https:\/\/fshop.oss-accelerate.aliyuncs.com\/20211213231123292754909.jpg\" alt=\"\u0634\u0628\u0643\u0629 \u062a\u0633\u0648\u064a\u0642-\u0628\u0644\u0627\u0633\u062a\u064a\u0643\u0628\u0627\u063a\u0645\u0627\u0634\u064a\u0646.jpg\" width=\"481\" height=\"319\"><\/p>\n<p>&nbsp;<\/p>\n","protected":false},"excerpt":{"rendered":"<p>\u0645\u0627\u0643\u064a\u0646\u0629 \u0637\u0628\u0627\u0639\u0629 \u0641\u0644\u064a\u0643\u0633\u0648 \u0628\u0644\u0648\u0646\u064a\u0646 \u0635\u064f\u0645\u0645\u062a \u0645\u0627\u0643\u064a\u0646\u0629 \u0637\u0628\u0627\u0639\u0629 \u0641\u0644\u064a\u0643\u0633\u0648\u060c \u0627\u0644\u062a\u064a \u062a\u0633\u062a\u062e\u062f\u0645 \u0631\u0627\u062a\u0646\u062c \u0627\u0644\u062a\u062d\u0633\u0633 \u0643\u0644\u0648\u062d\u0629 \u0637\u0628\u0627\u0639\u0629 \u0645\u0631\u0646\u0629\u060c \u0644\u0637\u0628\u0627\u0639\u0629 \u0645\u0648\u0627\u062f \u0627\u0644\u062a\u0639\u0628\u0626\u0629 \u0648\u0627\u0644\u062a\u063a\u0644\u064a\u0641 \u0627\u0644\u0645\u062e\u062a\u0644\u0641\u0629<\/p>\n","protected":false},"featured_media":30091,"comment_status":"closed","ping_status":"closed","template":"","meta":{"_acf_changed":false,"_oss_video_url":""},"product_brand":[],"product_cat":[129],"product_tag":[],"class_list":{"0":"post-31487","1":"product","2":"type-product","3":"status-publish","4":"has-post-thumbnail","6":"product_cat-129","8":"first","9":"instock","10":"shipping-taxable","11":"product-type-simple"},"acf":[],"_links":{"self":[{"href":"https:\/\/plasticbagmachine.ae\/ar\/wp-json\/wp\/v2\/product\/31487","targetHints":{"allow":["GET"]}}],"collection":[{"href":"https:\/\/plasticbagmachine.ae\/ar\/wp-json\/wp\/v2\/product"}],"about":[{"href":"https:\/\/plasticbagmachine.ae\/ar\/wp-json\/wp\/v2\/types\/product"}],"replies":[{"embeddable":true,"href":"https:\/\/plasticbagmachine.ae\/ar\/wp-json\/wp\/v2\/comments?post=31487"}],"version-history":[{"count":0,"href":"https:\/\/plasticbagmachine.ae\/ar\/wp-json\/wp\/v2\/product\/31487\/revisions"}],"wp:featuredmedia":[{"embeddable":true,"href":"https:\/\/plasticbagmachine.ae\/ar\/wp-json\/wp\/v2\/media\/30091"}],"wp:attachment":[{"href":"https:\/\/plasticbagmachine.ae\/ar\/wp-json\/wp\/v2\/media?parent=31487"}],"wp:term":[{"taxonomy":"product_brand","embeddable":true,"href":"https:\/\/plasticbagmachine.ae\/ar\/wp-json\/wp\/v2\/product_brand?post=31487"},{"taxonomy":"product_cat","embeddable":true,"href":"https:\/\/plasticbagmachine.ae\/ar\/wp-json\/wp\/v2\/product_cat?post=31487"},{"taxonomy":"product_tag","embeddable":true,"href":"https:\/\/plasticbagmachine.ae\/ar\/wp-json\/wp\/v2\/product_tag?post=31487"}],"curies":[{"name":"wp","href":"https:\/\/api.w.org\/{rel}","templated":true}]}}