{"id":31432,"date":"2025-03-28T14:02:29","date_gmt":"2025-03-28T06:02:29","guid":{"rendered":"https:\/\/plasticbagmachine.ae\/product\/%d9%85%d8%a7%d9%83%d9%8a%d9%86%d8%a9-%d8%b5%d9%86%d8%b9-%d8%a7%d9%84%d8%a3%d9%83%d9%8a%d8%a7%d8%b3-%d8%a7%d9%84%d8%a8%d9%84%d8%a7%d8%b3%d8%aa%d9%8a%d9%83%d9%8a%d8%a9-6-%d8%ae%d8%b7%d9%88%d8%b7"},"modified":"2025-03-28T14:02:29","modified_gmt":"2025-03-28T06:02:29","slug":"%d9%85%d8%a7%d9%83%d9%8a%d9%86%d8%a9-%d8%b5%d9%86%d8%b9-%d8%a7%d9%84%d8%a3%d9%83%d9%8a%d8%a7%d8%b3-%d8%a7%d9%84%d8%a8%d9%84%d8%a7%d8%b3%d8%aa%d9%8a%d9%83%d9%8a%d8%a9-6-%d8%ae%d8%b7%d9%88%d8%b7","status":"publish","type":"product","link":"https:\/\/plasticbagmachine.ae\/ar\/product\/%D9%85%D8%A7%D9%83%D9%8A%D9%86%D8%A9-%D8%B5%D9%86%D8%B9-%D8%A7%D9%84%D8%A3%D9%83%D9%8A%D8%A7%D8%B3-%D8%A7%D9%84%D8%A8%D9%84%D8%A7%D8%B3%D8%AA%D9%8A%D9%83%D9%8A%D8%A9-6-%D8%AE%D8%B7%D9%88%D8%B7","title":{"rendered":"\u0645\u0627\u0643\u064a\u0646\u0629 \u0635\u0646\u0639 \u0627\u0644\u0623\u0643\u064a\u0627\u0633 \u0627\u0644\u0628\u0644\u0627\u0633\u062a\u064a\u0643\u064a\u0629 6 \u062e\u0637\u0648\u0637"},"content":{"rendered":"<div class=\"ProductAttr\">\n<div class=\"ProductAttrItem\">\u0645\u0627\u0643\u064a\u0646\u0629 \u0635\u0646\u0639 \u0627\u0644\u0623\u0643\u064a\u0627\u0633 \u0627\u0644\u0628\u0644\u0627\u0633\u062a\u064a\u0643\u064a\u0629 6 \u062e\u0637\u0648\u0637<\/div>\n<\/div>\n<div class=\"product-tab-desc\">\n<div data-rm-block-id=\"block-2\">\u062a\u0645 \u062a\u062c\u0647\u064a\u0632 \u0645\u0627\u0643\u064a\u0646\u0629 \u062a\u0635\u0646\u064a\u0639 \u0627\u0644\u0623\u0643\u064a\u0627\u0633 \u0627\u0644\u0628\u0644\u0627\u0633\u062a\u064a\u0643\u064a\u0629 \u0630\u0627\u062a 6 \u062e\u0637\u0648\u0637 \u0628\u0633\u062a\u0629 \u0622\u0644\u0627\u062a \u0644\u0641\u060c \u0648\u0633\u062a\u0629 \u0623\u063a\u0634\u064a\u0629 \u0644\u0641\u060c \u0648\u062e\u0644\u064a\u0629 \u0636\u0648\u0626\u064a\u0629\u060c \u0648\u0644\u062f\u064a\u0647\u0627 \u0627\u0644\u0642\u062f\u0631\u0629 \u0639\u0644\u0649 \u0625\u0646\u062a\u0627\u062c 6 \u0623\u0643\u064a\u0627\u0633 \u0641\u064a \u0648\u0642\u062a \u0648\u0627\u062d\u062f. \u0648\u0647\u064a \u0645\u0646\u0627\u0633\u0628\u0629 \u0644\u062a\u0635\u0646\u064a\u0639 \u0623\u0646\u0648\u0627\u0639 \u0645\u062e\u062a\u0644\u0641\u0629 \u0645\u0646 \u0627\u0644\u0623\u0643\u064a\u0627\u0633 \u0627\u0644\u0628\u0644\u0627\u0633\u062a\u064a\u0643\u064a\u0629 \u0628\u0645\u0627 \u0641\u064a \u0630\u0644\u0643 \u0627\u0644\u0623\u0643\u064a\u0627\u0633 \u0627\u0644\u0641\u0627\u0631\u063a\u0629 \u0648\u0627\u0644\u0623\u0643\u064a\u0627\u0633 \u0627\u0644\u0645\u0644\u0648\u0646\u0629 \u0648\u0627\u0644\u0623\u0643\u064a\u0627\u0633 \u0627\u0644\u0645\u0633\u0637\u062d\u0629 \u0648\u0623\u0643\u064a\u0627\u0633 \u0627\u0644\u0633\u062a\u0631\u0627\u062a \u0648\u063a\u064a\u0631\u0647\u0627. \u062a\u0648\u0641\u0631 \u0647\u0630\u0647 \u0627\u0644\u0645\u0627\u0643\u064a\u0646\u0629 \u062a\u062d\u0643\u0645\u064b\u0627 \u0628\u0627\u0644\u0643\u0645\u0628\u064a\u0648\u062a\u0631 \u0637\u0648\u0627\u0644 \u0639\u0645\u0644\u064a\u0629 \u0627\u0644\u062a\u0635\u0646\u064a\u0639 \u0628\u0623\u0643\u0645\u0644\u0647\u0627\u060c \u0648\u062a\u062a\u0645\u064a\u0632 \u0628\u0627\u0644\u0627\u0646\u062a\u0642\u0627\u0644 \u0627\u0644\u0633\u0644\u0633 \u0645\u0646 \u0644\u0641\u0629 \u0627\u0644\u0641\u064a\u0644\u0645 \u0625\u0644\u0649 \u0627\u0644\u0643\u064a\u0633 \u0627\u0644\u0646\u0647\u0627\u0626\u064a. \u0645\u0639 \u0645\u062d\u0631\u0643 \u0645\u0624\u0627\u0632\u0631\u060c \u064a\u0645\u0643\u0646 \u0625\u062c\u0631\u0627\u0621 \u062a\u0639\u062f\u064a\u0644\u0627\u062a \u0639\u0644\u0649 \u0637\u0648\u0644 \u0627\u0644\u0643\u064a\u0633 \u0648\u0633\u0631\u0639\u0629 \u0627\u0644\u0625\u0646\u062a\u0627\u062c \u0628\u0633\u0647\u0648\u0644\u0629. \u062a\u063a\u0630\u064a\u0629 \u0627\u0644\u0641\u064a\u0644\u0645 \u0627\u0644\u062a\u0644\u0642\u0627\u0626\u064a\u0629 \u062a\u0644\u063a\u064a \u0627\u0644\u062d\u0627\u062c\u0629 \u0625\u0644\u0649 \u062a\u0639\u062f\u064a\u0644 \u0627\u0644\u0634\u062f\u060c \u0648\u0633\u0648\u0641 \u062a\u062a\u0648\u0642\u0641 \u0627\u0644\u0645\u0627\u0643\u064a\u0646\u0629 \u062a\u0644\u0642\u0627\u0626\u064a\u064b\u0627 \u0641\u064a \u062d\u0627\u0644\u0629 \u0627\u0646\u0633\u062f\u0627\u062f \u062a\u063a\u0630\u064a\u0629 \u0627\u0644\u0641\u064a\u0644\u0645 \u0623\u0648 \u0627\u0646\u062d\u0634\u0627\u0631 \u0627\u0644\u0623\u0643\u064a\u0627\u0633. \u0628\u0627\u0644\u0625\u0636\u0627\u0641\u0629 \u0625\u0644\u0649 \u0630\u0644\u0643\u060c \u062a\u062a\u0645\u064a\u0632 \u0627\u0644\u0645\u0627\u0643\u064a\u0646\u0629 \u0628\u0643\u0641\u0627\u0621\u0629 \u0625\u0646\u062a\u0627\u062c \u0639\u0627\u0644\u064a\u0629 \u0644\u062a\u062d\u0633\u064a\u0646 \u0627\u0644\u0642\u0648\u0649 \u0627\u0644\u0639\u0627\u0645\u0644\u0629 \u0648\u062a\u0648\u0641\u064a\u0631 \u0627\u0644\u0648\u0642\u062a\u060c \u0625\u0644\u0649 \u062c\u0627\u0646\u0628 \u0648\u0638\u0627\u0626\u0641 \u0627\u0644\u062e\u062a\u0645 \u0627\u0644\u062d\u0631\u0627\u0631\u064a \u0648\u0627\u0644\u0642\u0637\u0639 \u0639\u0644\u0649 \u0627\u0644\u0628\u0627\u0631\u062f.     <\/div>\n<div id=\"attachment_30977\" style=\"width: 460px\" class=\"wp-caption alignnone\"><img fetchpriority=\"high\" decoding=\"async\" aria-describedby=\"caption-attachment-30977\" class=\"6 Lines Plastic Bag Making Machine wp-image-30977\" title=\"\u0645\u0627\u0643\u064a\u0646\u0629 \u0635\u0646\u0639 \u0627\u0644\u0623\u0643\u064a\u0627\u0633 \u0627\u0644\u0628\u0644\u0627\u0633\u062a\u064a\u0643\u064a\u0629 6 \u062e\u0637\u0648\u0637\" src=\"https:\/\/plasticbagmachine.ae\/wp-content\/uploads\/2025\/03\/6-Lines-Plastic-Bag-Making-Machine.webp\" alt=\"\u0645\u0627\u0643\u064a\u0646\u0629 \u0635\u0646\u0639 \u0627\u0644\u0623\u0643\u064a\u0627\u0633 \u0627\u0644\u0628\u0644\u0627\u0633\u062a\u064a\u0643\u064a\u0629 6 \u062e\u0637\u0648\u0637\" width=\"450\" height=\"388\" srcset=\"https:\/\/plasticbagmachine.ae\/wp-content\/uploads\/2025\/03\/6-Lines-Plastic-Bag-Making-Machine.webp 883w, https:\/\/plasticbagmachine.ae\/wp-content\/uploads\/2025\/03\/6-Lines-Plastic-Bag-Making-Machine-348x300.webp 348w, https:\/\/plasticbagmachine.ae\/wp-content\/uploads\/2025\/03\/6-Lines-Plastic-Bag-Making-Machine-768x662.webp 768w, https:\/\/plasticbagmachine.ae\/wp-content\/uploads\/2025\/03\/6-Lines-Plastic-Bag-Making-Machine-430x371.webp 430w, https:\/\/plasticbagmachine.ae\/wp-content\/uploads\/2025\/03\/6-Lines-Plastic-Bag-Making-Machine-700x603.webp 700w, https:\/\/plasticbagmachine.ae\/wp-content\/uploads\/2025\/03\/6-Lines-Plastic-Bag-Making-Machine-150x129.webp 150w\" sizes=\"(max-width: 450px) 100vw, 450px\" \/><p id=\"caption-attachment-30977\" class=\"wp-caption-text\">\u0645\u0627\u0643\u064a\u0646\u0629 \u0635\u0646\u0639 \u0627\u0644\u0623\u0643\u064a\u0627\u0633 \u0627\u0644\u0628\u0644\u0627\u0633\u062a\u064a\u0643\u064a\u0629 6 \u062e\u0637\u0648\u0637<\/p><\/div>\n<p data-rm-block-id=\"block-5\"><strong>\u0627\u0644\u0645\u0639\u0644\u0645\u0629 \u0627\u0644\u062a\u0642\u0646\u064a\u0629 \u0627\u0644\u0631\u0626\u064a\u0633\u064a\u0629<\/strong><\/p>\n<table>\n<tbody>\n<tr>\n<td width=\"138\" data-rm-block-id=\"block-6\">\u0627\u0644\u0645\u0648\u062f\u064a\u0644<\/td>\n<td width=\"166\" data-rm-block-id=\"block-7\">SHXJ-D1000<\/td>\n<td width=\"166\" data-rm-block-id=\"block-8\">SHXJ-D1200<\/td>\n<td width=\"166\" data-rm-block-id=\"block-9\">SHXJ-D1500<\/td>\n<\/tr>\n<tr>\n<td width=\"138\" data-rm-block-id=\"block-10\">\u0639\u0631\u0636 \u0627\u0644\u0642\u0637\u0639 \u0648\u0627\u0644\u062e\u062a\u0645<\/td>\n<td width=\"166\" data-rm-block-id=\"block-11\">920 \u0645\u0645<\/td>\n<td width=\"166\" data-rm-block-id=\"block-12\">1120 \u0645\u0645<\/td>\n<td width=\"166\" data-rm-block-id=\"block-13\">1420 \u0645\u0645<\/td>\n<\/tr>\n<tr>\n<td width=\"138\" data-rm-block-id=\"block-14\">\u0627\u0644\u062d\u062f \u0627\u0644\u0623\u0642\u0635\u0649 \u0644\u0637\u0648\u0644 \u0627\u0644\u062d\u0642\u064a\u0628\u0629<\/td>\n<td width=\"166\" data-rm-block-id=\"block-15\">2000 \u0645\u0645<\/td>\n<td width=\"166\" data-rm-block-id=\"block-16\">2000 \u0645\u0645<\/td>\n<td width=\"166\" data-rm-block-id=\"block-17\">2000 \u0645\u0645<\/td>\n<\/tr>\n<tr>\n<td width=\"138\" data-rm-block-id=\"block-18\">\u0633\u0631\u0639\u0629 \u0627\u0644\u0645\u0627\u0643\u064a\u0646\u0629<\/td>\n<td width=\"166\" data-rm-block-id=\"block-19\">40-100 \u0642\u0637\u0639\u0629\/\u062f\u0642\u064a\u0642\u0629 \u00d7 6 \u00d7 6<\/td>\n<td width=\"166\" data-rm-block-id=\"block-20\">40-100 \u0642\u0637\u0639\u0629\/\u0627\u0644\u062f\u0642\u064a\u0642\u0629 \u00d7 6<\/td>\n<td width=\"166\" data-rm-block-id=\"block-21\">40-100 \u0642\u0637\u0639\u0629\/\u0627\u0644\u062f\u0642\u064a\u0642\u0629 \u00d7 6<\/td>\n<\/tr>\n<tr>\n<td width=\"138\" data-rm-block-id=\"block-22\">\u0639\u062f\u062f \u0627\u0644\u0634\u0631\u0627\u0626\u0637<\/td>\n<td width=\"166\" data-rm-block-id=\"block-23\">6<\/td>\n<td width=\"166\" data-rm-block-id=\"block-24\">6<\/td>\n<td width=\"166\" data-rm-block-id=\"block-25\">6<\/td>\n<\/tr>\n<tr>\n<td width=\"138\" data-rm-block-id=\"block-26\">\u0642\u0648\u0629 \u0627\u0644\u0645\u062d\u0631\u0643<\/td>\n<td width=\"166\" data-rm-block-id=\"block-27\">2.2 \u0643\u064a\u0644\u0648\u0648\u0627\u0637<\/td>\n<td width=\"166\" data-rm-block-id=\"block-28\">3 \u0643\u064a\u0644\u0648\u0648\u0627\u0637<\/td>\n<td width=\"166\" data-rm-block-id=\"block-29\">4 \u0643\u064a\u0644\u0648\u0648\u0627\u0637<\/td>\n<\/tr>\n<tr>\n<td width=\"138\" data-rm-block-id=\"block-30\">\u0627\u0644\u0648\u0632\u0646 (\u0643\u062c\u0645)<\/td>\n<td width=\"166\" data-rm-block-id=\"block-31\">1300 \u0643\u062c\u0645<\/td>\n<td width=\"166\" data-rm-block-id=\"block-32\">1300 \u0643\u062c\u0645<\/td>\n<td width=\"166\" data-rm-block-id=\"block-33\">1600 \u0643\u062c\u0645<\/td>\n<\/tr>\n<tr>\n<td width=\"138\" data-rm-block-id=\"block-34\">\u0627\u0644\u0623\u0628\u0639\u0627\u062f<\/td>\n<td width=\"166\" data-rm-block-id=\"block-35\">4500\u00d72000\u00d71800 \u0645\u0645<\/td>\n<td width=\"166\" data-rm-block-id=\"block-36\">4600\u00d72100\u00d71800\u00d71800 \u0645\u0645<\/td>\n<td width=\"166\" data-rm-block-id=\"block-37\">4800\u00d72200\u00d71800\u00d71800 \u0645\u0645<\/td>\n<\/tr>\n<tr>\n<td width=\"138\" data-rm-block-id=\"block-38\">\u0645\u0627\u062f\u0629 \u0627\u0644\u0643\u064a\u0633<\/td>\n<td colspan=\"3\" width=\"499\" data-rm-block-id=\"block-39\">\u0627\u0644\u0628\u0648\u0644\u064a \u0625\u062b\u064a\u0644\u064a\u0646 \u0645\u0646\u062e\u0641\u0636 \u0627\u0644\u0643\u062b\u0627\u0641\u0629 \u0648\u0627\u0644\u0628\u0648\u0644\u064a \u0625\u062b\u064a\u0644\u064a\u0646 \u0639\u0627\u0644\u064a \u0627\u0644\u0643\u062b\u0627\u0641\u0629 \u0648\u0627\u0644\u0628\u0648\u0644\u064a \u0625\u062b\u064a\u0644\u064a\u0646 \u0639\u0627\u0644\u064a \u0627\u0644\u0643\u062b\u0627\u0641\u0629 \u0648\u0627\u0644\u0628\u0648\u0644\u064a \u0625\u062b\u064a\u0644\u064a\u0646 \u0645\u0646\u062e\u0641\u0636 \u0627\u0644\u0643\u062b\u0627\u0641\u0629 \u0648\u0627\u0644\u0628\u0648\u0644\u064a \u0625\u062b\u064a\u0644\u064a\u0646 \u0645\u0646\u062e\u0641\u0636 \u0627\u0644\u0643\u062b\u0627\u0641\u0629<\/td>\n<\/tr>\n<tr>\n<td width=\"138\" data-rm-block-id=\"block-40\">\u0646\u0648\u0639 \u0627\u0644\u062d\u0642\u064a\u0628\u0629<\/td>\n<td colspan=\"3\" width=\"499\" data-rm-block-id=\"block-41\">\u062d\u0642\u064a\u0628\u0629 \u062a\u064a \u0634\u064a\u0631\u062a\u060c \u062d\u0642\u064a\u0628\u0629 \u062a\u0633\u0648\u0642\u060c \u062d\u0642\u064a\u0628\u0629 \u0633\u0648\u0628\u0631 \u0645\u0627\u0631\u0643\u062a\u060c \u062d\u0642\u064a\u0628\u0629 \u0643\u0646\u062a\u0627\u0643\u064a\u060c \u062d\u0642\u064a\u0628\u0629 \u0643\u0627\u0631\u0641\u0648\u0631\u060c \u062d\u0642\u064a\u0628\u0629 \u0644\u0648\u0644\u0648<\/td>\n<\/tr>\n<tr>\n<td width=\"138\" data-rm-block-id=\"block-42\">\u0644\u0648\u0646 \u0627\u0644\u0643\u064a\u0633<\/td>\n<td colspan=\"3\" width=\"499\" data-rm-block-id=\"block-43\">\u0634\u0641\u0627\u0641\u060c \u0623\u0633\u0648\u062f\u060c \u0623\u0633\u0648\u062f\u060c \u0623\u062d\u0645\u0631\u060c \u0623\u0628\u064a\u0636\u060c \u0623\u0632\u0631\u0642\u060c \u062d\u0642\u064a\u0628\u0629 \u0632\u0631\u0642\u0627\u0621\u060c \u062a\u063a\u064a\u0631 \u0644\u0648\u0646\u0647\u0627 \u0628\u0648\u0627\u0633\u0637\u0629 \u0627\u0644\u0645\u0627\u0633\u062a\u0631\u0628\u0627\u062a\u0634<\/td>\n<\/tr>\n<tr>\n<td width=\"138\" data-rm-block-id=\"block-44\">\u062c\u0647\u062f \u0627\u0644\u0637\u0627\u0642\u0629<\/td>\n<td colspan=\"3\" width=\"499\" data-rm-block-id=\"block-45\">220V<\/td>\n<\/tr>\n<tr>\n<td width=\"138\" data-rm-block-id=\"block-46\">\u0648\u0642\u062a \u0639\u0645\u0644 \u0627\u0644\u0645\u0627\u0643\u064a\u0646\u0629<\/td>\n<td colspan=\"3\" width=\"499\" data-rm-block-id=\"block-47\">24 \u0633\u0627\u0639\u0629 * 7 \u0623\u064a\u0627\u0645<\/td>\n<\/tr>\n<tr>\n<td width=\"138\" data-rm-block-id=\"block-48\">\u0627\u0644\u0636\u0645\u0627\u0646<\/td>\n<td colspan=\"3\" width=\"499\" data-rm-block-id=\"block-49\">1 \u0633\u0646\u0629<\/td>\n<\/tr>\n<\/tbody>\n<\/table>\n<div>\n<div>\n<p data-rm-block-id=\"block-50\">\u0625\u0630\u0627 \u0643\u0646\u062a \u062a\u0634\u062a\u0631\u064a \u0645\u0627\u0643\u064a\u0646\u0629 \u0648\u0627\u062d\u062f\u0629 \u0641\u0642\u0637\u060c \u0641\u0633\u0646\u0642\u0648\u0645 \u0628\u062a\u0639\u0628\u0626\u0629 \u0627\u0644\u0645\u0627\u0643\u064a\u0646\u0629 \u0628\u0639\u0628\u0648\u0629 \u062e\u0634\u0628\u064a\u0629\u060c \u0648\u062a\u062d\u0645\u064a\u0644 \u0627\u0644\u062d\u0627\u0648\u064a\u0629 \u0645\u0639<strong> <\/strong><strong>\u0623\u0642\u0644 \u0645\u0646 \u062d\u0645\u0648\u0644\u0629 \u0627\u0644\u062d\u0627\u0648\u064a\u0629 \uff08LCLL\uff09.<\/strong><\/p>\n<p data-rm-block-id=\"block-51\"><strong><img decoding=\"async\" src=\"https:\/\/plasticbagmachine.ae\/wp-content\/uploads\/2025\/05\/machinewithwoodenpack.jpg\" width=\"500\"><\/strong><\/p>\n<p data-rm-block-id=\"block-52\">\u0645\u062a\u0639\u0627\u0648\u0646 \u0627\u0644\u0623\u062c\u0632\u0627\u0621 \u0627\u0644\u0631\u0626\u064a\u0633\u064a\u0629 \u0644\u062f\u064a\u0646\u0627 \u0643\u0645\u062a\u0639\u0627\u0648\u0646 \u0627\u0644\u0639\u0644\u0627\u0645\u0629 \u0627\u0644\u062a\u062c\u0627\u0631\u064a\u0629 \u0627\u0644\u062a\u0627\u0644\u064a\u0629\u060c \u0648\u0644\u0643\u0646 \u0627\u0644\u0623\u062c\u0632\u0627\u0621 \u0627\u0644\u0642\u064a\u0627\u0633\u064a\u0629 \u0643\u0644\u0647\u0627 \u0645\u0635\u0646\u0648\u0639\u0629 \u0645\u0646 \u0627\u0644\u0635\u064a\u0646.<\/p>\n<p data-rm-block-id=\"block-53\"><img decoding=\"async\" src=\"https:\/\/plasticbagmachine.ae\/wp-content\/uploads\/2025\/05\/machinepartssupplier.jpg\" alt=\"\u0645\u062d\u0644\u0648\u0644 \u0642\u0637\u0639 \u063a\u064a\u0627\u0631 \u0645\u0627\u0643\u064a\u0646\u0627\u062a \u0627\u0644\u0623\u0643\u064a\u0627\u0633 \u0627\u0644\u0628\u0644\u0627\u0633\u062a\u064a\u0643\u064a\u0629\" width=\"500\"><\/p>\n<p data-rm-block-id=\"block-54\"><img decoding=\"async\" src=\"https:\/\/plasticbagmachine.ae\/wp-content\/uploads\/2025\/05\/plastic-bag-machine-supplier.jpg\" alt=\"\u0645\u0648\u0631\u062f \u0645\u0627\u0643\u064a\u0646\u0627\u062a \u0627\u0644\u0623\u0643\u064a\u0627\u0633 \u0627\u0644\u0628\u0644\u0627\u0633\u062a\u064a\u0643\u064a\u0629.jpg\"><\/p>\n<p data-rm-block-id=\"block-55\"><img decoding=\"async\" src=\"https:\/\/plasticbagmachine.ae\/wp-content\/uploads\/2025\/05\/Plastic-bag-machine-factory.jpg\" alt=\"\u0645\u0635\u0646\u0639 \u0645\u0627\u0643\u064a\u0646\u0627\u062a \u0627\u0644\u0623\u0643\u064a\u0627\u0633 \u0627\u0644\u0628\u0644\u0627\u0633\u062a\u064a\u0643\u064a\u0629\" width=\"489\" height=\"496\"><\/p>\n<p data-rm-block-id=\"block-56\"><img decoding=\"async\" src=\"https:\/\/plasticbagmachine.ae\/wp-content\/uploads\/2025\/05\/plasticbagmachinesolution.jpg\" alt=\"\u0645\u062d\u0644\u0648\u0644 \u0622\u0644\u0629 \u0627\u0644\u0623\u0643\u064a\u0627\u0633 \u0627\u0644\u0628\u0644\u0627\u0633\u062a\u064a\u0643\u064a\u0629\" width=\"500\"><\/p>\n<p data-rm-block-id=\"block-57\"><img decoding=\"async\" src=\"https:\/\/plasticbagmachine.ae\/wp-content\/uploads\/2025\/05\/shipmentplasticmachines.jpg\" alt=\"\u0645\u0627\u0643\u064a\u0646\u0627\u062a \u0634\u062d\u0646 \u0627\u0644\u0623\u0643\u064a\u0627\u0633 \u0627\u0644\u0628\u0644\u0627\u0633\u062a\u064a\u0643\u064a\u0629\" width=\"500\"><\/p>\n<\/div>\n<\/div>\n<\/div>\n","protected":false},"excerpt":{"rendered":"<p>\u0645\u0627\u0643\u064a\u0646\u0629 \u0635\u0646\u0639 \u0627\u0644\u0623\u0643\u064a\u0627\u0633 \u0627\u0644\u0628\u0644\u0627\u0633\u062a\u064a\u0643\u064a\u0629 6 \u062e\u0637\u0648\u0637 \u062a\u0645 \u062a\u062c\u0647\u064a\u0632 \u0645\u0627\u0643\u064a\u0646\u0629 \u062a\u0635\u0646\u064a\u0639 \u0627\u0644\u0623\u0643\u064a\u0627\u0633 \u0627\u0644\u0628\u0644\u0627\u0633\u062a\u064a\u0643\u064a\u0629 \u0630\u0627\u062a 6 \u062e\u0637\u0648\u0637 \u0628\u0633\u062a\u0629 \u0622\u0644\u0627\u062a \u0644\u0641\u060c \u0648\u0633\u062a\u0629 \u0623\u063a\u0634\u064a\u0629<\/p>\n","protected":false},"featured_media":29923,"comment_status":"closed","ping_status":"closed","template":"","meta":{"_acf_changed":false,"_oss_video_url":""},"product_brand":[],"product_cat":[133],"product_tag":[],"class_list":{"0":"post-31432","1":"product","2":"type-product","3":"status-publish","4":"has-post-thumbnail","6":"product_cat-133","8":"first","9":"instock","10":"shipping-taxable","11":"product-type-simple"},"acf":[],"_links":{"self":[{"href":"https:\/\/plasticbagmachine.ae\/ar\/wp-json\/wp\/v2\/product\/31432","targetHints":{"allow":["GET"]}}],"collection":[{"href":"https:\/\/plasticbagmachine.ae\/ar\/wp-json\/wp\/v2\/product"}],"about":[{"href":"https:\/\/plasticbagmachine.ae\/ar\/wp-json\/wp\/v2\/types\/product"}],"replies":[{"embeddable":true,"href":"https:\/\/plasticbagmachine.ae\/ar\/wp-json\/wp\/v2\/comments?post=31432"}],"version-history":[{"count":0,"href":"https:\/\/plasticbagmachine.ae\/ar\/wp-json\/wp\/v2\/product\/31432\/revisions"}],"wp:featuredmedia":[{"embeddable":true,"href":"https:\/\/plasticbagmachine.ae\/ar\/wp-json\/wp\/v2\/media\/29923"}],"wp:attachment":[{"href":"https:\/\/plasticbagmachine.ae\/ar\/wp-json\/wp\/v2\/media?parent=31432"}],"wp:term":[{"taxonomy":"product_brand","embeddable":true,"href":"https:\/\/plasticbagmachine.ae\/ar\/wp-json\/wp\/v2\/product_brand?post=31432"},{"taxonomy":"product_cat","embeddable":true,"href":"https:\/\/plasticbagmachine.ae\/ar\/wp-json\/wp\/v2\/product_cat?post=31432"},{"taxonomy":"product_tag","embeddable":true,"href":"https:\/\/plasticbagmachine.ae\/ar\/wp-json\/wp\/v2\/product_tag?post=31432"}],"curies":[{"name":"wp","href":"https:\/\/api.w.org\/{rel}","templated":true}]}}