{"id":31429,"date":"2025-03-28T13:57:51","date_gmt":"2025-03-28T05:57:51","guid":{"rendered":"https:\/\/plasticbagmachine.ae\/product\/%d9%85%d8%a7%d9%83%d9%8a%d9%86%d8%a9-%d8%a3%d9%83%d9%8a%d8%a7%d8%b3-%d8%a7%d9%84%d9%82%d9%85%d8%b5%d8%a7%d9%86-%d8%a7%d9%84%d8%a8%d9%84%d8%a7%d8%b3%d8%aa%d9%8a%d9%83%d9%8a%d8%a9-%d8%a7%d9%84%d8%a3"},"modified":"2025-03-28T13:57:51","modified_gmt":"2025-03-28T05:57:51","slug":"%d9%85%d8%a7%d9%83%d9%8a%d9%86%d8%a9-%d8%a3%d9%83%d9%8a%d8%a7%d8%b3-%d8%a7%d9%84%d9%82%d9%85%d8%b5%d8%a7%d9%86-%d8%a7%d9%84%d8%a8%d9%84%d8%a7%d8%b3%d8%aa%d9%8a%d9%83%d9%8a%d8%a9-%d8%a7%d9%84%d8%a3","status":"publish","type":"product","link":"https:\/\/plasticbagmachine.ae\/ar\/product\/%D9%85%D8%A7%D9%83%D9%8A%D9%86%D8%A9-%D8%A3%D9%83%D9%8A%D8%A7%D8%B3-%D8%A7%D9%84%D9%82%D9%85%D8%B5%D8%A7%D9%86-%D8%A7%D9%84%D8%A8%D9%84%D8%A7%D8%B3%D8%AA%D9%8A%D9%83%D9%8A%D8%A9-%D8%A7%D9%84%D8%A3","title":{"rendered":"\u0645\u0627\u0643\u064a\u0646\u0629 \u0623\u0643\u064a\u0627\u0633 \u0627\u0644\u0642\u0645\u0635\u0627\u0646 \u0627\u0644\u0628\u0644\u0627\u0633\u062a\u064a\u0643\u064a\u0629 \u0627\u0644\u0623\u0648\u062a\u0648\u0645\u0627\u062a\u064a\u0643\u064a\u0629"},"content":{"rendered":"<div class=\"ProductAttr\">\n<div class=\"ProductAttrItem\">\n<div data-rm-block-id=\"block-1\">\u0645\u0627\u0643\u064a\u0646\u0629 \u0623\u0643\u064a\u0627\u0633 \u0627\u0644\u0642\u0645\u0635\u0627\u0646 \u0627\u0644\u0628\u0644\u0627\u0633\u062a\u064a\u0643\u064a\u0629 \u0627\u0644\u0623\u0648\u062a\u0648\u0645\u0627\u062a\u064a\u0643\u064a\u0629<\/div>\n<div class=\"ProductAttr-text\" data-rm-block-id=\"block-2\">\u0645\u062f\u0645\u062c \u062f\u0627\u062e\u0644 \u0645\u0627\u0643\u064a\u0646\u0629 \u0623\u0643\u064a\u0627\u0633 \u0627\u0644\u0642\u0645\u0635\u0627\u0646 \u0627\u0644\u0628\u0644\u0627\u0633\u062a\u064a\u0643\u064a\u0629 \u0627\u0644\u0623\u0648\u062a\u0648\u0645\u0627\u062a\u064a\u0643\u064a\u0629 \u0645\u064a\u0632\u0627\u062a \u0645\u0635\u0645\u0645\u0629 \u0644\u0636\u0645\u0627\u0646 \u062a\u062d\u062f\u064a\u062f \u0645\u0648\u0636\u0639 \u062b\u0642\u0628 \u0627\u0644\u062a\u062b\u0642\u064a\u0628 \u0628\u062f\u0642\u0629\u060c \u0645\u0645\u0627 \u064a\u0646\u062a\u062c \u0639\u0646\u0647 \u0643\u062a\u0644\u0629 \u0633\u0641\u0644\u064a\u0629 \u0645\u0646\u0638\u0645\u0629 \u0648\u0645\u0646\u0638\u0645\u0629 \u062c\u064a\u062f\u064b\u0627 \u0644\u0644\u0643\u064a\u0633. \u064a\u0633\u0627\u0639\u062f \u062f\u0645\u062c \u0627\u0644\u062d\u0632\u0627\u0645 \u0627\u0644\u0646\u0627\u0642\u0644 \u0627\u0644\u062a\u0644\u0642\u0627\u0626\u064a \u0641\u064a \u062c\u0645\u0639 \u0646\u0641\u0627\u064a\u0627\u062a \u0627\u0644\u062a\u062b\u0642\u064a\u0628 \u0645\u0646 \u0623\u062c\u0644 \u0627\u0644\u062a\u0646\u0638\u064a\u0641 \u0627\u0644\u0645\u0631\u064a\u062d. \u062a\u0623\u062a\u064a \u0627\u0644\u0645\u0627\u0643\u064a\u0646\u0629 \u0645\u0632\u0648\u062f\u0629 \u0628\u0642\u0637\u0639 \u063a\u064a\u0627\u0631 \u062a\u0634\u0645\u0644 \u0645\u062c\u0645\u0648\u0639\u062a\u064a\u0646 \u0645\u0646 \u0627\u0644\u0645\u062d\u0631\u0643\u0627\u062a \u0627\u0644\u0645\u0624\u0627\u0632\u0631\u0629 \u0645\u0646 \u0628\u0627\u0646\u0627\u0633\u0648\u0646\u064a\u0643\u060c \u0648\u0645\u062c\u0645\u0648\u0639\u0629 \u0648\u0627\u062d\u062f\u0629 \u0645\u0646 \u0628\u0627\u0646\u0627\u0633\u0648\u0646\u064a\u0643 PLC\u060c \u0648\u0645\u062b\u0642\u0627\u0628\u064a\u0646 \u0647\u064a\u062f\u0631\u0648\u0644\u064a\u0643\u064a\u064a\u0646\u060c \u0648\u0646\u0638\u0627\u0645 \u0623\u0648\u062a\u0648\u0645\u0627\u062a\u064a\u0643\u064a \u0644\u0644\u062a\u062b\u0642\u064a\u0628 \u0627\u0644\u0625\u0644\u0643\u062a\u0631\u0648\u0646\u064a.  <\/div>\n<\/div>\n<\/div>\n<div class=\"product-tab-desc\">\n<div id=\"attachment_30965\" style=\"width: 460px\" class=\"wp-caption alignnone\"><img fetchpriority=\"high\" decoding=\"async\" aria-describedby=\"caption-attachment-30965\" class=\"plastic shopping bag wp-image-30965\" title=\"\u062d\u0642\u064a\u0628\u0629 \u062a\u0633\u0648\u0642 \u0628\u0644\u0627\u0633\u062a\u064a\u0643\u064a\u0629\" src=\"https:\/\/plasticbagmachine.ae\/wp-content\/uploads\/2025\/03\/plastic-shopping-bag.webp\" alt=\"\u062d\u0642\u064a\u0628\u0629 \u062a\u0633\u0648\u0642 \u0628\u0644\u0627\u0633\u062a\u064a\u0643\u064a\u0629\" width=\"450\" height=\"177\" srcset=\"https:\/\/plasticbagmachine.ae\/wp-content\/uploads\/2025\/03\/plastic-shopping-bag.webp 754w, https:\/\/plasticbagmachine.ae\/wp-content\/uploads\/2025\/03\/plastic-shopping-bag-400x157.webp 400w, https:\/\/plasticbagmachine.ae\/wp-content\/uploads\/2025\/03\/plastic-shopping-bag-430x169.webp 430w, https:\/\/plasticbagmachine.ae\/wp-content\/uploads\/2025\/03\/plastic-shopping-bag-700x275.webp 700w, https:\/\/plasticbagmachine.ae\/wp-content\/uploads\/2025\/03\/plastic-shopping-bag-150x59.webp 150w\" sizes=\"(max-width: 450px) 100vw, 450px\" \/><p id=\"caption-attachment-30965\" class=\"wp-caption-text\">\u062d\u0642\u064a\u0628\u0629 \u062a\u0633\u0648\u0642 \u0628\u0644\u0627\u0633\u062a\u064a\u0643\u064a\u0629<\/p><\/div>\n<div id=\"attachment_30966\" style=\"width: 460px\" class=\"wp-caption alignnone\"><img decoding=\"async\" aria-describedby=\"caption-attachment-30966\" class=\"High Speed Automatic Shopping Bag Machine wp-image-30966\" title=\"\u0645\u0627\u0643\u064a\u0646\u0629 \u0623\u0643\u064a\u0627\u0633 \u0627\u0644\u062a\u0633\u0648\u0642 \u0627\u0644\u0623\u0648\u062a\u0648\u0645\u0627\u062a\u064a\u0643\u064a\u0629 \u0639\u0627\u0644\u064a\u0629 \u0627\u0644\u0633\u0631\u0639\u0629\" src=\"https:\/\/plasticbagmachine.ae\/wp-content\/uploads\/2025\/03\/High-Speed-Automatic-Shopping-Bag-Machine.webp\" alt=\"\u0645\u0627\u0643\u064a\u0646\u0629 \u0623\u0643\u064a\u0627\u0633 \u0627\u0644\u062a\u0633\u0648\u0642 \u0627\u0644\u0623\u0648\u062a\u0648\u0645\u0627\u062a\u064a\u0643\u064a\u0629 \u0639\u0627\u0644\u064a\u0629 \u0627\u0644\u0633\u0631\u0639\u0629\" width=\"450\" height=\"297\" srcset=\"https:\/\/plasticbagmachine.ae\/wp-content\/uploads\/2025\/03\/High-Speed-Automatic-Shopping-Bag-Machine.webp 831w, https:\/\/plasticbagmachine.ae\/wp-content\/uploads\/2025\/03\/High-Speed-Automatic-Shopping-Bag-Machine-400x264.webp 400w, https:\/\/plasticbagmachine.ae\/wp-content\/uploads\/2025\/03\/High-Speed-Automatic-Shopping-Bag-Machine-768x507.webp 768w, https:\/\/plasticbagmachine.ae\/wp-content\/uploads\/2025\/03\/High-Speed-Automatic-Shopping-Bag-Machine-430x284.webp 430w, https:\/\/plasticbagmachine.ae\/wp-content\/uploads\/2025\/03\/High-Speed-Automatic-Shopping-Bag-Machine-700x462.webp 700w, https:\/\/plasticbagmachine.ae\/wp-content\/uploads\/2025\/03\/High-Speed-Automatic-Shopping-Bag-Machine-150x99.webp 150w\" sizes=\"(max-width: 450px) 100vw, 450px\" \/><p id=\"caption-attachment-30966\" class=\"wp-caption-text\">\u0645\u0627\u0643\u064a\u0646\u0629 \u0623\u0643\u064a\u0627\u0633 \u0627\u0644\u062a\u0633\u0648\u0642 \u0627\u0644\u0623\u0648\u062a\u0648\u0645\u0627\u062a\u064a\u0643\u064a\u0629 \u0639\u0627\u0644\u064a\u0629 \u0627\u0644\u0633\u0631\u0639\u0629<\/p><\/div>\n<p>\u062d\u0642\u064a\u0628\u0629 \u062a\u0633\u0648\u0642 \u0628\u0644\u0627\u0633\u062a\u064a\u0643\u064a\u0629<\/p>\n<div id=\"attachment_30964\" style=\"width: 460px\" class=\"wp-caption alignnone\"><img decoding=\"async\" aria-describedby=\"caption-attachment-30964\" class=\"plastic shopping bag wp-image-30964\" title=\"\u062d\u0642\u064a\u0628\u0629 \u062a\u0633\u0648\u0642 \u0628\u0644\u0627\u0633\u062a\u064a\u0643\u064a\u0629\" src=\"https:\/\/plasticbagmachine.ae\/wp-content\/uploads\/2025\/03\/plastic-shopping-bag-mexico.webp\" alt=\"\u062d\u0642\u064a\u0628\u0629 \u062a\u0633\u0648\u0642 \u0628\u0644\u0627\u0633\u062a\u064a\u0643\u064a\u0629\" width=\"450\" height=\"205\" srcset=\"https:\/\/plasticbagmachine.ae\/wp-content\/uploads\/2025\/03\/plastic-shopping-bag-mexico.webp 870w, https:\/\/plasticbagmachine.ae\/wp-content\/uploads\/2025\/03\/plastic-shopping-bag-mexico-400x182.webp 400w, https:\/\/plasticbagmachine.ae\/wp-content\/uploads\/2025\/03\/plastic-shopping-bag-mexico-768x350.webp 768w, https:\/\/plasticbagmachine.ae\/wp-content\/uploads\/2025\/03\/plastic-shopping-bag-mexico-430x196.webp 430w, https:\/\/plasticbagmachine.ae\/wp-content\/uploads\/2025\/03\/plastic-shopping-bag-mexico-700x319.webp 700w, https:\/\/plasticbagmachine.ae\/wp-content\/uploads\/2025\/03\/plastic-shopping-bag-mexico-150x68.webp 150w\" sizes=\"(max-width: 450px) 100vw, 450px\" \/><p id=\"caption-attachment-30964\" class=\"wp-caption-text\">\u062d\u0642\u064a\u0628\u0629 \u062a\u0633\u0648\u0642 \u0628\u0644\u0627\u0633\u062a\u064a\u0643\u064a\u0629<\/p><\/div>\n<p data-rm-block-id=\"block-11\">\u0627\u0644\u0645\u062a\u063a\u064a\u0631\u0627\u062a \u0627\u0644\u0641\u0646\u064a\u0629 \u0627\u0644\u0631\u0626\u064a\u0633\u064a\u0629:<\/p>\n<table>\n<tbody>\n<tr>\n<td width=\"202\" data-rm-block-id=\"block-12\">\u0627\u0644\u0645\u0648\u062f\u064a\u0644<\/td>\n<td width=\"413\" data-rm-block-id=\"block-13\">KDSS-450X2<\/td>\n<\/tr>\n<tr>\n<td width=\"202\" data-rm-block-id=\"block-14\">\u0623\u0642\u0635\u0649 \u0639\u0631\u0636 \u0644\u0644\u0643\u064a\u0633<\/td>\n<td width=\"413\" data-rm-block-id=\"block-15\">200-400 \u0645\u0645<\/td>\n<\/tr>\n<tr>\n<td width=\"202\" data-rm-block-id=\"block-16\">\u0623\u0642\u0635\u0649 \u0637\u0648\u0644 \u0644\u0644\u0643\u064a\u0633<\/td>\n<td width=\"413\" data-rm-block-id=\"block-17\">300-600 \u0645\u0645<\/td>\n<\/tr>\n<tr>\n<td width=\"202\" data-rm-block-id=\"block-18\">\u0627\u0644\u0633\u0637\u0631<\/td>\n<td width=\"413\" data-rm-block-id=\"block-19\">2 \u0633\u0637\u0631<\/td>\n<\/tr>\n<tr>\n<td width=\"202\" data-rm-block-id=\"block-20\">\u0633\u064f\u0645\u0643 \u0627\u0644\u063a\u0634\u0627\u0621<\/td>\n<td width=\"413\" data-rm-block-id=\"block-21\">0.01-0.05 \u0645\u0645<\/td>\n<\/tr>\n<tr>\n<td width=\"202\" data-rm-block-id=\"block-22\">\u0633\u0631\u0639\u0629 \u0627\u0644\u0645\u0627\u0643\u064a\u0646\u0629<\/td>\n<td width=\"413\" data-rm-block-id=\"block-23\">200-250 \u0642\u0637\u0639\u0629\/\u062f\u0642\u064a\u0642\u0629<\/td>\n<\/tr>\n<tr>\n<td width=\"202\" data-rm-block-id=\"block-24\">\u062d\u0642\u064a\u0628\u0629 \u0645\u0637\u0628\u0648\u0639\u0629<\/td>\n<td width=\"413\" data-rm-block-id=\"block-25\">\u064a\u0645\u0643\u0646 \u0625\u0646\u062a\u0627\u062c \u062d\u0642\u064a\u0628\u0629 \u0645\u0637\u0628\u0648\u0639\u0629 \u0648\u0628\u062f\u0648\u0646 \u062d\u0642\u064a\u0628\u0629 \u0645\u0637\u0628\u0648\u0639\u0629<\/td>\n<\/tr>\n<tr>\n<td width=\"202\" data-rm-block-id=\"block-26\">\u0645\u0627\u062f\u0629 \u0627\u0644\u0643\u064a\u0633<\/td>\n<td width=\"413\" data-rm-block-id=\"block-27\">\u0627\u0644\u0628\u0648\u0644\u064a \u0625\u062b\u064a\u0644\u064a\u0646 \u0645\u0646\u062e\u0641\u0636 \u0627\u0644\u0643\u062b\u0627\u0641\u0629 \u0648\u0627\u0644\u0628\u0648\u0644\u064a \u0625\u062b\u064a\u0644\u064a\u0646 \u0639\u0627\u0644\u064a \u0627\u0644\u0643\u062b\u0627\u0641\u0629 \u0648\u0627\u0644\u0628\u0648\u0644\u064a \u0625\u062b\u064a\u0644\u064a\u0646 \u0639\u0627\u0644\u064a \u0627\u0644\u0643\u062b\u0627\u0641\u0629 \u0648\u0627\u0644\u0628\u0648\u0644\u064a \u0625\u062b\u064a\u0644\u064a\u0646 \u0645\u0646\u062e\u0641\u0636 \u0627\u0644\u0643\u062b\u0627\u0641\u0629 \u0648\u0627\u0644\u0628\u0648\u0644\u064a \u0625\u062b\u064a\u0644\u064a\u0646 \u0645\u0646\u062e\u0641\u0636 \u0627\u0644\u0643\u062b\u0627\u0641\u0629<\/td>\n<\/tr>\n<tr>\n<td width=\"202\" data-rm-block-id=\"block-28\">\u062d\u0642\u064a\u0628\u0629<\/td>\n<td width=\"413\" data-rm-block-id=\"block-29\">\u062d\u0642\u064a\u0628\u0629 \u062a\u064a \u0634\u064a\u0631\u062a\u060c \u062d\u0642\u064a\u0628\u0629 \u062a\u0633\u0648\u0642\u060c \u062d\u0642\u064a\u0628\u0629 \u062a\u0633\u0648\u0642\u060c \u062d\u0642\u064a\u0628\u0629 \u0633\u0648\u0628\u0631 \u0645\u0627\u0631\u0643\u062a\u060c \u062d\u0642\u064a\u0628\u0629 \u0643\u0646\u062a\u0627\u0643\u064a \u0641\u0631\u0627\u064a\u062f \u062a\u0634\u064a\u0643\u0646<\/td>\n<\/tr>\n<tr>\n<td width=\"202\" data-rm-block-id=\"block-30\">\u0636\u063a\u0637 \u0627\u0644\u0647\u0648\u0627\u0621<\/td>\n<td width=\"413\" data-rm-block-id=\"block-31\">2 \u062d\u0635\u0627\u0646 2HP<\/td>\n<\/tr>\n<tr>\n<td width=\"202\" data-rm-block-id=\"block-32\">\u0625\u062c\u0645\u0627\u0644\u064a \u0627\u0644\u0637\u0627\u0642\u0629<\/td>\n<td width=\"413\" data-rm-block-id=\"block-33\">14 \u0643\u064a\u0644\u0648 \u0648\u0627\u0637<\/td>\n<\/tr>\n<tr>\n<td width=\"202\" data-rm-block-id=\"block-34\">\u0648\u0632\u0646 \u0627\u0644\u0645\u0627\u0643\u064a\u0646\u0629<\/td>\n<td width=\"413\" data-rm-block-id=\"block-35\">2600 \u0643\u062c\u0645<\/td>\n<\/tr>\n<tr>\n<td width=\"202\" data-rm-block-id=\"block-36\">\u062d\u062c\u0645 \u0627\u0644\u0645\u0627\u0643\u064a\u0646\u0629<\/td>\n<td width=\"413\" data-rm-block-id=\"block-37\">6500 \u00d7 1500 \u00d7 1500 \u00d7 1900 \u0645\u0645<\/td>\n<\/tr>\n<\/tbody>\n<\/table>\n<div>\n<div>\n<p data-rm-block-id=\"block-38\">\u0625\u0630\u0627 \u0643\u0646\u062a \u062a\u0634\u062a\u0631\u064a \u0645\u0627\u0643\u064a\u0646\u0629 \u0648\u0627\u062d\u062f\u0629 \u0641\u0642\u0637\u060c \u0641\u0633\u0646\u0642\u0648\u0645 \u0628\u062a\u0639\u0628\u0626\u0629 \u0627\u0644\u0645\u0627\u0643\u064a\u0646\u0629 \u0628\u0639\u0628\u0648\u0629 \u062e\u0634\u0628\u064a\u0629\u060c \u0648\u062a\u062d\u0645\u064a\u0644 \u0627\u0644\u062d\u0627\u0648\u064a\u0629 \u0645\u0639<strong> <\/strong><strong>\u0623\u0642\u0644 \u0645\u0646 \u062d\u0645\u0648\u0644\u0629 \u0627\u0644\u062d\u0627\u0648\u064a\u0629 \uff08LCLL\uff09.<\/strong><\/p>\n<p data-rm-block-id=\"block-39\"><strong><img decoding=\"async\" src=\"https:\/\/plasticbagmachine.ae\/wp-content\/uploads\/2025\/05\/machinewithwoodenpack.jpg\" width=\"500\"><\/strong><\/p>\n<p data-rm-block-id=\"block-40\">\u0645\u062a\u0639\u0627\u0648\u0646 \u0627\u0644\u0623\u062c\u0632\u0627\u0621 \u0627\u0644\u0631\u0626\u064a\u0633\u064a\u0629 \u0644\u062f\u064a\u0646\u0627 \u0643\u0645\u062a\u0639\u0627\u0648\u0646 \u0627\u0644\u0639\u0644\u0627\u0645\u0629 \u0627\u0644\u062a\u062c\u0627\u0631\u064a\u0629 \u0627\u0644\u062a\u0627\u0644\u064a\u0629\u060c \u0648\u0644\u0643\u0646 \u0627\u0644\u0623\u062c\u0632\u0627\u0621 \u0627\u0644\u0642\u064a\u0627\u0633\u064a\u0629 \u0643\u0644\u0647\u0627 \u0645\u0635\u0646\u0648\u0639\u0629 \u0645\u0646 \u0627\u0644\u0635\u064a\u0646.<\/p>\n<p data-rm-block-id=\"block-41\"><img decoding=\"async\" src=\"https:\/\/plasticbagmachine.ae\/wp-content\/uploads\/2025\/05\/machinepartssupplier.jpg\" alt=\"\u0645\u062d\u0644\u0648\u0644 \u0642\u0637\u0639 \u063a\u064a\u0627\u0631 \u0645\u0627\u0643\u064a\u0646\u0627\u062a \u0627\u0644\u0623\u0643\u064a\u0627\u0633 \u0627\u0644\u0628\u0644\u0627\u0633\u062a\u064a\u0643\u064a\u0629\" width=\"500\"><\/p>\n<p data-rm-block-id=\"block-42\"><img decoding=\"async\" src=\"https:\/\/plasticbagmachine.ae\/wp-content\/uploads\/2025\/05\/plastic-bag-machine-supplier.jpg\" alt=\"\u0645\u0648\u0631\u062f \u0645\u0627\u0643\u064a\u0646\u0627\u062a \u0627\u0644\u0623\u0643\u064a\u0627\u0633 \u0627\u0644\u0628\u0644\u0627\u0633\u062a\u064a\u0643\u064a\u0629.jpg\"><\/p>\n<p data-rm-block-id=\"block-43\"><img loading=\"lazy\" decoding=\"async\" src=\"https:\/\/plasticbagmachine.ae\/wp-content\/uploads\/2025\/05\/Plastic-bag-machine-factory.jpg\" alt=\"\u0645\u0635\u0646\u0639 \u0645\u0627\u0643\u064a\u0646\u0627\u062a \u0627\u0644\u0623\u0643\u064a\u0627\u0633 \u0627\u0644\u0628\u0644\u0627\u0633\u062a\u064a\u0643\u064a\u0629\" width=\"489\" height=\"496\"><\/p>\n<p data-rm-block-id=\"block-44\"><img decoding=\"async\" src=\"https:\/\/plasticbagmachine.ae\/wp-content\/uploads\/2025\/05\/plasticbagmachinesolution.jpg\" alt=\"\u0645\u062d\u0644\u0648\u0644 \u0622\u0644\u0629 \u0627\u0644\u0623\u0643\u064a\u0627\u0633 \u0627\u0644\u0628\u0644\u0627\u0633\u062a\u064a\u0643\u064a\u0629\" width=\"500\"><\/p>\n<p data-rm-block-id=\"block-45\"><img decoding=\"async\" src=\"https:\/\/plasticbagmachine.ae\/wp-content\/uploads\/2025\/05\/shipmentplasticmachines.jpg\" alt=\"\u0645\u0627\u0643\u064a\u0646\u0627\u062a \u0634\u062d\u0646 \u0627\u0644\u0623\u0643\u064a\u0627\u0633 \u0627\u0644\u0628\u0644\u0627\u0633\u062a\u064a\u0643\u064a\u0629\" width=\"500\"><\/p>\n<\/div>\n<\/div>\n<\/div>\n","protected":false},"excerpt":{"rendered":"<p>\u0645\u0627\u0643\u064a\u0646\u0629 \u0623\u0643\u064a\u0627\u0633 \u0627\u0644\u0642\u0645\u0635\u0627\u0646 \u0627\u0644\u0628\u0644\u0627\u0633\u062a\u064a\u0643\u064a\u0629 \u0627\u0644\u0623\u0648\u062a\u0648\u0645\u0627\u062a\u064a\u0643\u064a\u0629 \u0645\u062f\u0645\u062c \u062f\u0627\u062e\u0644 \u0645\u0627\u0643\u064a\u0646\u0629 \u0623\u0643\u064a\u0627\u0633 \u0627\u0644\u0642\u0645\u0635\u0627\u0646 \u0627\u0644\u0628\u0644\u0627\u0633\u062a\u064a\u0643\u064a\u0629 \u0627\u0644\u0623\u0648\u062a\u0648\u0645\u0627\u062a\u064a\u0643\u064a\u0629 \u0645\u064a\u0632\u0627\u062a \u0645\u0635\u0645\u0645\u0629 \u0644\u0636\u0645\u0627\u0646 \u062a\u062d\u062f\u064a\u062f \u0645\u0648\u0636\u0639 \u062b\u0642\u0628 \u0627\u0644\u062a\u062b\u0642\u064a\u0628 \u0628\u062f\u0642\u0629\u060c<\/p>\n","protected":false},"featured_media":31430,"comment_status":"closed","ping_status":"closed","template":"","meta":{"_acf_changed":false,"_oss_video_url":""},"product_brand":[],"product_cat":[133],"product_tag":[],"class_list":{"0":"post-31429","1":"product","2":"type-product","3":"status-publish","4":"has-post-thumbnail","6":"product_cat-133","8":"first","9":"instock","10":"shipping-taxable","11":"product-type-simple"},"acf":[],"_links":{"self":[{"href":"https:\/\/plasticbagmachine.ae\/ar\/wp-json\/wp\/v2\/product\/31429","targetHints":{"allow":["GET"]}}],"collection":[{"href":"https:\/\/plasticbagmachine.ae\/ar\/wp-json\/wp\/v2\/product"}],"about":[{"href":"https:\/\/plasticbagmachine.ae\/ar\/wp-json\/wp\/v2\/types\/product"}],"replies":[{"embeddable":true,"href":"https:\/\/plasticbagmachine.ae\/ar\/wp-json\/wp\/v2\/comments?post=31429"}],"version-history":[{"count":0,"href":"https:\/\/plasticbagmachine.ae\/ar\/wp-json\/wp\/v2\/product\/31429\/revisions"}],"wp:featuredmedia":[{"embeddable":true,"href":"https:\/\/plasticbagmachine.ae\/ar\/wp-json\/wp\/v2\/media\/31430"}],"wp:attachment":[{"href":"https:\/\/plasticbagmachine.ae\/ar\/wp-json\/wp\/v2\/media?parent=31429"}],"wp:term":[{"taxonomy":"product_brand","embeddable":true,"href":"https:\/\/plasticbagmachine.ae\/ar\/wp-json\/wp\/v2\/product_brand?post=31429"},{"taxonomy":"product_cat","embeddable":true,"href":"https:\/\/plasticbagmachine.ae\/ar\/wp-json\/wp\/v2\/product_cat?post=31429"},{"taxonomy":"product_tag","embeddable":true,"href":"https:\/\/plasticbagmachine.ae\/ar\/wp-json\/wp\/v2\/product_tag?post=31429"}],"curies":[{"name":"wp","href":"https:\/\/api.w.org\/{rel}","templated":true}]}}