{"id":31423,"date":"2025-03-28T15:45:45","date_gmt":"2025-03-28T07:45:45","guid":{"rendered":"https:\/\/plasticbagmachine.ae\/product\/%d9%85%d8%a7%d9%83%d9%8a%d9%86%d8%a9-%d8%ad%d8%b2-%d8%a7%d9%84%d9%88%d8%b1%d9%82"},"modified":"2025-03-28T15:45:45","modified_gmt":"2025-03-28T07:45:45","slug":"%d9%85%d8%a7%d9%83%d9%8a%d9%86%d8%a9-%d8%ad%d8%b2-%d8%a7%d9%84%d9%88%d8%b1%d9%82","status":"publish","type":"product","link":"https:\/\/plasticbagmachine.ae\/ar\/product\/%D9%85%D8%A7%D9%83%D9%8A%D9%86%D8%A9-%D8%AD%D8%B2-%D8%A7%D9%84%D9%88%D8%B1%D9%82","title":{"rendered":"\u0645\u0627\u0643\u064a\u0646\u0629 \u062d\u0632 \u0627\u0644\u0648\u0631\u0642"},"content":{"rendered":"<div id=\"tab-desc\" class=\"tab-pane active\" role=\"tabpanel\">\n<div class=\"product-tab-desc\">\n<p>\u0645\u0627\u0643\u064a\u0646\u0629 \u062d\u0632 \u0627\u0644\u0648\u0631\u0642<\/p>\n<p>\u0645\u0627\u0643\u064a\u0646\u0629 \u0627\u0644\u062a\u0642\u0637\u064a\u0639 \u0647\u0630\u0647 \u0645\u062b\u0627\u0644\u064a\u0629 \u0644\u0642\u0637\u0639 \u0623\u0646\u0648\u0627\u0639 \u0645\u062e\u062a\u0644\u0641\u0629 \u0645\u0646 \u0627\u0644\u0648\u0631\u0642 \u0648\u0627\u0644\u0623\u063a\u0634\u064a\u0629 \u0627\u0644\u0628\u0644\u0627\u0633\u062a\u064a\u0643\u064a\u0629\u060c \u0645\u062b\u0644 \u0648\u0631\u0642 \u0627\u0644\u0644\u0641\u0627\u0626\u0641\u060c \u0648\u0623\u063a\u0634\u064a\u0629 PET\u060c \u0648\u0623\u063a\u0634\u064a\u0629 PVC\u060c \u0648\u0623\u063a\u0634\u064a\u0629 LDEP\u060c \u0648\u0623\u063a\u0634\u064a\u0629 HDPE. \u0648\u0647\u064a \u0645\u062c\u0647\u0632\u0629 \u0628\u0639\u0627\u0643\u0633 \u0644\u0644\u062a\u062d\u0643\u0645 \u0641\u064a \u0627\u0644\u0633\u0631\u0639\u0629\u060c \u0648\u062a\u062d\u0643\u0645 \u0623\u0648\u062a\u0648\u0645\u0627\u062a\u064a\u0643\u064a \u0641\u064a \u0627\u0644\u0634\u062f\u060c \u0648\u0645\u0642\u064a\u0627\u0633 \u0644\u0644\u0639\u062f \u0627\u0644\u062f\u0642\u064a\u0642\u060c \u0648\u0644\u0641\u0627\u0641\u0629 \u0633\u0637\u062d\u064a\u0629. \u0622\u0644\u0629 \u062d\u0632 \u0627\u0644\u0648\u0631\u0642 \u0647\u0630\u0647 \u0645\u0646\u0627\u0633\u0628\u0629 \u0644\u0639\u0645\u0644\u064a\u0627\u062a \u0627\u0644\u0642\u0637\u0639 \u0627\u0644\u062f\u0642\u064a\u0642\u0629 \u0648\u0627\u0644\u0641\u0639\u0627\u0644\u0629.  <\/p>\n<div id=\"attachment_30721\" style=\"width: 460px\" class=\"wp-caption alignnone\"><img decoding=\"async\" aria-describedby=\"caption-attachment-30721\" class=\"wp-image-30721\" src=\"https:\/\/plasticbagmachine.ae\/wp-content\/uploads\/2025\/03\/paper-roller-slitter-machine.webp\" alt=\"\u0645\u0627\u0643\u064a\u0646\u0629 \u0634\u0642 \u0623\u0633\u0637\u0648\u0627\u0646\u0629 \u0627\u0644\u0648\u0631\u0642\" width=\"450\" height=\"450\" srcset=\"https:\/\/plasticbagmachine.ae\/wp-content\/uploads\/2025\/03\/paper-roller-slitter-machine.webp 497w, https:\/\/plasticbagmachine.ae\/wp-content\/uploads\/2025\/03\/paper-roller-slitter-machine-300x300.webp 300w, https:\/\/plasticbagmachine.ae\/wp-content\/uploads\/2025\/03\/paper-roller-slitter-machine-150x150.webp 150w, https:\/\/plasticbagmachine.ae\/wp-content\/uploads\/2025\/03\/paper-roller-slitter-machine-430x430.webp 430w\" sizes=\"(max-width: 450px) 100vw, 450px\" \/><p id=\"caption-attachment-30721\" class=\"wp-caption-text\">\u0645\u0627\u0643\u064a\u0646\u0629 \u0634\u0642 \u0623\u0633\u0637\u0648\u0627\u0646\u0629 \u0627\u0644\u0648\u0631\u0642<\/p><\/div>\n<p>\u062a\u0648\u0641\u0631 \u0645\u0627\u0643\u064a\u0646\u0629 \u062d\u0632 \u0627\u0644\u0648\u0631\u0642 \u0627\u0644\u0645\u064a\u0632\u0627\u062a \u0627\u0644\u062a\u0627\u0644\u064a\u0629:<br \/>\n&#8211; \u0645\u0646\u0627\u0633\u0628 \u0644\u0645\u062e\u062a\u0644\u0641 \u0627\u0644\u0645\u0648\u0627\u062f \u0628\u0645\u0627 \u0641\u064a \u0630\u0644\u0643 \u0627\u0644\u0648\u0631\u0642\u060c \u0648\u0627\u0644\u0628\u0648\u0644\u064a \u0625\u064a\u062b\u064a\u0644\u064a\u0646 \u0645\u0646\u062e\u0641\u0636 \u0627\u0644\u0643\u062b\u0627\u0641\u0629\u060c \u0648\u0627\u0644\u0628\u0648\u0644\u064a \u0625\u064a\u062b\u064a\u0644\u064a\u0646 \u0639\u0627\u0644\u064a \u0627\u0644\u0643\u062b\u0627\u0641\u0629\u060c \u0648\u0627\u0644\u0628\u0648\u0644\u064a \u0625\u064a\u062b\u064a\u0644\u064a\u0646 \u0639\u0627\u0644\u064a \u0627\u0644\u0643\u062b\u0627\u0641\u0629\u060c \u0648\u0627\u0644\u0628\u0648\u0644\u064a \u0625\u064a\u062b\u064a\u0644\u064a\u0646 \u0645\u0646\u062e\u0641\u0636 \u0627\u0644\u0643\u062b\u0627\u0641\u0629\u060c \u0648\u0627\u0644\u0628\u0648\u0644\u064a \u0628\u0631\u0648\u0628\u064a\u0644\u064a\u0646 \u062b\u0646\u0627\u0626\u064a \u0627\u0644\u0641\u064a\u0646\u064a\u0644 \u0645\u062a\u0639\u062f\u062f \u0627\u0644\u0628\u0631\u0648\u0628\u064a\u0644\u064a\u0646\u060c \u0648\u0627\u0644\u0628\u0648\u0644\u064a \u0628\u0631\u0648\u0628\u064a\u0644\u064a\u0646 \u0645\u062a\u0639\u062f\u062f \u0627\u0644\u0628\u0631\u0648\u062a\u064a\u0646\u060c \u0648\u0627\u0644\u0628\u0648\u0644\u064a \u0625\u064a\u062b\u064a\u0644\u064a\u0646 \u062a\u064a\u0631\u064a\u0641\u062b\u0627\u0644\u064a\u062a<br \/>\n&#8211; \u0633\u0631\u0639\u0629 \u064a\u062a\u0645 \u0627\u0644\u062a\u062d\u0643\u0645 \u0641\u064a\u0647\u0627 \u0628\u0627\u0644\u0639\u0627\u0643\u0633 \u0644\u062a\u0648\u0641\u064a\u0631 \u0627\u0644\u0637\u0627\u0642\u0629 \u0628\u0643\u0641\u0627\u0621\u0629 \u0641\u064a \u0627\u0633\u062a\u0647\u0644\u0627\u0643 \u0627\u0644\u0637\u0627\u0642\u0629<br \/>\n&#8211; \u0633\u0639\u0629 \u0639\u0631\u0636 \u0627\u0644\u0641\u064a\u0644\u0645 \u0628\u064a\u0646 600 \u0645\u0645 \u0625\u0644\u0649 1200 \u0645\u0645<br \/>\n&#8211; \u0645\u062c\u0647\u0632 \u0628\u0634\u062f \u0623\u0648\u062a\u0648\u0645\u0627\u062a\u064a\u0643\u064a \u0648\u062a\u062d\u0643\u0645 \u0641\u064a \u0648\u0636\u0639 \u0627\u0644\u062d\u0627\u0641\u0629<br \/>\n&#8211; \u064a\u062a\u0645\u064a\u0632 \u0628\u0639\u0645\u0648\u062f \u0646\u0641\u062e \u0647\u0648\u0627\u0626\u064a \u0645\u0632\u062f\u0648\u062c \u0642\u0627\u0628\u0644 \u0644\u0644\u0646\u0641\u062e \u0644\u0627\u0633\u062a\u0628\u062f\u0627\u0644 \u0633\u0631\u064a\u0639 \u0644\u0644\u0645\u0648\u0627\u062f<br \/>\n&#8211; \u064a\u0633\u062a\u062e\u062f\u0645 \u062f\u062d\u0631\u062c\u0629 \u0627\u0644\u0633\u0637\u062d \u0644\u0633\u0647\u0648\u0644\u0629 \u0634\u0642 \u0627\u0644\u0648\u0631\u0642 \u0627\u0644\u0636\u064a\u0642 \u0623\u0648 \u0627\u0644\u0641\u064a\u0644\u0645 \u0627\u0644\u0636\u064a\u0642<br \/>\n&#8211; \u064a\u0623\u062a\u064a \u0628\u0636\u0645\u0627\u0646 \u0644\u0645\u062f\u0629 \u0639\u0627\u0645 \u0648\u0627\u062d\u062f \u0644\u0644\u062a\u0634\u063a\u064a\u0644 \u062f\u0648\u0646 \u062a\u0648\u0642\u0641<br \/>\n&#8211; \u062a\u0635\u0645\u064a\u0645 \u0628\u0633\u064a\u0637 \u0644\u0633\u0647\u0648\u0644\u0629 \u0627\u0644\u062a\u0634\u063a\u064a\u0644\u060c \u0645\u062b\u0627\u0644\u064a \u0644\u0644\u0645\u0628\u062a\u062f\u0626\u064a\u0646<br \/>\n&#8211; \u0645\u062a\u0648\u0641\u0631 \u0628\u062e\u064a\u0627\u0631\u0627\u062a \u0637\u0627\u0642\u0629 \u0645\u062e\u062a\u0644\u0641\u0629 \u0628\u0645\u0627 \u0641\u064a \u0630\u0644\u0643 220 \u0641\u0648\u0644\u062a\u060c 380 \u0641\u0648\u0644\u062a\u060c 440 \u0641\u0648\u0644\u062a\u060c 480 \u0641\u0648\u0644\u062a (\u0642\u0627\u0628\u0644\u0629 \u0644\u0644\u062a\u062e\u0635\u064a\u0635 \u0628\u0646\u0627\u0621\u064b \u0639\u0644\u0649 \u0627\u0644\u0645\u062a\u0637\u0644\u0628\u0627\u062a)<br \/>\n&#8211; \u064a\u0648\u0641\u0631 \u062e\u062f\u0645\u0627\u062a \u0645\u0627 \u0628\u0639\u062f \u0627\u0644\u0628\u064a\u0639\u060c \u0628\u0645\u0627 \u0641\u064a \u0630\u0644\u0643 \u062f\u0639\u0645 \u0627\u0644\u062a\u0631\u0643\u064a\u0628 \u0648\u0627\u0644\u062a\u062f\u0631\u064a\u0628 \u0639\u0646 \u0637\u0631\u064a\u0642 \u0625\u0631\u0633\u0627\u0644 \u0645\u0647\u0646\u062f\u0633\u064a\u0646 \u0625\u0644\u0649 \u0645\u0635\u0646\u0639 \u0627\u0644\u0645\u0634\u062a\u0631\u064a<br \/>\n&#8211; \u064a\u0631\u062d\u0628 \u0628\u0627\u0644\u0645\u0627\u0643\u064a\u0646\u0627\u062a \u0627\u0644\u0645\u062e\u0635\u0635\u0629 \u0648\u062a\u0635\u0645\u064a\u0645\u0627\u062a \u0645\u0635\u0646\u0639\u064a \u0627\u0644\u0645\u0639\u062f\u0627\u062a \u0627\u0644\u0623\u0635\u0644\u064a\u0629.<\/p>\n<p><img decoding=\"async\" src=\"https:\/\/shopic.mcmcclass.com\/20211214012611404830927.jpg\" alt=\"\u0631\u0633\u0645 \u0645\u0627\u0643\u064a\u0646\u0629 \u062d\u0632\u0651. jpg\"><\/p>\n<p>\u0627\u0644\u0645\u062a\u063a\u064a\u0631\u0627\u062a \u0627\u0644\u0641\u0646\u064a\u0629 \u0627\u0644\u0631\u0626\u064a\u0633\u064a\u0629:<\/p>\n<table>\n<tbody>\n<tr>\n<td width=\"127\">\u0627\u0644\u0646\u0648\u0639<\/td>\n<td width=\"191\">BFQ-600<\/td>\n<td width=\"157\">BFQ-800<\/td>\n<td width=\"151\">BFQ-1000<\/td>\n<\/tr>\n<tr>\n<td width=\"127\">\u0627\u0644\u062d\u062f \u0627\u0644\u0623\u0642\u0635\u0649. \u0639\u0631\u0636 \u0627\u0644\u0644\u0641\u0629 \u0627\u0644\u0623\u0645 <\/td>\n<td width=\"191\">600 \u0645\u0645<\/td>\n<td width=\"157\">800 \u0645\u0645<\/td>\n<td width=\"151\">1000 \u0645\u0645<\/td>\n<\/tr>\n<tr>\n<td width=\"127\">\u0627\u0644\u062d\u062f \u0627\u0644\u0623\u0642\u0635\u0649. \u0642\u0637\u0631 \u0627\u0644\u0644\u0641\u0629 \u0627\u0644\u0623\u0645 <\/td>\n<td width=\"191\">\u0444600 \u0645\u0645<\/td>\n<td width=\"157\">\u0444600 \u0645\u0645<\/td>\n<td width=\"151\">\u0444600 \u0645\u0645<\/td>\n<\/tr>\n<tr>\n<td width=\"127\">\u0627\u0644\u0645\u0648\u0627\u062f<\/td>\n<td colspan=\"3\" width=\"502\">\u0648\u0631\u0642\u060c HDPE\u060c HDPE\u060c LDPE\u060c LLDPE\u060c LLDPE\u060c PET\u060c BOPP\u060c OPP\u060c CPP \u0641\u064a\u0644\u0645<\/td>\n<\/tr>\n<tr>\n<td width=\"127\">\u0639\u0631\u0636 \u0627\u0644\u0644\u0641\u0629 \u0627\u0644\u0646\u0647\u0627\u0626\u064a\u0629<\/td>\n<td width=\"191\">20 \uff5e 600 \u0645\u0645<\/td>\n<td width=\"157\">20 \uff5e800 \u0645\u0645<\/td>\n<td width=\"151\">20 \uff5e 1000 \u0645\u0645<\/td>\n<\/tr>\n<tr>\n<td width=\"127\">\u0633\u0631\u0639\u0629 \u0627\u0644\u062d\u0632 \u0648\u0625\u0639\u0627\u062f\u0629 \u0627\u0644\u0644\u0641<\/td>\n<td width=\"191\">5 \uff5e 120 \u0645\/\u062f\u0642\u064a\u0642\u0629<\/td>\n<td width=\"157\">5 \uff5e 120 \u0645\/\u062f\u0642\u064a\u0642\u0629<\/td>\n<td width=\"151\">5 \uff5e 120 \u0645\/\u062f\u0642\u064a\u0642\u0629<\/td>\n<\/tr>\n<tr>\n<td width=\"127\">\u062a\u0641\u0627\u0648\u062a \u062a\u062d\u0645\u0644 EPC<\/td>\n<td width=\"191\">\uff1c \u00b1 0.5 \u0645\u0645<\/td>\n<td width=\"157\">\uff1c\u00b1 0.5 \u0645\u0645<\/td>\n<td width=\"151\">\uff1c\u00b1 0.5 \u0645\u0645<\/td>\n<\/tr>\n<tr>\n<td width=\"127\">\u0625\u062c\u0645\u0627\u0644\u064a \u0627\u0644\u0637\u0627\u0642\u0629<\/td>\n<td width=\"191\">2.2 \u0643\u064a\u0644\u0648\u0648\u0627\u0637<\/td>\n<td width=\"157\">3 \u0643\u064a\u0644\u0648\u0648\u0627\u0637<\/td>\n<td width=\"151\">3 \u0643\u064a\u0644\u0648\u0648\u0627\u0637<\/td>\n<\/tr>\n<tr>\n<td width=\"127\">\u0648\u0632\u0646 \u0627\u0644\u0645\u0627\u0643\u064a\u0646\u0629<\/td>\n<td width=\"191\">1200 \u0643\u062c\u0645<\/td>\n<td width=\"157\">1400 \u0643\u062c\u0645<\/td>\n<td width=\"151\">1600 \u0643\u062c\u0645<\/td>\n<\/tr>\n<tr>\n<td width=\"127\">\u0627\u0644\u0628\u064f\u0639\u062f \u0627\u0644\u0643\u0644\u064a<\/td>\n<td width=\"191\">19\u00d710\u00d713 \u0633\u0645<\/td>\n<td width=\"157\">23\u00d710\u00d713 \u0633\u0645<\/td>\n<td width=\"151\">25\u00d710\u00d710\u00d713 \u0633\u0645<\/td>\n<\/tr>\n<tr>\n<td width=\"127\">\u062c\u0647\u062f \u0627\u0644\u0637\u0627\u0642\u0629<\/td>\n<td colspan=\"3\" width=\"502\">220 \u0641\u0648\u0644\u062a\u060c 380 \u0641\u0648\u0644\u062a\u060c 440 \u0641\u0648\u0644\u062a\u060c 480 \u0641\u0648\u0644\u062a (\u062d\u0633\u0628 \u0627\u0644\u0637\u0644\u0628\u060c \u0639\u0644\u0649 \u0633\u0628\u064a\u0644 \u0627\u0644\u0645\u062b\u0627\u0644: \u0627\u0644\u0648\u0644\u0627\u064a\u0627\u062a \u0627\u0644\u0645\u062a\u062d\u062f\u0629 \u0627\u0644\u0623\u0645\u0631\u064a\u0643\u064a\u0629 480 \u0641\u0648\u0644\u062a 60 \u0647\u0631\u062a\u0632\u060c \u0627\u0644\u0645\u0643\u0633\u064a\u0643 440 \u0641\u0648\u0644\u062a\/220 \u0641\u0648\u0644\u062a 60 \u0647\u0631\u062a\u0632\u060c \u0627\u0644\u0645\u0645\u0644\u0643\u0629 \u0627\u0644\u0639\u0631\u0628\u064a\u0629 \u0627\u0644\u0633\u0639\u0648\u062f\u064a\u0629 380 \u0641\u0648\u0644\u062a 60 \u0647\u0631\u062a\u0632\u060c \u0646\u064a\u062c\u064a\u0631\u064a\u0627 415 \u0641\u0648\u0644\u062a 50 \u0647\u0631\u062a\u0632 &#8230;)<\/td>\n<\/tr>\n<tr>\n<td width=\"127\">\u0642\u0637\u0631 \u0627\u0644\u0645\u0627\u062f\u0629 \u0627\u0644\u0623\u0633\u0627\u0633\u064a\u0629<\/td>\n<td colspan=\"3\" width=\"502\">76 \u0645\u0645 (3 \u0628\u0648\u0635\u0629)<\/td>\n<\/tr>\n<tr>\n<td width=\"127\">\u0648\u0642\u062a \u0639\u0645\u0644 \u0627\u0644\u0645\u0627\u0643\u064a\u0646\u0629<\/td>\n<td colspan=\"3\" width=\"502\">24 \u0633\u0627\u0639\u0629 * 7 \u0623\u064a\u0627\u0645<\/td>\n<\/tr>\n<tr>\n<td width=\"127\">\u0627\u0644\u0636\u0645\u0627\u0646<\/td>\n<td colspan=\"3\" width=\"502\">1 \u0633\u0646\u0629<\/td>\n<\/tr>\n<tr>\n<td width=\"127\">\u0627\u0644\u0645\u0633\u0627\u0639\u062f\u0629 \u0627\u0644\u0641\u0646\u064a\u0629<\/td>\n<td colspan=\"3\" width=\"502\">\u0645\u0647\u0646\u062f\u0633\u0648\u0646 \u0645\u062a\u0627\u062d\u0648\u0646 \u0644\u062e\u062f\u0645\u0629 \u0627\u0644\u0645\u0627\u0643\u064a\u0646\u0627\u062a \u0641\u064a \u0627\u0644\u062e\u0627\u0631\u062c<\/td>\n<\/tr>\n<\/tbody>\n<\/table>\n<p>\u203b\u062a\u0639\u062a\u0645\u062f \u0627\u0644\u0645\u0648\u0627\u0635\u0641\u0627\u062a \u0627\u0644\u0635\u062d\u064a\u062d\u0629 \u0639\u0644\u0649 \u0627\u0644\u0637\u0631\u0627\u0632 \u0627\u0644\u0641\u0639\u0644\u064a. \u062c\u0645\u064a\u0639 \u0627\u0644\u0645\u0648\u0627\u0635\u0641\u0627\u062a \u0642\u0627\u0628\u0644\u0629 \u0644\u0644\u062a\u063a\u064a\u064a\u0631 \u062f\u0648\u0646 \u0625\u0634\u0639\u0627\u0631 \u0645\u0633\u0628\u0642. <\/p>\n<p><span style=\"font-size: 16px;\">\t\t<div data-elementor-type=\"page\" data-elementor-id=\"30715\" class=\"elementor elementor-30715\" data-elementor-post-type=\"elementor_library\">\n\t\t\t\t\t\t<section class=\"elementor-section elementor-top-section elementor-element elementor-element-dd5fd82 elementor-section-boxed elementor-section-height-default elementor-section-height-default\" data-id=\"dd5fd82\" data-element_type=\"section\">\n\t\t\t\t\t\t<div class=\"elementor-container elementor-column-gap-default\">\n\t\t\t\t\t<div class=\"elementor-column elementor-col-100 elementor-top-column elementor-element elementor-element-29f06ecf\" data-id=\"29f06ecf\" data-element_type=\"column\">\n\t\t\t<div class=\"elementor-widget-wrap elementor-element-populated\">\n\t\t\t\t\t\t<div class=\"elementor-element elementor-element-7b4aca51 elementor-widget elementor-widget-heading\" data-id=\"7b4aca51\" data-element_type=\"widget\" data-widget_type=\"heading.default\">\n\t\t\t\t<div class=\"elementor-widget-container\">\n\t\t\t\t\t<h2 class=\"elementor-heading-title elementor-size-default\">Shipment<\/h2>\t\t\t\t<\/div>\n\t\t\t\t<\/div>\n\t\t\t\t<div class=\"elementor-element elementor-element-6a248944 elementor-widget-divider--view-line elementor-widget elementor-widget-divider\" data-id=\"6a248944\" data-element_type=\"widget\" data-widget_type=\"divider.default\">\n\t\t\t\t<div class=\"elementor-widget-container\">\n\t\t\t\t\t\t\t<div class=\"elementor-divider\">\n\t\t\t<span class=\"elementor-divider-separator\">\n\t\t\t\t\t\t<\/span>\n\t\t<\/div>\n\t\t\t\t\t\t<\/div>\n\t\t\t\t<\/div>\n\t\t\t\t\t<\/div>\n\t\t<\/div>\n\t\t\t\t\t<\/div>\n\t\t<\/section>\n\t\t<div class=\"wd-negative-gap elementor-element elementor-element-1b9c4c32 e-flex e-con-boxed e-con e-parent\" data-id=\"1b9c4c32\" data-element_type=\"container\">\n\t\t\t\t\t<div class=\"e-con-inner\">\n\t\t\t\t<div class=\"elementor-element elementor-element-413e5b30 elementor-widget elementor-widget-wp-widget-text\" data-id=\"413e5b30\" data-element_type=\"widget\" data-widget_type=\"wp-widget-text.default\">\n\t\t\t\t<div class=\"elementor-widget-container\">\n\t\t\t\t\t<h5>shipment of plastic bag machine<\/h5>\t\t\t<div class=\"textwidget\"><div>\n<p>If you only buy one machine,we will pack machine with wooden pack,and loading container with<strong>Less Than Container Load\uff08LCL\uff09.<\/strong><\/p>\n<\/div>\n<p><img fetchpriority=\"high\" decoding=\"async\" fetchpriority=\"high\" class=\"size-full wp-image-30712\" src=\"https:\/\/plasticbagmachine.ae\/wp-content\/uploads\/2025\/03\/Price-Slitting-machine-near-us.webp\" alt=\"slitting machine in wooden pack\" width=\"497\" height=\"497\" srcset=\"https:\/\/plasticbagmachine.ae\/wp-content\/uploads\/2025\/03\/Price-Slitting-machine-near-us.webp 497w, https:\/\/plasticbagmachine.ae\/wp-content\/uploads\/2025\/03\/Price-Slitting-machine-near-us-300x300.webp 300w, https:\/\/plasticbagmachine.ae\/wp-content\/uploads\/2025\/03\/Price-Slitting-machine-near-us-150x150.webp 150w, https:\/\/plasticbagmachine.ae\/wp-content\/uploads\/2025\/03\/Price-Slitting-machine-near-us-430x430.webp 430w\" sizes=\"(max-width: 497px) 100vw, 497px\" \/><\/p>\n<div>\n<p>If you buy one container machines,we will pack machine with stretch film and loading container directly\u00a0<strong>(FCL full container load).<\/strong><\/p>\n<p><img loading=\"lazy\" decoding=\"async\" class=\"size-full wp-image-30711\" src=\"https:\/\/plasticbagmachine.ae\/wp-content\/uploads\/2025\/03\/Price-Slitting-slitter-machine-near-us.webp\" alt=\"shipment of slitting machine\" width=\"497\" height=\"497\" srcset=\"https:\/\/plasticbagmachine.ae\/wp-content\/uploads\/2025\/03\/Price-Slitting-slitter-machine-near-us.webp 497w, https:\/\/plasticbagmachine.ae\/wp-content\/uploads\/2025\/03\/Price-Slitting-slitter-machine-near-us-300x300.webp 300w, https:\/\/plasticbagmachine.ae\/wp-content\/uploads\/2025\/03\/Price-Slitting-slitter-machine-near-us-150x150.webp 150w, https:\/\/plasticbagmachine.ae\/wp-content\/uploads\/2025\/03\/Price-Slitting-slitter-machine-near-us-430x430.webp 430w\" sizes=\"(max-width: 497px) 100vw, 497px\" \/><\/p>\n<p><img decoding=\"async\" src=\"https:\/\/plasticbagmachine.ae\/wp-content\/uploads\/2025\/05\/plasticbagmachinesolution.jpg\" alt=\"plastic bag machine solution\" width=\"500\" \/><\/p>\n<p><img decoding=\"async\" src=\"https:\/\/plasticbagmachine.ae\/wp-content\/uploads\/2025\/05\/shipmentplasticmachines.jpg\" alt=\"shipments plastic bag machines\" width=\"500\" \/><\/p>\n<\/div>\n<p>&nbsp;<\/p>\n<\/div>\n\t\t\t\t\t\t<\/div>\n\t\t\t\t<\/div>\n\t\t\t\t\t<\/div>\n\t\t\t\t<\/div>\n\t\t<div class=\"wd-negative-gap elementor-element elementor-element-36bc0412 e-flex e-con-boxed e-con e-parent\" data-id=\"36bc0412\" data-element_type=\"container\">\n\t\t\t\t\t<div class=\"e-con-inner\">\n\t\t\t\t<div class=\"elementor-element elementor-element-6ee4606c elementor-widget elementor-widget-heading\" data-id=\"6ee4606c\" data-element_type=\"widget\" data-widget_type=\"heading.default\">\n\t\t\t\t<div class=\"elementor-widget-container\">\n\t\t\t\t\t<h2 class=\"elementor-heading-title elementor-size-default\">instalment service<\/h2>\t\t\t\t<\/div>\n\t\t\t\t<\/div>\n\t\t\t\t\t<\/div>\n\t\t\t\t<\/div>\n\t\t<div class=\"wd-negative-gap elementor-element elementor-element-5f9c7164 e-flex e-con-boxed e-con e-parent\" data-id=\"5f9c7164\" data-element_type=\"container\">\n\t\t\t\t\t<div class=\"e-con-inner\">\n\t\t\t\t<div class=\"elementor-element elementor-element-67f25fae elementor-widget elementor-widget-heading\" data-id=\"67f25fae\" data-element_type=\"widget\" data-widget_type=\"heading.default\">\n\t\t\t\t<div class=\"elementor-widget-container\">\n\t\t\t\t\t<h2 class=\"elementor-heading-title elementor-size-default\">install machines in customer factory<div><p><img decoding=\"async\" src=\"https:\/\/plasticbagmachine.ae\/wp-content\/uploads\/2025\/05\/plastic-bag-machine-supplier.jpg\" alt=\"plastic bag machine supplier.jpg\"><\/p><p><img loading=\"lazy\" decoding=\"async\" src=\"https:\/\/plasticbagmachine.ae\/wp-content\/uploads\/2025\/05\/Plastic-bag-machine-factory.jpg\" alt=\"plastic bag machine factory\" width=\"489\" height=\"496\"><span style=\"font-family: Montserrat, Arial, Helvetica, sans-serif;font-size: 24px;font-style: normal;font-weight: 600\"><\/span><\/p><\/div><\/h2>\t\t\t\t<\/div>\n\t\t\t\t<\/div>\n\t\t\t\t\t<\/div>\n\t\t\t\t<\/div>\n\t\t<div class=\"wd-negative-gap elementor-element elementor-element-78a2983c e-flex e-con-boxed e-con e-parent\" data-id=\"78a2983c\" data-element_type=\"container\">\n\t\t\t\t\t<div class=\"e-con-inner\">\n\t\t\t\t<div class=\"elementor-element elementor-element-35a05473 elementor-widget elementor-widget-heading\" data-id=\"35a05473\" data-element_type=\"widget\" data-widget_type=\"heading.default\">\n\t\t\t\t<div class=\"elementor-widget-container\">\n\t\t\t\t\t<h2 class=\"elementor-heading-title elementor-size-default\">Machine parts supplier<\/h2>\t\t\t\t<\/div>\n\t\t\t\t<\/div>\n\t\t\t\t\t<\/div>\n\t\t\t\t<\/div>\n\t\t<div class=\"wd-negative-gap elementor-element elementor-element-cd03b2b e-flex e-con-boxed e-con e-parent\" data-id=\"cd03b2b\" data-element_type=\"container\">\n\t\t\t\t\t<div class=\"e-con-inner\">\n\t\t\t\t<div class=\"elementor-element elementor-element-1e4edd9f elementor-widget elementor-widget-heading\" data-id=\"1e4edd9f\" data-element_type=\"widget\" data-widget_type=\"heading.default\">\n\t\t\t\t<div class=\"elementor-widget-container\">\n\t\t\t\t\t<h2 class=\"elementor-heading-title elementor-size-default\"><p>Our Main parts cooperator as following brand,but standard parts all made from China.<\/p>\n<img decoding=\"async\" src=\"https:\/\/plasticbagmachine.ae\/wp-content\/uploads\/2025\/05\/machinepartssupplier.jpg\" alt=\"plastic bag machine parts solution\" width=\"500\" style=\"font-size: 24px\"><\/h2>\t\t\t\t<\/div>\n\t\t\t\t<\/div>\n\t\t\t\t\t<\/div>\n\t\t\t\t<\/div>\n\t\t<div class=\"wd-negative-gap elementor-element elementor-element-46290b9b e-flex e-con-boxed e-con e-parent\" data-id=\"46290b9b\" data-element_type=\"container\">\n\t\t\t\t\t<div class=\"e-con-inner\">\n\t\t\t\t<div class=\"elementor-element elementor-element-153a8806 elementor-widget elementor-widget-heading\" data-id=\"153a8806\" data-element_type=\"widget\" data-widget_type=\"heading.default\">\n\t\t\t\t<div class=\"elementor-widget-container\">\n\t\t\t\t\t<h2 class=\"elementor-heading-title elementor-size-default\">Material supplier<\/h2>\t\t\t\t<\/div>\n\t\t\t\t<\/div>\n\t\t\t\t\t<\/div>\n\t\t\t\t<\/div>\n\t\t<div class=\"wd-negative-gap elementor-element elementor-element-1eb880db e-flex e-con-boxed e-con e-parent\" data-id=\"1eb880db\" data-element_type=\"container\">\n\t\t\t\t\t<div class=\"e-con-inner\">\n\t\t\t\t<div class=\"elementor-element elementor-element-68ba8de elementor-widget elementor-widget-wd_text_block\" data-id=\"68ba8de\" data-element_type=\"widget\" data-widget_type=\"wd_text_block.default\">\n\t\t\t\t<div class=\"elementor-widget-container\">\n\t\t\t\t\t\t\t<div class=\"wd-text-block reset-last-child text-left\">\n\t\t\t\n\t\t\t<p>How To Find Polyethelene For Blown Film Extrusion.<br \/>Extrusion Film Extrusion use\u00a0Polyethelene,such as\u00a0<strong>\u00a0<\/strong><\/p><p><strong>Low Density Polyethylene(LDPE),High Density Polyethylene(HDPE) and\u00a0Linear Low Density Polyethylene(LLDPE),Polypropylene(PP).<\/strong><br \/>Below are big brand material supplier in the world,they open office all over the world,you can check them in local market.<br \/>1.<a href=\"http:\/\/www.sabic.com\/\" target=\"_blank\" rel=\"noopener\"><strong><u>Sabic Saudi Basic Industries Corporation<\/u><\/strong><\/a><br \/>2.<a href=\"http:\/\/www.exxonmobilchemical.com\/\" target=\"_blank\" rel=\"noopener\"><strong><u>ExxonMobil Chemical Company<\/u><\/strong><\/a><br \/>3.<a href=\"http:\/\/www.dow.com\/\" target=\"_blank\" rel=\"noopener\"><strong><u>Dow Chemical Company<\/u><\/strong><\/a><strong>\u00a0<\/strong><\/p><p><strong><img decoding=\"async\" src=\"https:\/\/shopic.mcmcclass.com\/20211128010926550748972.jpg\" alt=\"polyethylene-HDPE-LDPE-supplier.jpg\" width=\"500\" \/><\/strong><\/p>\n\t\t\t\t\t<\/div>\n\t\t\t\t\t\t<\/div>\n\t\t\t\t<\/div>\n\t\t\t\t\t<\/div>\n\t\t\t\t<\/div>\n\t\t\t\t<\/div>\n\t\t<\/span><\/p>\n<\/div>\n<\/div>\n","protected":false},"excerpt":{"rendered":"<p>\u062a\u0646\u0627\u0633\u0628 \u0622\u0644\u0629 \u0627\u0644\u062d\u0632 \u0644\u062a\u0642\u0637\u064a\u0639 \u0648\u0631\u0642 \u0627\u0644\u0644\u0641\u0627\u0626\u0641 \u0627\u0644\u0643\u0628\u064a\u0631\u0629 \u0625\u0644\u0649 \u0648\u0631\u0642 \u0644\u0641\u0627\u062a \u0635\u063a\u064a\u0631\u060c \u0648\u062a\u0646\u0627\u0633\u0628 \u0634\u0642 \u0627\u0644\u0641\u064a\u0644\u0645 \u0627\u0644\u0628\u0644\u0627\u0633\u062a\u064a\u0643\u064a\u060c \u0648\u0644\u0641\u0627\u0641\u0629 \u0627\u0644\u0648\u0631\u0642\u060c \u0648\u0631\u0642 \u0627\u0644\u0623\u0644\u0645\u0646\u064a\u0648\u0645\u060c \u0648\u0641\u064a\u0644\u0645 \u0627\u0644\u062a\u0645\u062f\u062f.<\/p>\n","protected":false},"featured_media":30246,"comment_status":"closed","ping_status":"closed","template":"","meta":{"_acf_changed":false,"_oss_video_url":""},"product_brand":[],"product_cat":[136],"product_tag":[],"class_list":{"0":"post-31423","1":"product","2":"type-product","3":"status-publish","4":"has-post-thumbnail","6":"product_cat-136","8":"first","9":"instock","10":"shipping-taxable","11":"product-type-simple"},"acf":[],"_links":{"self":[{"href":"https:\/\/plasticbagmachine.ae\/ar\/wp-json\/wp\/v2\/product\/31423","targetHints":{"allow":["GET"]}}],"collection":[{"href":"https:\/\/plasticbagmachine.ae\/ar\/wp-json\/wp\/v2\/product"}],"about":[{"href":"https:\/\/plasticbagmachine.ae\/ar\/wp-json\/wp\/v2\/types\/product"}],"replies":[{"embeddable":true,"href":"https:\/\/plasticbagmachine.ae\/ar\/wp-json\/wp\/v2\/comments?post=31423"}],"version-history":[{"count":0,"href":"https:\/\/plasticbagmachine.ae\/ar\/wp-json\/wp\/v2\/product\/31423\/revisions"}],"wp:featuredmedia":[{"embeddable":true,"href":"https:\/\/plasticbagmachine.ae\/ar\/wp-json\/wp\/v2\/media\/30246"}],"wp:attachment":[{"href":"https:\/\/plasticbagmachine.ae\/ar\/wp-json\/wp\/v2\/media?parent=31423"}],"wp:term":[{"taxonomy":"product_brand","embeddable":true,"href":"https:\/\/plasticbagmachine.ae\/ar\/wp-json\/wp\/v2\/product_brand?post=31423"},{"taxonomy":"product_cat","embeddable":true,"href":"https:\/\/plasticbagmachine.ae\/ar\/wp-json\/wp\/v2\/product_cat?post=31423"},{"taxonomy":"product_tag","embeddable":true,"href":"https:\/\/plasticbagmachine.ae\/ar\/wp-json\/wp\/v2\/product_tag?post=31423"}],"curies":[{"name":"wp","href":"https:\/\/api.w.org\/{rel}","templated":true}]}}